{"id":1407,"date":"2023-08-01T09:58:52","date_gmt":"2023-08-01T09:58:52","guid":{"rendered":"https:\/\/doubletrouble.blog\/de\/?post_type=product&#038;p=1407"},"modified":"2023-08-01T10:03:06","modified_gmt":"2023-08-01T10:03:06","slug":"boep-mineralische-baby-sonnencreme","status":"publish","type":"product","link":"https:\/\/kinderwelt.blog\/de\/product\/boep-mineralische-baby-sonnencreme\/","title":{"rendered":"boep mineralische Baby Sonnencreme"},"content":{"rendered":"<ul class=\"a-unordered-list a-vertical a-spacing-mini\">\n<li class=\"a-spacing-mini\"><span class=\"a-list-item\">\u2600\ufe0f ZUVERL\u00c4SSIGER SOFORTSCHUTZ: Der rein mineralische Zinkoxid-Filter sch\u00fctzt sofort nach dem Auftragen (ohne Einwirkzeit) zuverl\u00e4ssig vor UVA- und UVB-Strahlung.<\/span><\/li>\n<li class=\"a-spacing-mini\"><span class=\"a-list-item\">\ud83e\udeb8 REIN MINERALISCHER ZINKOXID-FILTER: Alle boep Sonnencremes verzichten auf synthetische UV-Filter (wie z.B. Octocrylen, Oxybenzon und Oxtinoxat) und sind konform mit dem Hawaii-Riffgesetz. Beim Baden im Meer mit unserer Sonnencreme brauchst Du also keine Bedenken um die Korallen haben.<\/span><\/li>\n<li class=\"a-spacing-mini\"><span class=\"a-list-item\">\ud83c\udf3f VEGAN &amp; NAT\u00dcRLICH: Wie all&#8216; unsere Pflege ist auch die Sonnencreme Sensitiv LSF50 vegan &amp; zertifizierte Naturkosmetik nach dem COSMOS NATURAL Standard.<\/span><\/li>\n<li class=\"a-spacing-mini\"><span class=\"a-list-item\">\ud83d\udc76\ud83c\udffc F\u00dcR NEUGEBORENE &amp; SCHWANGERE GEEIGNET: Die Sonnencreme Sensitiv LSF50 ist f\u00fcr die ganze Familie geeignet und kann auch schon ab dem 1. Monat bei Neugeborenen sowie in der Schwangerschaft und Stillzeit bedenkenlos verwendet werden.<\/span><\/li>\n<li class=\"a-spacing-mini\"><span class=\"a-list-item\">\u274c OHNE PARF\u00dcM: Die Sonnencreme Sensitiv verzichtet auf auf Parf\u00fcm und eignet sich f\u00fcr besonders empfindliche Haut \u2013 im Gesicht und am K\u00f6rper. Die Hautvertr\u00e4glichkeit wurde dermatologisch getestet und mit &#8222;sehr gut&#8220; bewertet.<\/span><\/li>\n<\/ul>\n","protected":false},"excerpt":{"rendered":"<p>\u2600\ufe0f ZUVERL\u00c4SSIGER SOFORTSCHUTZ: Der rein mineralische Zinkoxid-Filter sch\u00fctzt sofort nach dem Auftragen (ohne Einwirkzeit) zuverl\u00e4ssig vor UVA- und UVB-Strahlung. \ud83e\udeb8 REIN MINERALISCHER ZINKOXID-FILTER: Alle boep Sonnencremes verzichten auf synthetische UV-Filter (wie z.B. Octocrylen, Oxybenzon und Oxtinoxat) und sind konform mit dem Hawaii-Riffgesetz. Beim Baden im Meer mit unserer Sonnencreme brauchst Du also keine Bedenken um [&hellip;]<\/p>\n","protected":false},"featured_media":1408,"comment_status":"open","ping_status":"closed","template":"","meta":{"inline_featured_image":false},"product_brand":[],"product_cat":[36],"product_tag":[],"class_list":{"0":"post-1407","1":"product","2":"type-product","3":"status-publish","4":"has-post-thumbnail","6":"product_cat-care","8":"first","9":"instock","10":"shipping-taxable","11":"product-type-external"},"_links":{"self":[{"href":"https:\/\/kinderwelt.blog\/de\/wp-json\/wp\/v2\/product\/1407","targetHints":{"allow":["GET"]}}],"collection":[{"href":"https:\/\/kinderwelt.blog\/de\/wp-json\/wp\/v2\/product"}],"about":[{"href":"https:\/\/kinderwelt.blog\/de\/wp-json\/wp\/v2\/types\/product"}],"replies":[{"embeddable":true,"href":"https:\/\/kinderwelt.blog\/de\/wp-json\/wp\/v2\/comments?post=1407"}],"wp:featuredmedia":[{"embeddable":true,"href":"https:\/\/kinderwelt.blog\/de\/wp-json\/wp\/v2\/media\/1408"}],"wp:attachment":[{"href":"https:\/\/kinderwelt.blog\/de\/wp-json\/wp\/v2\/media?parent=1407"}],"wp:term":[{"taxonomy":"product_brand","embeddable":true,"href":"https:\/\/kinderwelt.blog\/de\/wp-json\/wp\/v2\/product_brand?post=1407"},{"taxonomy":"product_cat","embeddable":true,"href":"https:\/\/kinderwelt.blog\/de\/wp-json\/wp\/v2\/product_cat?post=1407"},{"taxonomy":"product_tag","embeddable":true,"href":"https:\/\/kinderwelt.blog\/de\/wp-json\/wp\/v2\/product_tag?post=1407"}],"curies":[{"name":"wp","href":"https:\/\/api.w.org\/{rel}","templated":true}]}}