{"id":1439,"date":"2023-08-05T19:00:10","date_gmt":"2023-08-05T19:00:10","guid":{"rendered":"https:\/\/doubletrouble.blog\/de\/?post_type=product&#038;p=1439"},"modified":"2023-08-05T19:01:21","modified_gmt":"2023-08-05T19:01:21","slug":"chicco-windeleimer","status":"publish","type":"product","link":"https:\/\/kinderwelt.blog\/de\/product\/chicco-windeleimer\/","title":{"rendered":"Chicco Windeleimer"},"content":{"rendered":"<ul class=\"a-unordered-list a-vertical a-spacing-mini\">\n<li class=\"a-spacing-mini\"><span class=\"a-list-item\">Windeleimer Mit Deckel: Der Windeleimer von Chicco ist ein praktisches und einfaches System zur Windelentsorgung<\/span><\/li>\n<li class=\"a-spacing-mini\"><span class=\"a-list-item\">Anti-Geruchssystem: Dank des patentierten Geruchsblockiersystems und der verwendeten innovativen Abdichtungen verhindert der Windeleimer das Austreten von Ger\u00fcchen<\/span><\/li>\n<li class=\"a-spacing-mini\"><span class=\"a-list-item\">Keine Speziellen Beutel Erforderlich<\/span><\/li>\n<li class=\"a-spacing-mini\"><span class=\"a-list-item\">Einfach Zu Benutzen: Der Chicco Windeleimer ist einfach zu benutzen und zu reinigen. Die Windel kann mit einer Hand in 3 einfachen Bewegungen entsorgt werden<\/span><\/li>\n<li class=\"a-spacing-mini\"><span class=\"a-list-item\">Kompakt: Der Windeleimer hat eine kompakte Gr\u00f6\u00dfe und ben\u00f6tigt nicht viel Platz<\/span><\/li>\n<li class=\"a-spacing-mini\"><span class=\"a-list-item\">Praktisches Babygeschenk: Der Chicco Windeleimer mit Deckel ist ein notwendiges Utensil f\u00fcr Babys<\/span><\/li>\n<\/ul>\n","protected":false},"excerpt":{"rendered":"<p>Windeleimer Mit Deckel: Der Windeleimer von Chicco ist ein praktisches und einfaches System zur Windelentsorgung Anti-Geruchssystem: Dank des patentierten Geruchsblockiersystems und der verwendeten innovativen Abdichtungen verhindert der Windeleimer das Austreten von Ger\u00fcchen Keine Speziellen Beutel Erforderlich Einfach Zu Benutzen: Der Chicco Windeleimer ist einfach zu benutzen und zu reinigen. Die Windel kann mit einer Hand [&hellip;]<\/p>\n","protected":false},"featured_media":1440,"comment_status":"open","ping_status":"closed","template":"","meta":{"inline_featured_image":false},"product_brand":[],"product_cat":[32],"product_tag":[],"class_list":{"0":"post-1439","1":"product","2":"type-product","3":"status-publish","4":"has-post-thumbnail","6":"product_cat-diapering","8":"first","9":"instock","10":"shipping-taxable","11":"product-type-external"},"_links":{"self":[{"href":"https:\/\/kinderwelt.blog\/de\/wp-json\/wp\/v2\/product\/1439","targetHints":{"allow":["GET"]}}],"collection":[{"href":"https:\/\/kinderwelt.blog\/de\/wp-json\/wp\/v2\/product"}],"about":[{"href":"https:\/\/kinderwelt.blog\/de\/wp-json\/wp\/v2\/types\/product"}],"replies":[{"embeddable":true,"href":"https:\/\/kinderwelt.blog\/de\/wp-json\/wp\/v2\/comments?post=1439"}],"wp:featuredmedia":[{"embeddable":true,"href":"https:\/\/kinderwelt.blog\/de\/wp-json\/wp\/v2\/media\/1440"}],"wp:attachment":[{"href":"https:\/\/kinderwelt.blog\/de\/wp-json\/wp\/v2\/media?parent=1439"}],"wp:term":[{"taxonomy":"product_brand","embeddable":true,"href":"https:\/\/kinderwelt.blog\/de\/wp-json\/wp\/v2\/product_brand?post=1439"},{"taxonomy":"product_cat","embeddable":true,"href":"https:\/\/kinderwelt.blog\/de\/wp-json\/wp\/v2\/product_cat?post=1439"},{"taxonomy":"product_tag","embeddable":true,"href":"https:\/\/kinderwelt.blog\/de\/wp-json\/wp\/v2\/product_tag?post=1439"}],"curies":[{"name":"wp","href":"https:\/\/api.w.org\/{rel}","templated":true}]}}