{"id":1461,"date":"2023-08-05T19:39:21","date_gmt":"2023-08-05T19:39:21","guid":{"rendered":"https:\/\/doubletrouble.blog\/de\/?post_type=product&#038;p=1461"},"modified":"2023-08-05T19:39:38","modified_gmt":"2023-08-05T19:39:38","slug":"tommee-tippee-windeleimer-twist-and-click","status":"publish","type":"product","link":"https:\/\/kinderwelt.blog\/de\/product\/tommee-tippee-windeleimer-twist-and-click\/","title":{"rendered":"Tommee Tippee Windeleimer Twist and Click"},"content":{"rendered":"<ul class=\"a-unordered-list a-vertical a-spacing-mini\">\n<li class=\"a-spacing-mini\"><span class=\"a-list-item\">Unschlagbarer Schutz gegen Ger\u00fcche \u2013 Die Windeln werden einzeln eingewickelt, sodass der unangenehme Geruch nicht entweichen k\u00f6nnen was 100-Mal effektiver als die Verwendung von traditionellen Windelbeuteln ist<\/span><\/li>\n<li class=\"a-spacing-mini\"><span class=\"a-list-item\">Garantierter Schutz gegen Keimen &#8211; Die antibakterielle Folie t\u00f6tet 99% aller gef\u00e4hrlicheen Keime wie Kolibakterien und Staphylococcus Aureus<\/span><\/li>\n<li class=\"a-spacing-mini\"><span class=\"a-list-item\">Platzsparend \u2013 Das Windelentsorgungssystem fasst bis zu 30 Windeln, was weniger Wege zur M\u00fclltonne bedeutet. Der flache Deckel \u00f6ffnet sich gegen die Wand, wodurch sich der Eimer einfach positionieren und verwenden l\u00e4sst<\/span><\/li>\n<li class=\"a-spacing-mini\"><span class=\"a-list-item\">Umweltfreundlich \u2013Um die Umweltbelastung zu reduzieren, bestehen alle Tommee Tippee Windeleimer-Nachf\u00fcllkassetten jetzt aus 98% recyceltem Kunststoff<\/span><\/li>\n<li class=\"a-spacing-mini\"><span class=\"a-list-item\">Stilvolles Design &#8211; Erh\u00e4ltlich in in Trendfarben und ist damit eine elegante Erg\u00e4nzung, die zu einem ordentlichen und geruchsfreien Zuhause beitr\u00e4gt<\/span><\/li>\n<\/ul>\n","protected":false},"excerpt":{"rendered":"<p>Unschlagbarer Schutz gegen Ger\u00fcche \u2013 Die Windeln werden einzeln eingewickelt, sodass der unangenehme Geruch nicht entweichen k\u00f6nnen was 100-Mal effektiver als die Verwendung von traditionellen Windelbeuteln ist Garantierter Schutz gegen Keimen &#8211; Die antibakterielle Folie t\u00f6tet 99% aller gef\u00e4hrlicheen Keime wie Kolibakterien und Staphylococcus Aureus Platzsparend \u2013 Das Windelentsorgungssystem fasst bis zu 30 Windeln, was [&hellip;]<\/p>\n","protected":false},"featured_media":1462,"comment_status":"open","ping_status":"closed","template":"","meta":{"inline_featured_image":false},"product_brand":[],"product_cat":[32],"product_tag":[],"class_list":{"0":"post-1461","1":"product","2":"type-product","3":"status-publish","4":"has-post-thumbnail","6":"product_cat-diapering","8":"first","9":"instock","10":"shipping-taxable","11":"product-type-external"},"_links":{"self":[{"href":"https:\/\/kinderwelt.blog\/de\/wp-json\/wp\/v2\/product\/1461","targetHints":{"allow":["GET"]}}],"collection":[{"href":"https:\/\/kinderwelt.blog\/de\/wp-json\/wp\/v2\/product"}],"about":[{"href":"https:\/\/kinderwelt.blog\/de\/wp-json\/wp\/v2\/types\/product"}],"replies":[{"embeddable":true,"href":"https:\/\/kinderwelt.blog\/de\/wp-json\/wp\/v2\/comments?post=1461"}],"wp:featuredmedia":[{"embeddable":true,"href":"https:\/\/kinderwelt.blog\/de\/wp-json\/wp\/v2\/media\/1462"}],"wp:attachment":[{"href":"https:\/\/kinderwelt.blog\/de\/wp-json\/wp\/v2\/media?parent=1461"}],"wp:term":[{"taxonomy":"product_brand","embeddable":true,"href":"https:\/\/kinderwelt.blog\/de\/wp-json\/wp\/v2\/product_brand?post=1461"},{"taxonomy":"product_cat","embeddable":true,"href":"https:\/\/kinderwelt.blog\/de\/wp-json\/wp\/v2\/product_cat?post=1461"},{"taxonomy":"product_tag","embeddable":true,"href":"https:\/\/kinderwelt.blog\/de\/wp-json\/wp\/v2\/product_tag?post=1461"}],"curies":[{"name":"wp","href":"https:\/\/api.w.org\/{rel}","templated":true}]}}