{"id":1463,"date":"2023-08-05T19:40:47","date_gmt":"2023-08-05T19:40:47","guid":{"rendered":"https:\/\/doubletrouble.blog\/de\/?post_type=product&#038;p=1463"},"modified":"2023-08-05T19:41:05","modified_gmt":"2023-08-05T19:41:05","slug":"tommee-tippee-nachfuellkassetten-fuer-twist-click","status":"publish","type":"product","link":"https:\/\/kinderwelt.blog\/de\/product\/tommee-tippee-nachfuellkassetten-fuer-twist-click\/","title":{"rendered":"Tommee Tippee Nachf\u00fcllkassetten f\u00fcr Twist &#038; Click"},"content":{"rendered":"<ul class=\"a-unordered-list a-vertical a-spacing-mini\">\n<li class=\"a-spacing-mini\"><span class=\"a-list-item\">Garantierter Schutz vor Ger\u00fcchen: die Windeln werden einzeln eingedreht, sodass unangenehme Ger\u00fcche nicht nach au\u00dfen dringen k\u00f6nnen 100-mal wirksamer als herk\u00f6mmliche Windelbeutel<\/span><\/li>\n<li class=\"a-spacing-mini\"><span class=\"a-list-item\">Garantierter Schutz vor Keimen: bei Ber\u00fchrung t\u00f6tet die mehrlagige antibakterielle greenfilm-folie 99 Percentage aller gef\u00e4hrlichen Keime wie einer coli und staphylococcus aureus ab<\/span><\/li>\n<li class=\"a-spacing-mini\"><span class=\"a-list-item\">Jetzt noch umweltfreundlicher: Unsere Twist and Click Nachf\u00fcllkassetten werden aus 98 Percentage recyceltem und vollst\u00e4ndig recyclebarem Plastik hergestellt<\/span><\/li>\n<li class=\"a-spacing-mini\"><span class=\"a-list-item\">Optimaler Schutz: f\u00fcr eine optimale Funktion und garantierten Schutz vor Ger\u00fcchen und Keimen solltest Du f\u00fcr deinen Twist and Click Windeleimer nur original Twist and Click Nachf\u00fcllkassetten verwenden<\/span><\/li>\n<li class=\"a-spacing-mini\"><span class=\"a-list-item\">Twist and Click und Sangenic Tec Die Twist and Click Nachf\u00fcllkassetten von Tommee Tippee sind f\u00fcr alle Twist windelentsorgungssysteme von Tommee Tippee geeignet: Twist and Click und Sangenic Tec<\/span><\/li>\n<\/ul>\n","protected":false},"excerpt":{"rendered":"<p>Garantierter Schutz vor Ger\u00fcchen: die Windeln werden einzeln eingedreht, sodass unangenehme Ger\u00fcche nicht nach au\u00dfen dringen k\u00f6nnen 100-mal wirksamer als herk\u00f6mmliche Windelbeutel Garantierter Schutz vor Keimen: bei Ber\u00fchrung t\u00f6tet die mehrlagige antibakterielle greenfilm-folie 99 Percentage aller gef\u00e4hrlichen Keime wie einer coli und staphylococcus aureus ab Jetzt noch umweltfreundlicher: Unsere Twist and Click Nachf\u00fcllkassetten werden aus [&hellip;]<\/p>\n","protected":false},"featured_media":1464,"comment_status":"open","ping_status":"closed","template":"","meta":{"inline_featured_image":false},"product_brand":[],"product_cat":[32],"product_tag":[],"class_list":{"0":"post-1463","1":"product","2":"type-product","3":"status-publish","4":"has-post-thumbnail","6":"product_cat-diapering","8":"first","9":"instock","10":"shipping-taxable","11":"product-type-external"},"_links":{"self":[{"href":"https:\/\/kinderwelt.blog\/de\/wp-json\/wp\/v2\/product\/1463","targetHints":{"allow":["GET"]}}],"collection":[{"href":"https:\/\/kinderwelt.blog\/de\/wp-json\/wp\/v2\/product"}],"about":[{"href":"https:\/\/kinderwelt.blog\/de\/wp-json\/wp\/v2\/types\/product"}],"replies":[{"embeddable":true,"href":"https:\/\/kinderwelt.blog\/de\/wp-json\/wp\/v2\/comments?post=1463"}],"wp:featuredmedia":[{"embeddable":true,"href":"https:\/\/kinderwelt.blog\/de\/wp-json\/wp\/v2\/media\/1464"}],"wp:attachment":[{"href":"https:\/\/kinderwelt.blog\/de\/wp-json\/wp\/v2\/media?parent=1463"}],"wp:term":[{"taxonomy":"product_brand","embeddable":true,"href":"https:\/\/kinderwelt.blog\/de\/wp-json\/wp\/v2\/product_brand?post=1463"},{"taxonomy":"product_cat","embeddable":true,"href":"https:\/\/kinderwelt.blog\/de\/wp-json\/wp\/v2\/product_cat?post=1463"},{"taxonomy":"product_tag","embeddable":true,"href":"https:\/\/kinderwelt.blog\/de\/wp-json\/wp\/v2\/product_tag?post=1463"}],"curies":[{"name":"wp","href":"https:\/\/api.w.org\/{rel}","templated":true}]}}