{"id":1633,"date":"2023-08-26T06:22:21","date_gmt":"2023-08-26T06:22:21","guid":{"rendered":"https:\/\/doubletrouble.blog\/de\/?post_type=product&#038;p=1633"},"modified":"2023-08-26T07:37:10","modified_gmt":"2023-08-26T07:37:10","slug":"planschbecken-peppa-pig-aufblasbar-122-x-23-cm","status":"publish","type":"product","link":"https:\/\/kinderwelt.blog\/de\/product\/planschbecken-peppa-pig-aufblasbar-122-x-23-cm\/","title":{"rendered":"Planschbecken Babypool Peppa Pig aufblasbar 122 x 23 cm"},"content":{"rendered":"<p>Toller Spiel- und Planschspa\u00df f\u00fcr Kinder.<\/p>\n<p>Sch\u00f6nes Peppa Pig Planschbecken zum Aufstellen im Garten und Hof.<\/p>\n<p>Ma\u00dfe ca. 122 x 23 cm<\/p>\n<p>Der 3-Ring Pool eignet sich perfekt f\u00fcr Babys, Kinder und Kleinkinder &#8211; ideal zur Abk\u00fchlung an hei\u00dfen Sommertagen.<\/p>\n<p>Leichtes Aufpumpen und Entleeren des Beckens dank des verbesserten Ventil.<\/p>\n<p>Lassen Sie ihr Kind nicht unbeaufsichtigt im Pool. Gefahr durch ertrinken kann bereits bei kleinen Wassermengen entstehen.<\/p>\n<p>Wechseln Sie regelm\u00e4\u00dfig das Wasser. Besonders an hei\u00dfen Tagen oder wenn es deutlich verschmutzt ist.<\/p>\n<p><u>Lieferumfang:<\/u><\/p>\n<p>1 x aufblasbarer Kinderpool Peppa Wutz &#8211; aufgeblasen ca. 122&#215;23 cm &#8211; unaufgeblasen ca. 117&#215;30 cm<\/p>\n","protected":false},"excerpt":{"rendered":"<p>Toller Spiel- und Planschspa\u00df f\u00fcr Kinder. Sch\u00f6nes Peppa Pig Planschbecken zum Aufstellen im Garten und Hof. Ma\u00dfe ca. 122 x 23 cm Der 3-Ring Pool eignet sich perfekt f\u00fcr Babys, Kinder und Kleinkinder &#8211; ideal zur Abk\u00fchlung an hei\u00dfen Sommertagen. Leichtes Aufpumpen und Entleeren des Beckens dank des verbesserten Ventil. Lassen Sie ihr Kind nicht [&hellip;]<\/p>\n","protected":false},"featured_media":1634,"comment_status":"open","ping_status":"closed","template":"","meta":{"inline_featured_image":false},"product_brand":[],"product_cat":[38],"product_tag":[],"class_list":{"0":"post-1633","1":"product","2":"type-product","3":"status-publish","4":"has-post-thumbnail","6":"product_cat-play","8":"first","9":"instock","10":"shipping-taxable","11":"product-type-external"},"_links":{"self":[{"href":"https:\/\/kinderwelt.blog\/de\/wp-json\/wp\/v2\/product\/1633","targetHints":{"allow":["GET"]}}],"collection":[{"href":"https:\/\/kinderwelt.blog\/de\/wp-json\/wp\/v2\/product"}],"about":[{"href":"https:\/\/kinderwelt.blog\/de\/wp-json\/wp\/v2\/types\/product"}],"replies":[{"embeddable":true,"href":"https:\/\/kinderwelt.blog\/de\/wp-json\/wp\/v2\/comments?post=1633"}],"wp:featuredmedia":[{"embeddable":true,"href":"https:\/\/kinderwelt.blog\/de\/wp-json\/wp\/v2\/media\/1634"}],"wp:attachment":[{"href":"https:\/\/kinderwelt.blog\/de\/wp-json\/wp\/v2\/media?parent=1633"}],"wp:term":[{"taxonomy":"product_brand","embeddable":true,"href":"https:\/\/kinderwelt.blog\/de\/wp-json\/wp\/v2\/product_brand?post=1633"},{"taxonomy":"product_cat","embeddable":true,"href":"https:\/\/kinderwelt.blog\/de\/wp-json\/wp\/v2\/product_cat?post=1633"},{"taxonomy":"product_tag","embeddable":true,"href":"https:\/\/kinderwelt.blog\/de\/wp-json\/wp\/v2\/product_tag?post=1633"}],"curies":[{"name":"wp","href":"https:\/\/api.w.org\/{rel}","templated":true}]}}