{"id":1675,"date":"2023-09-02T14:24:20","date_gmt":"2023-09-02T14:24:20","guid":{"rendered":"https:\/\/doubletrouble.blog\/de\/?post_type=product&#038;p=1675"},"modified":"2023-09-02T14:24:23","modified_gmt":"2023-09-02T14:24:23","slug":"baby-hueftsitz","status":"publish","type":"product","link":"https:\/\/kinderwelt.blog\/de\/product\/baby-hueftsitz\/","title":{"rendered":"Baby H\u00fcftsitz"},"content":{"rendered":"<p>Machen Sie es Ihrem Kind bequem und sorgen Sie f\u00fcr einen sicheren, aber dennoch lockeren Halt, damit sich Ihr Kind mit Ihnen in seinen Armen noch wohler und sicherer f\u00fchlt.<\/p>\n<p>Schonen Sie Ihren R\u00fccken durch eine ergonomische Haltung und Sie werden nach einem langen Tag mit Ihrem Kind keine R\u00fcckenschmerzen mehr haben.<\/p>\n<p>Verst\u00e4rkter Sitzbereich, der Ihrem Kind hilft, stabil und sicher zu sitzen, sodass Ihr Kind nicht herausfallen kann und Sie immer die Kontrolle haben.<\/p>\n<p>Zus\u00e4tzlich integrierter Stauraum, der es Ihnen erm\u00f6glicht, unterwegs alles dabei zu haben, was Sie brauchen, sodass Sie Wasserflasche, Windel oder sogar ein Spucktuch sofort zur Hand haben.<\/p>\n<p>Entdecken Sie das wundersch\u00f6ne Design, das Ihnen durch das schlichte Design ein gutes Aussehen erm\u00f6glicht und Sie unterwegs mit einer sch\u00f6nen multifunktionalen G\u00fcrteltasche umgibt, die Sie nicht wie gew\u00f6hnliche \u201eBabytragen\u201c abnehmen m\u00fcssen, wenn das Kind nicht getragen wird.<\/p>\n","protected":false},"excerpt":{"rendered":"<p>Machen Sie es Ihrem Kind bequem und sorgen Sie f\u00fcr einen sicheren, aber dennoch lockeren Halt, damit sich Ihr Kind mit Ihnen in seinen Armen noch wohler und sicherer f\u00fchlt. Schonen Sie Ihren R\u00fccken durch eine ergonomische Haltung und Sie werden nach einem langen Tag mit Ihrem Kind keine R\u00fcckenschmerzen mehr haben. Verst\u00e4rkter Sitzbereich, der [&hellip;]<\/p>\n","protected":false},"featured_media":1676,"comment_status":"open","ping_status":"closed","template":"","meta":{"inline_featured_image":false},"product_brand":[],"product_cat":[34],"product_tag":[],"class_list":{"0":"post-1675","1":"product","2":"type-product","3":"status-publish","4":"has-post-thumbnail","6":"product_cat-carrier","8":"first","9":"instock","10":"shipping-taxable","11":"product-type-external"},"_links":{"self":[{"href":"https:\/\/kinderwelt.blog\/de\/wp-json\/wp\/v2\/product\/1675","targetHints":{"allow":["GET"]}}],"collection":[{"href":"https:\/\/kinderwelt.blog\/de\/wp-json\/wp\/v2\/product"}],"about":[{"href":"https:\/\/kinderwelt.blog\/de\/wp-json\/wp\/v2\/types\/product"}],"replies":[{"embeddable":true,"href":"https:\/\/kinderwelt.blog\/de\/wp-json\/wp\/v2\/comments?post=1675"}],"wp:featuredmedia":[{"embeddable":true,"href":"https:\/\/kinderwelt.blog\/de\/wp-json\/wp\/v2\/media\/1676"}],"wp:attachment":[{"href":"https:\/\/kinderwelt.blog\/de\/wp-json\/wp\/v2\/media?parent=1675"}],"wp:term":[{"taxonomy":"product_brand","embeddable":true,"href":"https:\/\/kinderwelt.blog\/de\/wp-json\/wp\/v2\/product_brand?post=1675"},{"taxonomy":"product_cat","embeddable":true,"href":"https:\/\/kinderwelt.blog\/de\/wp-json\/wp\/v2\/product_cat?post=1675"},{"taxonomy":"product_tag","embeddable":true,"href":"https:\/\/kinderwelt.blog\/de\/wp-json\/wp\/v2\/product_tag?post=1675"}],"curies":[{"name":"wp","href":"https:\/\/api.w.org\/{rel}","templated":true}]}}