{"id":1683,"date":"2023-09-02T15:08:36","date_gmt":"2023-09-02T15:08:36","guid":{"rendered":"https:\/\/doubletrouble.blog\/de\/?post_type=product&#038;p=1683"},"modified":"2023-09-02T15:09:25","modified_gmt":"2023-09-02T15:09:25","slug":"schulter-tragegurt-bzw-tragetuch","status":"publish","type":"product","link":"https:\/\/kinderwelt.blog\/de\/product\/schulter-tragegurt-bzw-tragetuch\/","title":{"rendered":"Schulter Tragegurt bzw. Tragetuch"},"content":{"rendered":"<p class=\"a-spacing-base\">Produktvorteile:<\/p>\n<ul class=\"a-unordered-list a-vertical\">\n<li><span class=\"a-list-item\">tragetuch baby mit strapazierf\u00e4higer Schnalle und doppeltem Sicherheitsdesign f\u00fcr die Sicherheit des Babys, einfache Montage und freie H\u00e4nde<\/span><\/li>\n<li><span class=\"a-list-item\">Die babytragetuch ist ergonomisch und verteilt das Gewicht des Babys gleichm\u00e4\u00dfig, um eine gesunde H\u00fcftentwicklung zu gew\u00e4hrleisten.<\/span><\/li>\n<li><span class=\"a-list-item\">Die baby wrap carrier besteht aus weichem, hautfreundlichem und atmungsaktivem Stoff und ist zu allen Jahreszeiten bequem.<\/span><\/li>\n<li><span class=\"a-list-item\">Die breiteren und dickeren Schultergurte verhindern Erm\u00fcdung oder Verletzungen auch nach l\u00e4ngerem Tragen.<\/span><\/li>\n<\/ul>\n<p class=\"a-spacing-base\">Produktspezifikationen:<\/p>\n<ul class=\"a-unordered-list a-vertical\">\n<li><span class=\"a-list-item\">Verstellbar: Ja<\/span><\/li>\n<li><span class=\"a-list-item\">Farbe: grau<\/span><\/li>\n<li><span class=\"a-list-item\">Geeignet f\u00fcr: Kinder von 3,6kg bis 15kg (Kleinkinder 0-36 Monate)<\/span><\/li>\n<li><span class=\"a-list-item\">Verschlusstyp: Schnallen-Verschluss<\/span><\/li>\n<li><span class=\"a-list-item\">Material: Polyester, Baumwolle<\/span><\/li>\n<li><span class=\"a-list-item\">Gr\u00f6\u00dfe: 18,6D x 12,3W x 7,3H cm<\/span><\/li>\n<li><span class=\"a-list-item\">Gewicht: 0,49 Unzen<\/span><\/li>\n<li><span class=\"a-list-item\">Pflege und Reinigung: Maschinenw\u00e4sche<\/span><\/li>\n<\/ul>\n","protected":false},"excerpt":{"rendered":"<p>Produktvorteile: tragetuch baby mit strapazierf\u00e4higer Schnalle und doppeltem Sicherheitsdesign f\u00fcr die Sicherheit des Babys, einfache Montage und freie H\u00e4nde Die babytragetuch ist ergonomisch und verteilt das Gewicht des Babys gleichm\u00e4\u00dfig, um eine gesunde H\u00fcftentwicklung zu gew\u00e4hrleisten. Die baby wrap carrier besteht aus weichem, hautfreundlichem und atmungsaktivem Stoff und ist zu allen Jahreszeiten bequem. Die breiteren [&hellip;]<\/p>\n","protected":false},"featured_media":1684,"comment_status":"open","ping_status":"closed","template":"","meta":{"inline_featured_image":false},"product_brand":[],"product_cat":[34],"product_tag":[],"class_list":{"0":"post-1683","1":"product","2":"type-product","3":"status-publish","4":"has-post-thumbnail","6":"product_cat-carrier","8":"first","9":"instock","10":"shipping-taxable","11":"product-type-external"},"_links":{"self":[{"href":"https:\/\/kinderwelt.blog\/de\/wp-json\/wp\/v2\/product\/1683","targetHints":{"allow":["GET"]}}],"collection":[{"href":"https:\/\/kinderwelt.blog\/de\/wp-json\/wp\/v2\/product"}],"about":[{"href":"https:\/\/kinderwelt.blog\/de\/wp-json\/wp\/v2\/types\/product"}],"replies":[{"embeddable":true,"href":"https:\/\/kinderwelt.blog\/de\/wp-json\/wp\/v2\/comments?post=1683"}],"wp:featuredmedia":[{"embeddable":true,"href":"https:\/\/kinderwelt.blog\/de\/wp-json\/wp\/v2\/media\/1684"}],"wp:attachment":[{"href":"https:\/\/kinderwelt.blog\/de\/wp-json\/wp\/v2\/media?parent=1683"}],"wp:term":[{"taxonomy":"product_brand","embeddable":true,"href":"https:\/\/kinderwelt.blog\/de\/wp-json\/wp\/v2\/product_brand?post=1683"},{"taxonomy":"product_cat","embeddable":true,"href":"https:\/\/kinderwelt.blog\/de\/wp-json\/wp\/v2\/product_cat?post=1683"},{"taxonomy":"product_tag","embeddable":true,"href":"https:\/\/kinderwelt.blog\/de\/wp-json\/wp\/v2\/product_tag?post=1683"}],"curies":[{"name":"wp","href":"https:\/\/api.w.org\/{rel}","templated":true}]}}