{"id":173,"date":"2023-06-04T20:25:46","date_gmt":"2023-06-04T20:25:46","guid":{"rendered":"https:\/\/doubletrouble.blog\/de\/?post_type=product&#038;p=173"},"modified":"2023-07-05T18:27:24","modified_gmt":"2023-07-05T18:27:24","slug":"beurer-babywaage","status":"publish","type":"product","link":"https:\/\/kinderwelt.blog\/de\/product\/beurer-babywaage\/","title":{"rendered":"Beurer Babywaage"},"content":{"rendered":"<ul>\n<li>EINFACHE ANWENDUNG: Die Gewichtskontrolle Ihres Babys wird zum Kinderspiel &#8211; dank der gew\u00f6lbten Wiegefl\u00e4che und der Holdfunktion erhalten Sie auch bei strampelnden Babys ein genaues Ergebnis &#8211; auch Haustiere k\u00f6nnen leicht mit der Waage gewogen werden<\/li>\n<li>KOMFORTABLER GEBRAUCH: Dank der Tara-Zuwiegefunktion k\u00f6nnen Sie die Wiegefl\u00e4che mit einer Decke auslegen und dann das Gewicht Ihres Kindes messen, Abschaltautomatik erfolgt 20 Sekunden nach der letzten Messung<\/li>\n<li>\u00dcBERSICHTLICHES DISPLAY: Das gut lesbare, 75 x 30 mm gro\u00dfe LCD-Display zeigt die Messungen in 23 mm gro\u00dfen Ziffern an, die Einheit l\u00e4sst sich auf kg\/lb\/ oz umstellen<\/li>\n<li>GENAUE MESSUNG: F\u00fcr eine genaue Erfassung des Gewichts wird es 5 g-Schritten angezeigt, die Waage besitzt eine maximale Tragkraft von bis zu 20 kg<\/li>\n<li>PRAKTISCHE HANDHABUNG: Die digitale Babywaage ist einfach zu reinigen, mit rutschfesten und abriebsicheren Gummif\u00fc\u00dfen f\u00fcr einen festen Stand, 2xAA Batterien sind im Lieferumfang enthalten<\/li>\n<li>Um die Babywaage einzuschalten, dr\u00fccken Sie die EIN\/AUS\/TARA-Taste . Sobald\u201e0.000 kg\u201c auf dem Display erscheint, ist die Babywaage f\u00fcr die Messung bereit.<\/li>\n<li>HINWEIS: Bitte beachten Sie, dass unsere Waage BY 80 \u00fcber kein Bluetooth-Modul verf\u00fcgt und daher nicht in der App gekoppelt werden kann.<\/li>\n<\/ul>\n","protected":false},"excerpt":{"rendered":"<p>EINFACHE ANWENDUNG: Die Gewichtskontrolle Ihres Babys wird zum Kinderspiel &#8211; dank der gew\u00f6lbten Wiegefl\u00e4che und der Holdfunktion erhalten Sie auch bei strampelnden Babys ein genaues Ergebnis &#8211; auch Haustiere k\u00f6nnen leicht mit der Waage gewogen werden KOMFORTABLER GEBRAUCH: Dank der Tara-Zuwiegefunktion k\u00f6nnen Sie die Wiegefl\u00e4che mit einer Decke auslegen und dann das Gewicht Ihres Kindes [&hellip;]<\/p>\n","protected":false},"featured_media":174,"comment_status":"open","ping_status":"closed","template":"","meta":{"inline_featured_image":false},"product_brand":[],"product_cat":[21],"product_tag":[],"class_list":{"0":"post-173","1":"product","2":"type-product","3":"status-publish","4":"has-post-thumbnail","6":"product_cat-measure","8":"first","9":"instock","10":"shipping-taxable","11":"product-type-external"},"_links":{"self":[{"href":"https:\/\/kinderwelt.blog\/de\/wp-json\/wp\/v2\/product\/173","targetHints":{"allow":["GET"]}}],"collection":[{"href":"https:\/\/kinderwelt.blog\/de\/wp-json\/wp\/v2\/product"}],"about":[{"href":"https:\/\/kinderwelt.blog\/de\/wp-json\/wp\/v2\/types\/product"}],"replies":[{"embeddable":true,"href":"https:\/\/kinderwelt.blog\/de\/wp-json\/wp\/v2\/comments?post=173"}],"wp:featuredmedia":[{"embeddable":true,"href":"https:\/\/kinderwelt.blog\/de\/wp-json\/wp\/v2\/media\/174"}],"wp:attachment":[{"href":"https:\/\/kinderwelt.blog\/de\/wp-json\/wp\/v2\/media?parent=173"}],"wp:term":[{"taxonomy":"product_brand","embeddable":true,"href":"https:\/\/kinderwelt.blog\/de\/wp-json\/wp\/v2\/product_brand?post=173"},{"taxonomy":"product_cat","embeddable":true,"href":"https:\/\/kinderwelt.blog\/de\/wp-json\/wp\/v2\/product_cat?post=173"},{"taxonomy":"product_tag","embeddable":true,"href":"https:\/\/kinderwelt.blog\/de\/wp-json\/wp\/v2\/product_tag?post=173"}],"curies":[{"name":"wp","href":"https:\/\/api.w.org\/{rel}","templated":true}]}}