{"id":179,"date":"2023-06-04T20:36:54","date_gmt":"2023-06-04T20:36:54","guid":{"rendered":"https:\/\/doubletrouble.blog\/de\/?post_type=product&#038;p=179"},"modified":"2023-07-05T18:37:24","modified_gmt":"2023-07-05T18:37:24","slug":"tp-link-tapo-c110-security-kamera","status":"publish","type":"product","link":"https:\/\/kinderwelt.blog\/de\/product\/tp-link-tapo-c110-security-kamera\/","title":{"rendered":"TP-Link Tapo C110 Security Kamera"},"content":{"rendered":"<ul>\n<li>[Hochwertige Videoqualit\u00e4t] &#8211; Nachtsicht bis zu 8 Meter, 3-Megapixel-Aufl\u00f6sung f\u00fcr scharfe und klare Bilder<\/li>\n<li>[Bewegungserkennung] &#8211; Erhalten Sie sofort Push-Benachrichtigungen von der App, wenn Bewegung abgefangen wird<\/li>\n<li>[Integrierter akustischer Alarm und Lichtalarm] \u2014 L\u00f6st einen Ton- oder Lichteffekt aus, um ungebetene Besucher abzuschrecken<\/li>\n<li>[Zweiwege-Audio] \u2014 Zweiwege-Audio zur Kommunikation mit Personen in der N\u00e4he der Kamera<\/li>\n<li>[Datenspeicher] \u2014 Unterst\u00fctzung f\u00fcr microSD-Karten mit bis zu 256 GB (512 Stunden Aufzeichnungen, basierend auf Labortests)<\/li>\n<li>[Sprachsteuerung] &#8211; Kompatibel mit Amazon Alexa und Google Assistant zur Steuerung der Kamera \u00fcber einfache Sprachbefehle<\/li>\n<li>[Tapo Care] &#8211; Genie\u00dfen Sie Cloud-Speicher, Personenverfolgung, Babyweinverfolgung, Snapshot-Benachrichtigungen und andere erweiterte Funktionen mit einem Tapo-Abonnement. Ein kostenloses 30-Tage-Testabonnement ist im Kauf enthalten<\/li>\n<li>Technisch beachten Sie 2K=3MP<\/li>\n<\/ul>\n","protected":false},"excerpt":{"rendered":"<p>[Hochwertige Videoqualit\u00e4t] &#8211; Nachtsicht bis zu 8 Meter, 3-Megapixel-Aufl\u00f6sung f\u00fcr scharfe und klare Bilder [Bewegungserkennung] &#8211; Erhalten Sie sofort Push-Benachrichtigungen von der App, wenn Bewegung abgefangen wird [Integrierter akustischer Alarm und Lichtalarm] \u2014 L\u00f6st einen Ton- oder Lichteffekt aus, um ungebetene Besucher abzuschrecken [Zweiwege-Audio] \u2014 Zweiwege-Audio zur Kommunikation mit Personen in der N\u00e4he der Kamera [&hellip;]<\/p>\n","protected":false},"featured_media":180,"comment_status":"open","ping_status":"closed","template":"","meta":{"inline_featured_image":false},"product_brand":[],"product_cat":[22],"product_tag":[],"class_list":{"0":"post-179","1":"product","2":"type-product","3":"status-publish","4":"has-post-thumbnail","6":"product_cat-electronics","8":"first","9":"instock","10":"shipping-taxable","11":"product-type-external"},"_links":{"self":[{"href":"https:\/\/kinderwelt.blog\/de\/wp-json\/wp\/v2\/product\/179","targetHints":{"allow":["GET"]}}],"collection":[{"href":"https:\/\/kinderwelt.blog\/de\/wp-json\/wp\/v2\/product"}],"about":[{"href":"https:\/\/kinderwelt.blog\/de\/wp-json\/wp\/v2\/types\/product"}],"replies":[{"embeddable":true,"href":"https:\/\/kinderwelt.blog\/de\/wp-json\/wp\/v2\/comments?post=179"}],"wp:featuredmedia":[{"embeddable":true,"href":"https:\/\/kinderwelt.blog\/de\/wp-json\/wp\/v2\/media\/180"}],"wp:attachment":[{"href":"https:\/\/kinderwelt.blog\/de\/wp-json\/wp\/v2\/media?parent=179"}],"wp:term":[{"taxonomy":"product_brand","embeddable":true,"href":"https:\/\/kinderwelt.blog\/de\/wp-json\/wp\/v2\/product_brand?post=179"},{"taxonomy":"product_cat","embeddable":true,"href":"https:\/\/kinderwelt.blog\/de\/wp-json\/wp\/v2\/product_cat?post=179"},{"taxonomy":"product_tag","embeddable":true,"href":"https:\/\/kinderwelt.blog\/de\/wp-json\/wp\/v2\/product_tag?post=179"}],"curies":[{"name":"wp","href":"https:\/\/api.w.org\/{rel}","templated":true}]}}