{"id":185,"date":"2023-06-04T20:45:06","date_gmt":"2023-06-04T20:45:06","guid":{"rendered":"https:\/\/doubletrouble.blog\/de\/?post_type=product&#038;p=185"},"modified":"2023-07-05T18:36:50","modified_gmt":"2023-07-05T18:36:50","slug":"stokke-sleepi","status":"publish","type":"product","link":"https:\/\/kinderwelt.blog\/de\/product\/stokke-sleepi\/","title":{"rendered":"Stokke Sleepi"},"content":{"rendered":"<ul>\n<li>Flexibler Begleiter von Geburt an bis ins Kindesalter: Das wandlungsf\u00e4hige STOKKE Sleepi Holzbett l\u00e4sst sich ganz einfach erweitern, sollte seine Gr\u00f6\u00dfe irgendwann nicht mehr ausreichen<\/li>\n<li>Das Sleepi Mini eignet sich f\u00fcr Kinder von 0 bis ca. 6 Monaten Mit dem separat erh\u00e4ltlichen Umbaus\u00e4tzen sogar bis zu 10 Jahre &#8211; so kann man an diesem M\u00f6belst\u00fcck jahrelang seine Freude haben!<\/li>\n<li>Die ovale Form des Sleepi Mini ist wie ein Nest, in dem sich jedes Baby wohlf\u00fchlen kann \/ Der h\u00f6henverstellbare Matratzenboden und die abnehmbaren Seitengitter sorgen f\u00fcr maximale Flexibilit\u00e4t<\/li>\n<li>Das stabile Bett ist aus best\u00e4ndigem, massivem Buchenholz gefertigt \/ Die PU-Schaummatratze ist druckfest sowie hypoallergen und wird mit einem abnehmbaren Bezug geliefert<\/li>\n<\/ul>\n","protected":false},"excerpt":{"rendered":"<p>Flexibler Begleiter von Geburt an bis ins Kindesalter: Das wandlungsf\u00e4hige STOKKE Sleepi Holzbett l\u00e4sst sich ganz einfach erweitern, sollte seine Gr\u00f6\u00dfe irgendwann nicht mehr ausreichen Das Sleepi Mini eignet sich f\u00fcr Kinder von 0 bis ca. 6 Monaten Mit dem separat erh\u00e4ltlichen Umbaus\u00e4tzen sogar bis zu 10 Jahre &#8211; so kann man an diesem M\u00f6belst\u00fcck [&hellip;]<\/p>\n","protected":false},"featured_media":186,"comment_status":"open","ping_status":"closed","template":"","meta":{"inline_featured_image":false},"product_brand":[],"product_cat":[23],"product_tag":[],"class_list":{"0":"post-185","1":"product","2":"type-product","3":"status-publish","4":"has-post-thumbnail","6":"product_cat-sleep","8":"first","9":"instock","10":"shipping-taxable","11":"product-type-external"},"_links":{"self":[{"href":"https:\/\/kinderwelt.blog\/de\/wp-json\/wp\/v2\/product\/185","targetHints":{"allow":["GET"]}}],"collection":[{"href":"https:\/\/kinderwelt.blog\/de\/wp-json\/wp\/v2\/product"}],"about":[{"href":"https:\/\/kinderwelt.blog\/de\/wp-json\/wp\/v2\/types\/product"}],"replies":[{"embeddable":true,"href":"https:\/\/kinderwelt.blog\/de\/wp-json\/wp\/v2\/comments?post=185"}],"wp:featuredmedia":[{"embeddable":true,"href":"https:\/\/kinderwelt.blog\/de\/wp-json\/wp\/v2\/media\/186"}],"wp:attachment":[{"href":"https:\/\/kinderwelt.blog\/de\/wp-json\/wp\/v2\/media?parent=185"}],"wp:term":[{"taxonomy":"product_brand","embeddable":true,"href":"https:\/\/kinderwelt.blog\/de\/wp-json\/wp\/v2\/product_brand?post=185"},{"taxonomy":"product_cat","embeddable":true,"href":"https:\/\/kinderwelt.blog\/de\/wp-json\/wp\/v2\/product_cat?post=185"},{"taxonomy":"product_tag","embeddable":true,"href":"https:\/\/kinderwelt.blog\/de\/wp-json\/wp\/v2\/product_tag?post=185"}],"curies":[{"name":"wp","href":"https:\/\/api.w.org\/{rel}","templated":true}]}}