{"id":190,"date":"2023-06-04T20:49:56","date_gmt":"2023-06-04T20:49:56","guid":{"rendered":"https:\/\/doubletrouble.blog\/de\/?post_type=product&#038;p=190"},"modified":"2023-07-05T18:37:41","modified_gmt":"2023-07-05T18:37:41","slug":"wandsticker","status":"publish","type":"product","link":"https:\/\/kinderwelt.blog\/de\/product\/wandsticker\/","title":{"rendered":"Wandsticker"},"content":{"rendered":"<ul>\n<li>Ein echter Hingucker: Verzaubern Sie ihr Kinderzimmer mit unseren niedlichen Wandaufklebern, diese k\u00f6nnen ganz nach Wunsch platziert werden.<\/li>\n<li>Zusammen mit ihrem Kind erschaffen Sie so ein individuelles Kunstwerk an der Wand, ideal auch als Geschenkidee zum Kindergeburtstag, Geburt oder Babyparty<\/li>\n<li>Einfache Montage: Die Aufkleber einfach abziehen, aufkleben, andr\u00fccken, fertig!<\/li>\n<li>Hochwertiges Material: Selbstklebende, matte PVC-Spezialfolie extra f\u00fcr Wandtattoos (St\u00e4rke: 0,08 mm) ohne Chlor und Weichmacher, wasserfest<\/li>\n<li>Sehr gute Klebkraft: haftet zuverl\u00e4ssig auf Raufaser, fester Tapeten, Holz, Glas oder Lackoberfl\u00e4chen (nicht geeignet f\u00fcr Wandfarbe, die Acryl, Silikon oder Latex enth\u00e4lt), bei Bedarf aber auch nach l\u00e4ngerer Zeit problemlos wieder zu entfernen<\/li>\n<li>Made by Yabaduu: Unsere Deko Aufkleber haben wir selbst mit viel Herzblut designet und produziert, Gr\u00f6\u00dfe: 3 Din A4 B\u00f6gen mit insgesamt 60x30cm<\/li>\n<\/ul>\n","protected":false},"excerpt":{"rendered":"<p>Ein echter Hingucker: Verzaubern Sie ihr Kinderzimmer mit unseren niedlichen Wandaufklebern, diese k\u00f6nnen ganz nach Wunsch platziert werden. Zusammen mit ihrem Kind erschaffen Sie so ein individuelles Kunstwerk an der Wand, ideal auch als Geschenkidee zum Kindergeburtstag, Geburt oder Babyparty Einfache Montage: Die Aufkleber einfach abziehen, aufkleben, andr\u00fccken, fertig! Hochwertiges Material: Selbstklebende, matte PVC-Spezialfolie extra [&hellip;]<\/p>\n","protected":false},"featured_media":191,"comment_status":"open","ping_status":"closed","template":"","meta":{"inline_featured_image":false},"product_brand":[],"product_cat":[25],"product_tag":[],"class_list":{"0":"post-190","1":"product","2":"type-product","3":"status-publish","4":"has-post-thumbnail","6":"product_cat-furniture","8":"first","9":"instock","10":"shipping-taxable","11":"product-type-external"},"_links":{"self":[{"href":"https:\/\/kinderwelt.blog\/de\/wp-json\/wp\/v2\/product\/190","targetHints":{"allow":["GET"]}}],"collection":[{"href":"https:\/\/kinderwelt.blog\/de\/wp-json\/wp\/v2\/product"}],"about":[{"href":"https:\/\/kinderwelt.blog\/de\/wp-json\/wp\/v2\/types\/product"}],"replies":[{"embeddable":true,"href":"https:\/\/kinderwelt.blog\/de\/wp-json\/wp\/v2\/comments?post=190"}],"wp:featuredmedia":[{"embeddable":true,"href":"https:\/\/kinderwelt.blog\/de\/wp-json\/wp\/v2\/media\/191"}],"wp:attachment":[{"href":"https:\/\/kinderwelt.blog\/de\/wp-json\/wp\/v2\/media?parent=190"}],"wp:term":[{"taxonomy":"product_brand","embeddable":true,"href":"https:\/\/kinderwelt.blog\/de\/wp-json\/wp\/v2\/product_brand?post=190"},{"taxonomy":"product_cat","embeddable":true,"href":"https:\/\/kinderwelt.blog\/de\/wp-json\/wp\/v2\/product_cat?post=190"},{"taxonomy":"product_tag","embeddable":true,"href":"https:\/\/kinderwelt.blog\/de\/wp-json\/wp\/v2\/product_tag?post=190"}],"curies":[{"name":"wp","href":"https:\/\/api.w.org\/{rel}","templated":true}]}}