{"id":192,"date":"2023-06-04T20:55:01","date_gmt":"2023-06-04T20:55:01","guid":{"rendered":"https:\/\/doubletrouble.blog\/de\/?post_type=product&#038;p=192"},"modified":"2023-07-05T18:36:04","modified_gmt":"2023-07-05T18:36:04","slug":"philips-avent-sterilisator","status":"publish","type":"product","link":"https:\/\/kinderwelt.blog\/de\/product\/philips-avent-sterilisator\/","title":{"rendered":"Philips Avent Sterilisator"},"content":{"rendered":"<ul>\n<li>T\u00f6tet 99,9 % der Keime ab*: Sanfte, effektive Sterilisation, die frei von Chemikalien ist<\/li>\n<li>Sterilisieren in nur 10 Min.: Mit Philips erfolgt die Sterilisation sanft, effektiv und chemiefrei<\/li>\n<li>Integrierte Tropfschale: Sch\u00fctzt vor Milchtropfen, um das Risiko unangenehmer Ger\u00fcche zu verringern<\/li>\n<li>Die All-in-One-L\u00f6sung: Unser fortschrittlicher Sterilisator ist kompakt und eignet sich f\u00fcr die Reinigung kleinerer Gegenst\u00e4nde wie Schnuller<\/li>\n<li>Lieferumfang: 1 Philips Avent Sterilisator und 1 Zange<\/li>\n<\/ul>\n","protected":false},"excerpt":{"rendered":"<p>T\u00f6tet 99,9 % der Keime ab*: Sanfte, effektive Sterilisation, die frei von Chemikalien ist Sterilisieren in nur 10 Min.: Mit Philips erfolgt die Sterilisation sanft, effektiv und chemiefrei Integrierte Tropfschale: Sch\u00fctzt vor Milchtropfen, um das Risiko unangenehmer Ger\u00fcche zu verringern Die All-in-One-L\u00f6sung: Unser fortschrittlicher Sterilisator ist kompakt und eignet sich f\u00fcr die Reinigung kleinerer Gegenst\u00e4nde [&hellip;]<\/p>\n","protected":false},"featured_media":211,"comment_status":"open","ping_status":"closed","template":"","meta":{"inline_featured_image":false},"product_brand":[],"product_cat":[24],"product_tag":[],"class_list":{"0":"post-192","1":"product","2":"type-product","3":"status-publish","4":"has-post-thumbnail","6":"product_cat-feeding","8":"first","9":"instock","10":"shipping-taxable","11":"product-type-external"},"_links":{"self":[{"href":"https:\/\/kinderwelt.blog\/de\/wp-json\/wp\/v2\/product\/192","targetHints":{"allow":["GET"]}}],"collection":[{"href":"https:\/\/kinderwelt.blog\/de\/wp-json\/wp\/v2\/product"}],"about":[{"href":"https:\/\/kinderwelt.blog\/de\/wp-json\/wp\/v2\/types\/product"}],"replies":[{"embeddable":true,"href":"https:\/\/kinderwelt.blog\/de\/wp-json\/wp\/v2\/comments?post=192"}],"wp:featuredmedia":[{"embeddable":true,"href":"https:\/\/kinderwelt.blog\/de\/wp-json\/wp\/v2\/media\/211"}],"wp:attachment":[{"href":"https:\/\/kinderwelt.blog\/de\/wp-json\/wp\/v2\/media?parent=192"}],"wp:term":[{"taxonomy":"product_brand","embeddable":true,"href":"https:\/\/kinderwelt.blog\/de\/wp-json\/wp\/v2\/product_brand?post=192"},{"taxonomy":"product_cat","embeddable":true,"href":"https:\/\/kinderwelt.blog\/de\/wp-json\/wp\/v2\/product_cat?post=192"},{"taxonomy":"product_tag","embeddable":true,"href":"https:\/\/kinderwelt.blog\/de\/wp-json\/wp\/v2\/product_tag?post=192"}],"curies":[{"name":"wp","href":"https:\/\/api.w.org\/{rel}","templated":true}]}}