{"id":2018,"date":"2023-09-12T08:33:25","date_gmt":"2023-09-12T08:33:25","guid":{"rendered":"https:\/\/doubletrouble.blog\/de\/?post_type=product&#038;p=2018"},"modified":"2023-09-12T08:33:28","modified_gmt":"2023-09-12T08:33:28","slug":"steckdosen-kindersicherung","status":"publish","type":"product","link":"https:\/\/kinderwelt.blog\/de\/product\/steckdosen-kindersicherung\/","title":{"rendered":"Steckdosen Kindersicherung"},"content":{"rendered":"<ul class=\"a-unordered-list a-vertical a-spacing-mini\">\n<li class=\"a-spacing-mini\"><span class=\"a-list-item\">(1) [Bombenfester halt dank spezial form]: Mit unserer Steckdosen Baby Sicherung schlie\u00dft du deine Steckdose regelrecht ab &#8211; ACHTUNG: Wenn du deine Steckdose benutzen willst, musst du die steckbare Steckdosensicherung zuerst entfernen.<\/span><\/li>\n<li class=\"a-spacing-mini\"><span class=\"a-list-item\">(2) [Einfaches anbringen]: Sie stecken die Steckdosensicherung in eine offene Steckdose und dr\u00fccken fest. Innerhalb von Sekunden ist der Steckdosenschutz angebracht. Bei Bedarf spurlos und einfach zu entfernen.<\/span><\/li>\n<li class=\"a-spacing-mini\"><span class=\"a-list-item\">(3) [Universal Einsetzbar]: F\u00fcr alle g\u00e4ngigen Steckdosen in Deutschland geeignet (SchuKo Steckdosen \/ Stecker-Typ F). Besonders gut geeignet f\u00fcr Steckdosen die selten bis gar nicht benutzt warden, weil der steckdosen schutz auch sicher gegen Verstaubung der Steckdosen helfen k\u00f6nnen.<\/span><\/li>\n<li class=\"a-spacing-mini\"><span class=\"a-list-item\">(4) [Anwendbarer Anlass]: Die Steckdosenschutz Kindersicherung bietet perfekten Schutz und absolute Sicherheit f\u00fcr Ihre kleinen Kinder. Super f\u00fcr schwierigen Bedingungen wie K\u00fcche, Bad und Keller; Ideal auch in Kindertagesst\u00e4tten, Arztpraxen und \u00f6ffentlichen Einrichtungen.<\/span><\/li>\n<li class=\"a-spacing-mini\"><span class=\"a-list-item\">(5) [Lieferumfang]: 20 x Kinder Schutz f\u00fcr Steckdosen, Steckdosenabdeckung zum Stecken, in wei\u00df.<\/span><\/li>\n<\/ul>\n","protected":false},"excerpt":{"rendered":"<p>(1) [Bombenfester halt dank spezial form]: Mit unserer Steckdosen Baby Sicherung schlie\u00dft du deine Steckdose regelrecht ab &#8211; ACHTUNG: Wenn du deine Steckdose benutzen willst, musst du die steckbare Steckdosensicherung zuerst entfernen. (2) [Einfaches anbringen]: Sie stecken die Steckdosensicherung in eine offene Steckdose und dr\u00fccken fest. Innerhalb von Sekunden ist der Steckdosenschutz angebracht. Bei Bedarf [&hellip;]<\/p>\n","protected":false},"featured_media":2021,"comment_status":"open","ping_status":"closed","template":"","meta":{"inline_featured_image":false},"product_brand":[],"product_cat":[25],"product_tag":[],"class_list":{"0":"post-2018","1":"product","2":"type-product","3":"status-publish","4":"has-post-thumbnail","6":"product_cat-furniture","8":"first","9":"instock","10":"shipping-taxable","11":"product-type-external"},"_links":{"self":[{"href":"https:\/\/kinderwelt.blog\/de\/wp-json\/wp\/v2\/product\/2018","targetHints":{"allow":["GET"]}}],"collection":[{"href":"https:\/\/kinderwelt.blog\/de\/wp-json\/wp\/v2\/product"}],"about":[{"href":"https:\/\/kinderwelt.blog\/de\/wp-json\/wp\/v2\/types\/product"}],"replies":[{"embeddable":true,"href":"https:\/\/kinderwelt.blog\/de\/wp-json\/wp\/v2\/comments?post=2018"}],"wp:featuredmedia":[{"embeddable":true,"href":"https:\/\/kinderwelt.blog\/de\/wp-json\/wp\/v2\/media\/2021"}],"wp:attachment":[{"href":"https:\/\/kinderwelt.blog\/de\/wp-json\/wp\/v2\/media?parent=2018"}],"wp:term":[{"taxonomy":"product_brand","embeddable":true,"href":"https:\/\/kinderwelt.blog\/de\/wp-json\/wp\/v2\/product_brand?post=2018"},{"taxonomy":"product_cat","embeddable":true,"href":"https:\/\/kinderwelt.blog\/de\/wp-json\/wp\/v2\/product_cat?post=2018"},{"taxonomy":"product_tag","embeddable":true,"href":"https:\/\/kinderwelt.blog\/de\/wp-json\/wp\/v2\/product_tag?post=2018"}],"curies":[{"name":"wp","href":"https:\/\/api.w.org\/{rel}","templated":true}]}}