{"id":2019,"date":"2023-09-12T08:32:05","date_gmt":"2023-09-12T08:32:05","guid":{"rendered":"https:\/\/doubletrouble.blog\/de\/?post_type=product&#038;p=2019"},"modified":"2023-09-12T08:33:30","modified_gmt":"2023-09-12T08:33:30","slug":"eckenschutz-baby","status":"publish","type":"product","link":"https:\/\/kinderwelt.blog\/de\/product\/eckenschutz-baby\/","title":{"rendered":"Eckenschutz Baby"},"content":{"rendered":"<ul class=\"a-unordered-list a-vertical a-spacing-mini\">\n<li class=\"a-spacing-mini\"><span class=\"a-list-item\">Dieser Eckenschutz ist klar und transparent. Sie f\u00fcgen sich nahtlos in Ihre M\u00f6bel ein und behalten das urspr\u00fcngliche Aussehen und Gef\u00fchl Ihrer M\u00f6bel bei.<\/span><\/li>\n<li class=\"a-spacing-mini\"><span class=\"a-list-item\">Die eckenschutz ist ein dickes, weiches und flexibles Material, das hervorragenden Schutz bietet.<\/span><\/li>\n<li class=\"a-spacing-mini\"><span class=\"a-list-item\">Die Eckensch\u00fctzer sind auf jeder Seite mit Streifen versehen, um den gesamten Innenraum abzudecken und zu verhindern, dass die Eckensch\u00fctzer entfernt werden.<\/span><\/li>\n<li class=\"a-spacing-mini\"><span class=\"a-list-item\">Sie m\u00fcssen nur die Oberfl\u00e4che des Zielm\u00f6bels reinigen, das Schutzpapier entfernen und dann den kantenschutz transparent auf die Kante dr\u00fccken, um einen starken Schutz zu genie\u00dfen.<\/span><\/li>\n<li class=\"a-spacing-mini\"><span class=\"a-list-item\">Kantenschutz f\u00fcr M\u00f6bel kann die Kante von M\u00f6beln vollst\u00e4ndig sch\u00fctzen. Eckenschutz perfekt f\u00fcr Tisch, Hocker, Schrank und kann auf Glas, Holz, Fliesen und Metall verwendet werden.<\/span><\/li>\n<\/ul>\n","protected":false},"excerpt":{"rendered":"<p>Dieser Eckenschutz ist klar und transparent. Sie f\u00fcgen sich nahtlos in Ihre M\u00f6bel ein und behalten das urspr\u00fcngliche Aussehen und Gef\u00fchl Ihrer M\u00f6bel bei. Die eckenschutz ist ein dickes, weiches und flexibles Material, das hervorragenden Schutz bietet. Die Eckensch\u00fctzer sind auf jeder Seite mit Streifen versehen, um den gesamten Innenraum abzudecken und zu verhindern, dass [&hellip;]<\/p>\n","protected":false},"featured_media":2020,"comment_status":"open","ping_status":"closed","template":"","meta":{"inline_featured_image":false},"product_brand":[],"product_cat":[25],"product_tag":[],"class_list":{"0":"post-2019","1":"product","2":"type-product","3":"status-publish","4":"has-post-thumbnail","6":"product_cat-furniture","8":"first","9":"instock","10":"shipping-taxable","11":"product-type-external"},"_links":{"self":[{"href":"https:\/\/kinderwelt.blog\/de\/wp-json\/wp\/v2\/product\/2019","targetHints":{"allow":["GET"]}}],"collection":[{"href":"https:\/\/kinderwelt.blog\/de\/wp-json\/wp\/v2\/product"}],"about":[{"href":"https:\/\/kinderwelt.blog\/de\/wp-json\/wp\/v2\/types\/product"}],"replies":[{"embeddable":true,"href":"https:\/\/kinderwelt.blog\/de\/wp-json\/wp\/v2\/comments?post=2019"}],"wp:featuredmedia":[{"embeddable":true,"href":"https:\/\/kinderwelt.blog\/de\/wp-json\/wp\/v2\/media\/2020"}],"wp:attachment":[{"href":"https:\/\/kinderwelt.blog\/de\/wp-json\/wp\/v2\/media?parent=2019"}],"wp:term":[{"taxonomy":"product_brand","embeddable":true,"href":"https:\/\/kinderwelt.blog\/de\/wp-json\/wp\/v2\/product_brand?post=2019"},{"taxonomy":"product_cat","embeddable":true,"href":"https:\/\/kinderwelt.blog\/de\/wp-json\/wp\/v2\/product_cat?post=2019"},{"taxonomy":"product_tag","embeddable":true,"href":"https:\/\/kinderwelt.blog\/de\/wp-json\/wp\/v2\/product_tag?post=2019"}],"curies":[{"name":"wp","href":"https:\/\/api.w.org\/{rel}","templated":true}]}}