{"id":2028,"date":"2023-09-12T08:53:16","date_gmt":"2023-09-12T08:53:16","guid":{"rendered":"https:\/\/doubletrouble.blog\/de\/?post_type=product&#038;p=2028"},"modified":"2023-09-12T09:01:48","modified_gmt":"2023-09-12T09:01:48","slug":"beissring-mit-kuehlelementen","status":"publish","type":"product","link":"https:\/\/kinderwelt.blog\/de\/product\/beissring-mit-kuehlelementen\/","title":{"rendered":"NUK Beissring mit K\u00fchlelementen"},"content":{"rendered":"<ul class=\"a-unordered-list a-vertical a-spacing-mini\">\n<li class=\"a-spacing-mini\"><span class=\"a-list-item\">K\u00fchlt intensiv<\/span><\/li>\n<li class=\"a-spacing-mini\"><span class=\"a-list-item\">Erreicht dank seiner Form alle Stellen in Babys Mund<\/span><\/li>\n<li class=\"a-spacing-mini\"><span class=\"a-list-item\">Verschiedene Strukturen sorgen f\u00fcr eine abwechslungsreiche Massage<\/span><\/li>\n<li class=\"a-spacing-mini\"><span class=\"a-list-item\">Niedliche Schildkr\u00f6tenform in ansprechenden Farben erregt Babys Aufmerksamkeit und sorgt f\u00fcr Ablenkung, leicht zu greifen<\/span><\/li>\n<li class=\"a-spacing-mini\"><span class=\"a-list-item\">Geeignet f\u00fcr Kinder ab 3 Monaten, BPA frei, Farbe nicht frei w\u00e4hlbar<\/span><\/li>\n<\/ul>\n","protected":false},"excerpt":{"rendered":"<p>K\u00fchlt intensiv Erreicht dank seiner Form alle Stellen in Babys Mund Verschiedene Strukturen sorgen f\u00fcr eine abwechslungsreiche Massage Niedliche Schildkr\u00f6tenform in ansprechenden Farben erregt Babys Aufmerksamkeit und sorgt f\u00fcr Ablenkung, leicht zu greifen Geeignet f\u00fcr Kinder ab 3 Monaten, BPA frei, Farbe nicht frei w\u00e4hlbar<\/p>\n","protected":false},"featured_media":2029,"comment_status":"open","ping_status":"closed","template":"","meta":{"inline_featured_image":false},"product_brand":[],"product_cat":[24],"product_tag":[],"class_list":{"0":"post-2028","1":"product","2":"type-product","3":"status-publish","4":"has-post-thumbnail","6":"product_cat-feeding","8":"first","9":"instock","10":"shipping-taxable","11":"product-type-external"},"_links":{"self":[{"href":"https:\/\/kinderwelt.blog\/de\/wp-json\/wp\/v2\/product\/2028","targetHints":{"allow":["GET"]}}],"collection":[{"href":"https:\/\/kinderwelt.blog\/de\/wp-json\/wp\/v2\/product"}],"about":[{"href":"https:\/\/kinderwelt.blog\/de\/wp-json\/wp\/v2\/types\/product"}],"replies":[{"embeddable":true,"href":"https:\/\/kinderwelt.blog\/de\/wp-json\/wp\/v2\/comments?post=2028"}],"wp:featuredmedia":[{"embeddable":true,"href":"https:\/\/kinderwelt.blog\/de\/wp-json\/wp\/v2\/media\/2029"}],"wp:attachment":[{"href":"https:\/\/kinderwelt.blog\/de\/wp-json\/wp\/v2\/media?parent=2028"}],"wp:term":[{"taxonomy":"product_brand","embeddable":true,"href":"https:\/\/kinderwelt.blog\/de\/wp-json\/wp\/v2\/product_brand?post=2028"},{"taxonomy":"product_cat","embeddable":true,"href":"https:\/\/kinderwelt.blog\/de\/wp-json\/wp\/v2\/product_cat?post=2028"},{"taxonomy":"product_tag","embeddable":true,"href":"https:\/\/kinderwelt.blog\/de\/wp-json\/wp\/v2\/product_tag?post=2028"}],"curies":[{"name":"wp","href":"https:\/\/api.w.org\/{rel}","templated":true}]}}