{"id":206,"date":"2023-06-05T05:51:45","date_gmt":"2023-06-05T05:51:45","guid":{"rendered":"https:\/\/doubletrouble.blog\/de\/?post_type=product&#038;p=206"},"modified":"2023-07-05T18:36:22","modified_gmt":"2023-07-05T18:36:22","slug":"stoffbilderbuch-beissbuch-ministeps-mein-erstes-buggy-beissbuch","status":"publish","type":"product","link":"https:\/\/kinderwelt.blog\/de\/product\/stoffbilderbuch-beissbuch-ministeps-mein-erstes-buggy-beissbuch\/","title":{"rendered":"Stoffbilderbuch \/ Bei\u00dfbuch &#8222;ministeps: Mein erstes Buggy-Bei\u00dfbuch&#8220;"},"content":{"rendered":"<ul>\n<li>F\u00fcr Babys ab 3 Monaten<\/li>\n<li>Stoffbuch mit Bei\u00dfecke zum Kauen und Entdecken<\/li>\n<li>Kuschelweiche Seiten mit farbenfrohen, kontrastreichen Motiven<\/li>\n<li>Praktische Befestigung f\u00fcr Kinderwagen, Bettchen oder Babyschale<\/li>\n<li>Waschbar bei 30 \u00b0C<\/li>\n<\/ul>\n","protected":false},"excerpt":{"rendered":"<p>F\u00fcr Babys ab 3 Monaten Stoffbuch mit Bei\u00dfecke zum Kauen und Entdecken Kuschelweiche Seiten mit farbenfrohen, kontrastreichen Motiven Praktische Befestigung f\u00fcr Kinderwagen, Bettchen oder Babyschale Waschbar bei 30 \u00b0C<\/p>\n","protected":false},"featured_media":204,"comment_status":"open","ping_status":"closed","template":"","meta":{"inline_featured_image":false},"product_brand":[],"product_cat":[26],"product_tag":[],"class_list":{"0":"post-206","1":"product","2":"type-product","3":"status-publish","4":"has-post-thumbnail","6":"product_cat-learn","8":"first","9":"instock","10":"shipping-taxable","11":"product-type-external"},"_links":{"self":[{"href":"https:\/\/kinderwelt.blog\/de\/wp-json\/wp\/v2\/product\/206","targetHints":{"allow":["GET"]}}],"collection":[{"href":"https:\/\/kinderwelt.blog\/de\/wp-json\/wp\/v2\/product"}],"about":[{"href":"https:\/\/kinderwelt.blog\/de\/wp-json\/wp\/v2\/types\/product"}],"replies":[{"embeddable":true,"href":"https:\/\/kinderwelt.blog\/de\/wp-json\/wp\/v2\/comments?post=206"}],"wp:featuredmedia":[{"embeddable":true,"href":"https:\/\/kinderwelt.blog\/de\/wp-json\/wp\/v2\/media\/204"}],"wp:attachment":[{"href":"https:\/\/kinderwelt.blog\/de\/wp-json\/wp\/v2\/media?parent=206"}],"wp:term":[{"taxonomy":"product_brand","embeddable":true,"href":"https:\/\/kinderwelt.blog\/de\/wp-json\/wp\/v2\/product_brand?post=206"},{"taxonomy":"product_cat","embeddable":true,"href":"https:\/\/kinderwelt.blog\/de\/wp-json\/wp\/v2\/product_cat?post=206"},{"taxonomy":"product_tag","embeddable":true,"href":"https:\/\/kinderwelt.blog\/de\/wp-json\/wp\/v2\/product_tag?post=206"}],"curies":[{"name":"wp","href":"https:\/\/api.w.org\/{rel}","templated":true}]}}