{"id":208,"date":"2023-06-05T05:56:32","date_gmt":"2023-06-05T05:56:32","guid":{"rendered":"https:\/\/doubletrouble.blog\/de\/?post_type=product&#038;p=208"},"modified":"2023-07-05T18:34:48","modified_gmt":"2023-07-05T18:34:48","slug":"lilliputiens-stoffbuch-zahnungshilfe-spielbuch-rotkaeppchen-mit-beissring","status":"publish","type":"product","link":"https:\/\/kinderwelt.blog\/de\/product\/lilliputiens-stoffbuch-zahnungshilfe-spielbuch-rotkaeppchen-mit-beissring\/","title":{"rendered":"Lilliputiens  Stoffbuch Zahnungshilfe Spielbuch &#8222;Rotk\u00e4ppchen&#8220; mit Bei\u00dfring"},"content":{"rendered":"<ul>\n<li>Stoffbuch\/Lernbuch\/Spielbuch mit Beissring f\u00fcr die Kleinen &#8211; f\u00f6rdert die Motorik und Sinne des Kindes<\/li>\n<li>Ma\u00dfe: 10 x 10 x 2 cm<\/li>\n<li>Pflegehinweis: handwaschbar<\/li>\n<li>Material: Polyester &amp; Baumwolle<\/li>\n<li>Altersempfehlung: Ab 12 Monaten<\/li>\n<\/ul>\n","protected":false},"excerpt":{"rendered":"<p>Stoffbuch\/Lernbuch\/Spielbuch mit Beissring f\u00fcr die Kleinen &#8211; f\u00f6rdert die Motorik und Sinne des Kindes Ma\u00dfe: 10 x 10 x 2 cm Pflegehinweis: handwaschbar Material: Polyester &amp; Baumwolle Altersempfehlung: Ab 12 Monaten<\/p>\n","protected":false},"featured_media":203,"comment_status":"open","ping_status":"closed","template":"","meta":{"inline_featured_image":false},"product_brand":[],"product_cat":[26],"product_tag":[],"class_list":{"0":"post-208","1":"product","2":"type-product","3":"status-publish","4":"has-post-thumbnail","6":"product_cat-learn","8":"first","9":"instock","10":"shipping-taxable","11":"product-type-external"},"_links":{"self":[{"href":"https:\/\/kinderwelt.blog\/de\/wp-json\/wp\/v2\/product\/208","targetHints":{"allow":["GET"]}}],"collection":[{"href":"https:\/\/kinderwelt.blog\/de\/wp-json\/wp\/v2\/product"}],"about":[{"href":"https:\/\/kinderwelt.blog\/de\/wp-json\/wp\/v2\/types\/product"}],"replies":[{"embeddable":true,"href":"https:\/\/kinderwelt.blog\/de\/wp-json\/wp\/v2\/comments?post=208"}],"wp:featuredmedia":[{"embeddable":true,"href":"https:\/\/kinderwelt.blog\/de\/wp-json\/wp\/v2\/media\/203"}],"wp:attachment":[{"href":"https:\/\/kinderwelt.blog\/de\/wp-json\/wp\/v2\/media?parent=208"}],"wp:term":[{"taxonomy":"product_brand","embeddable":true,"href":"https:\/\/kinderwelt.blog\/de\/wp-json\/wp\/v2\/product_brand?post=208"},{"taxonomy":"product_cat","embeddable":true,"href":"https:\/\/kinderwelt.blog\/de\/wp-json\/wp\/v2\/product_cat?post=208"},{"taxonomy":"product_tag","embeddable":true,"href":"https:\/\/kinderwelt.blog\/de\/wp-json\/wp\/v2\/product_tag?post=208"}],"curies":[{"name":"wp","href":"https:\/\/api.w.org\/{rel}","templated":true}]}}