{"id":2115,"date":"2023-09-18T13:05:13","date_gmt":"2023-09-18T13:05:13","guid":{"rendered":"https:\/\/doubletrouble.blog\/de\/?post_type=product&#038;p=2115"},"modified":"2023-09-18T13:05:16","modified_gmt":"2023-09-18T13:05:16","slug":"ergobaby-schultergurtschoner","status":"publish","type":"product","link":"https:\/\/kinderwelt.blog\/de\/product\/ergobaby-schultergurtschoner\/","title":{"rendered":"Ergobaby Schultergurtschoner"},"content":{"rendered":"<ul class=\"a-unordered-list a-vertical a-spacing-mini\">\n<li class=\"a-spacing-mini\"><span class=\"a-list-item\">Bei\u00df-Pad zur einfachen Befestigung an die Ergobaby Babytragen. Dient beim Zahnen als Ersatz f\u00fcr einen Bei\u00dfring.<\/span><\/li>\n<li class=\"a-spacing-mini\"><span class=\"a-list-item\">Dient als Schultergurtschoner und Speichelschutz f\u00fcr die Babytrage. Sch\u00fctzt die Tragehilfe vor Speichel und zu h\u00e4ufigem Waschen.<\/span><\/li>\n<li class=\"a-spacing-mini\"><span class=\"a-list-item\">L\u00e4tzchen &#8211; Mit zwei Lagen super saugf\u00e4higer und kuschelig weicher Premium Baumwolle bleibt auch bei den zahnendsten Babys alles trocken und das Baby hat immer eine saubere Nuckelgrundlage!<\/span><\/li>\n<li class=\"a-spacing-mini\"><span class=\"a-list-item\">Einfach an- und abgelegt f\u00fcr schnellen Wechsel oder W\u00e4sche. Maschinenw\u00e4sche 30\u00b0C.<\/span><\/li>\n<li class=\"a-spacing-mini\"><span class=\"a-list-item\">Klassisch, Praktisch, Zeitlos, Passt immer<\/span><\/li>\n<\/ul>\n","protected":false},"excerpt":{"rendered":"<p>Bei\u00df-Pad zur einfachen Befestigung an die Ergobaby Babytragen. Dient beim Zahnen als Ersatz f\u00fcr einen Bei\u00dfring. Dient als Schultergurtschoner und Speichelschutz f\u00fcr die Babytrage. Sch\u00fctzt die Tragehilfe vor Speichel und zu h\u00e4ufigem Waschen. L\u00e4tzchen &#8211; Mit zwei Lagen super saugf\u00e4higer und kuschelig weicher Premium Baumwolle bleibt auch bei den zahnendsten Babys alles trocken und das [&hellip;]<\/p>\n","protected":false},"featured_media":2116,"comment_status":"open","ping_status":"closed","template":"","meta":{"inline_featured_image":false},"product_brand":[],"product_cat":[34],"product_tag":[],"class_list":{"0":"post-2115","1":"product","2":"type-product","3":"status-publish","4":"has-post-thumbnail","6":"product_cat-carrier","8":"first","9":"instock","10":"shipping-taxable","11":"product-type-external"},"_links":{"self":[{"href":"https:\/\/kinderwelt.blog\/de\/wp-json\/wp\/v2\/product\/2115","targetHints":{"allow":["GET"]}}],"collection":[{"href":"https:\/\/kinderwelt.blog\/de\/wp-json\/wp\/v2\/product"}],"about":[{"href":"https:\/\/kinderwelt.blog\/de\/wp-json\/wp\/v2\/types\/product"}],"replies":[{"embeddable":true,"href":"https:\/\/kinderwelt.blog\/de\/wp-json\/wp\/v2\/comments?post=2115"}],"wp:featuredmedia":[{"embeddable":true,"href":"https:\/\/kinderwelt.blog\/de\/wp-json\/wp\/v2\/media\/2116"}],"wp:attachment":[{"href":"https:\/\/kinderwelt.blog\/de\/wp-json\/wp\/v2\/media?parent=2115"}],"wp:term":[{"taxonomy":"product_brand","embeddable":true,"href":"https:\/\/kinderwelt.blog\/de\/wp-json\/wp\/v2\/product_brand?post=2115"},{"taxonomy":"product_cat","embeddable":true,"href":"https:\/\/kinderwelt.blog\/de\/wp-json\/wp\/v2\/product_cat?post=2115"},{"taxonomy":"product_tag","embeddable":true,"href":"https:\/\/kinderwelt.blog\/de\/wp-json\/wp\/v2\/product_tag?post=2115"}],"curies":[{"name":"wp","href":"https:\/\/api.w.org\/{rel}","templated":true}]}}