{"id":2198,"date":"2023-11-07T11:58:27","date_gmt":"2023-11-07T11:58:27","guid":{"rendered":"https:\/\/doubletrouble.blog\/de\/?post_type=product&#038;p=2198"},"modified":"2023-11-12T11:05:45","modified_gmt":"2023-11-12T11:05:45","slug":"laufgitter-fuer-babys-207-x-145cm","status":"publish","type":"product","link":"https:\/\/kinderwelt.blog\/de\/product\/laufgitter-fuer-babys-207-x-145cm\/","title":{"rendered":"Laufgitter Laufstall B\u00e4llebad f\u00fcr Babys 207 x 145cm"},"content":{"rendered":"<ul class=\"a-unordered-list a-vertical a-spacing-mini\">\n<li class=\"a-spacing-mini\"><span class=\"a-list-item\"><b>Interessanter Baby-Laufstall <\/b>Unser Laufstall verf\u00fcgt \u00fcber 1 Basketballkorb, 2 Fu\u00dfballnetze, 4 Griffe und 50 Spielb\u00e4lle, was ger\u00e4umig genug f\u00fcr mehrere Kinder zum Sitzen, Krabbeln, Laufen und mehr ist.<\/span><\/li>\n<li class=\"a-spacing-mini\"><span class=\"a-list-item\"><b>Doppelseitige XPE Matratze <\/b>Die doppelseitige Matratze hat farbenfrohes Muster und enth\u00e4lt einem Lineal zur Verfolgung des Babywachstums. Aus XPE Material ist sie sicher und bequem genug, damit Babys darauf krabbeln oder sitzen k\u00f6nnen.<\/span><\/li>\n<li class=\"a-spacing-mini\"><span class=\"a-list-item\"><b>Sicherheit steht vor <\/b>Sicherheitst\u00fcren mit Au\u00dfenrei\u00dfverschl\u00fcssen k\u00f6nnen nur von Au\u00dfen ge\u00f6ffnet werden. Zudem kann eine atmungsaktive Netzwand Kinder vor potenziellen Gefahren sch\u00fctzen.<\/span><\/li>\n<li class=\"a-spacing-mini\"><span class=\"a-list-item\"><b>BPA Frei &amp; Stabil <\/b>Unser Kinderzaun ist mit BPA-freiem Oxford-Stoff bedeckt. Eckabdeckungen verhindern ein versehentliches Ansto\u00dfen. Und robuste Metallrohre sowie 4 rutschfeste Saugn\u00e4pfe vermeiden ein Umkippen oder Wackeln.<\/span><\/li>\n<li class=\"a-spacing-mini\"><span class=\"a-list-item\"><b>Tragbares Design <\/b>Bei Nichtgebrauch kann dieser Krabbelgitter leicht in mitgelieferter Tragetasche verstaut und transportiert werden, um mehr Platz zu sparen.<\/span><\/li>\n<\/ul>\n","protected":false},"excerpt":{"rendered":"<p>Interessanter Baby-Laufstall Unser Laufstall verf\u00fcgt \u00fcber 1 Basketballkorb, 2 Fu\u00dfballnetze, 4 Griffe und 50 Spielb\u00e4lle, was ger\u00e4umig genug f\u00fcr mehrere Kinder zum Sitzen, Krabbeln, Laufen und mehr ist. Doppelseitige XPE Matratze Die doppelseitige Matratze hat farbenfrohes Muster und enth\u00e4lt einem Lineal zur Verfolgung des Babywachstums. Aus XPE Material ist sie sicher und bequem genug, damit [&hellip;]<\/p>\n","protected":false},"featured_media":2199,"comment_status":"open","ping_status":"closed","template":"","meta":{"inline_featured_image":false},"product_brand":[],"product_cat":[38],"product_tag":[],"class_list":{"0":"post-2198","1":"product","2":"type-product","3":"status-publish","4":"has-post-thumbnail","6":"product_cat-play","8":"first","9":"instock","10":"shipping-taxable","11":"product-type-external"},"_links":{"self":[{"href":"https:\/\/kinderwelt.blog\/de\/wp-json\/wp\/v2\/product\/2198","targetHints":{"allow":["GET"]}}],"collection":[{"href":"https:\/\/kinderwelt.blog\/de\/wp-json\/wp\/v2\/product"}],"about":[{"href":"https:\/\/kinderwelt.blog\/de\/wp-json\/wp\/v2\/types\/product"}],"replies":[{"embeddable":true,"href":"https:\/\/kinderwelt.blog\/de\/wp-json\/wp\/v2\/comments?post=2198"}],"wp:featuredmedia":[{"embeddable":true,"href":"https:\/\/kinderwelt.blog\/de\/wp-json\/wp\/v2\/media\/2199"}],"wp:attachment":[{"href":"https:\/\/kinderwelt.blog\/de\/wp-json\/wp\/v2\/media?parent=2198"}],"wp:term":[{"taxonomy":"product_brand","embeddable":true,"href":"https:\/\/kinderwelt.blog\/de\/wp-json\/wp\/v2\/product_brand?post=2198"},{"taxonomy":"product_cat","embeddable":true,"href":"https:\/\/kinderwelt.blog\/de\/wp-json\/wp\/v2\/product_cat?post=2198"},{"taxonomy":"product_tag","embeddable":true,"href":"https:\/\/kinderwelt.blog\/de\/wp-json\/wp\/v2\/product_tag?post=2198"}],"curies":[{"name":"wp","href":"https:\/\/api.w.org\/{rel}","templated":true}]}}