{"id":2306,"date":"2023-11-10T16:16:55","date_gmt":"2023-11-10T16:16:55","guid":{"rendered":"https:\/\/doubletrouble.blog\/de\/?post_type=product&#038;p=2306"},"modified":"2023-11-10T16:31:52","modified_gmt":"2023-11-10T16:31:52","slug":"hauck-reisebett-dream-n-play-plus-120-x-60-cm","status":"publish","type":"product","link":"https:\/\/kinderwelt.blog\/de\/product\/hauck-reisebett-dream-n-play-plus-120-x-60-cm\/","title":{"rendered":"Hauck Reisebett Dream N Play Plus 120 x 60 cm"},"content":{"rendered":"<ul class=\"a-unordered-list a-vertical a-spacing-mini\">\n<li class=\"a-spacing-mini\"><span class=\"a-list-item\">REISBETT F\u00dcR DAHEIM UND UNTERWEGS: Mit dem gro\u00dfen Reisebett f\u00fcr Kleinkinder bist du immer mobil mit deinem Kind, welches jederzeit bequem spielen und schlafen kann<\/span><\/li>\n<li class=\"a-spacing-mini\"><span class=\"a-list-item\">KOMPAKT FALTBAR UND EINFACH TRANSPORTIERBAR: Boden nach oben, Seitenteile nach unten und schon ist das Kinder Reisebett klein gefaltet. Zum einfach Tragen ist bereits eine Tragetasche inklusive<\/span><\/li>\n<li class=\"a-spacing-mini\"><span class=\"a-list-item\">OPTIMALE LUFTZIRKULATION DANK NETZFENSTER: Die seitlichen Fenster aus Mesh-Stoff sorgen f\u00fcr ein gesundes Schlafklima und erlauben dem Kind jederzeit die Umgebung und Eltern zu beobachten<\/span><\/li>\n<li class=\"a-spacing-mini\"><span class=\"a-list-item\">KRABBELSPASS DANK SCHLUPFLOCH: F\u00fcr maximalen Spielspa\u00df sorgt der Seiteneingang, welcher zur Sicherheit nur von au\u00dfen mittels einem Rei\u00dfverschluss ge\u00f6ffnet werden kann<\/span><\/li>\n<li class=\"a-spacing-mini\"><span class=\"a-list-item\">ZUBEH\u00d6R SEPARAT ERH\u00c4LTLICH: F\u00fcr extra Schlafkomfort empfehlen wir die Reisebett Matratze Sleeper und das gesteppte Spannbettlacken Bed Me (120 x 60 cm) erh\u00e4tlich in verschiedenen Farben und Designs<\/span><\/li>\n<\/ul>\n","protected":false},"excerpt":{"rendered":"<p>REISBETT F\u00dcR DAHEIM UND UNTERWEGS: Mit dem gro\u00dfen Reisebett f\u00fcr Kleinkinder bist du immer mobil mit deinem Kind, welches jederzeit bequem spielen und schlafen kann KOMPAKT FALTBAR UND EINFACH TRANSPORTIERBAR: Boden nach oben, Seitenteile nach unten und schon ist das Kinder Reisebett klein gefaltet. Zum einfach Tragen ist bereits eine Tragetasche inklusive OPTIMALE LUFTZIRKULATION DANK [&hellip;]<\/p>\n","protected":false},"featured_media":2311,"comment_status":"open","ping_status":"closed","template":"","meta":{"inline_featured_image":false},"product_brand":[],"product_cat":[23],"product_tag":[],"class_list":{"0":"post-2306","1":"product","2":"type-product","3":"status-publish","4":"has-post-thumbnail","6":"product_cat-sleep","8":"first","9":"instock","10":"shipping-taxable","11":"product-type-external"},"_links":{"self":[{"href":"https:\/\/kinderwelt.blog\/de\/wp-json\/wp\/v2\/product\/2306","targetHints":{"allow":["GET"]}}],"collection":[{"href":"https:\/\/kinderwelt.blog\/de\/wp-json\/wp\/v2\/product"}],"about":[{"href":"https:\/\/kinderwelt.blog\/de\/wp-json\/wp\/v2\/types\/product"}],"replies":[{"embeddable":true,"href":"https:\/\/kinderwelt.blog\/de\/wp-json\/wp\/v2\/comments?post=2306"}],"wp:featuredmedia":[{"embeddable":true,"href":"https:\/\/kinderwelt.blog\/de\/wp-json\/wp\/v2\/media\/2311"}],"wp:attachment":[{"href":"https:\/\/kinderwelt.blog\/de\/wp-json\/wp\/v2\/media?parent=2306"}],"wp:term":[{"taxonomy":"product_brand","embeddable":true,"href":"https:\/\/kinderwelt.blog\/de\/wp-json\/wp\/v2\/product_brand?post=2306"},{"taxonomy":"product_cat","embeddable":true,"href":"https:\/\/kinderwelt.blog\/de\/wp-json\/wp\/v2\/product_cat?post=2306"},{"taxonomy":"product_tag","embeddable":true,"href":"https:\/\/kinderwelt.blog\/de\/wp-json\/wp\/v2\/product_tag?post=2306"}],"curies":[{"name":"wp","href":"https:\/\/api.w.org\/{rel}","templated":true}]}}