{"id":2689,"date":"2023-12-03T14:12:46","date_gmt":"2023-12-03T14:12:46","guid":{"rendered":"https:\/\/doubletrouble.blog\/de\/?post_type=product&#038;p=2689"},"modified":"2023-12-03T14:12:48","modified_gmt":"2023-12-03T14:12:48","slug":"pampers-baby-dry-night-pants","status":"publish","type":"product","link":"https:\/\/kinderwelt.blog\/de\/product\/pampers-baby-dry-night-pants\/","title":{"rendered":"Pampers Baby-Dry\u2122 Night Pants"},"content":{"rendered":"<ul class=\"a-unordered-list a-vertical a-spacing-mini\">\n<li class=\"a-spacing-mini\"><span class=\"a-list-item\">Pampers Baby-Dry Night Pants bieten extra Auslaufschutz f\u00fcr die ganze Nacht<\/span><\/li>\n<li class=\"a-spacing-mini\"><span class=\"a-list-item\">Stop &amp; Schutz T\u00e4schchen, das ein Auslaufen am R\u00fccken verhindert<\/span><\/li>\n<li class=\"a-spacing-mini\"><span class=\"a-list-item\">360\u00b0 Fit passt sich angenehm an das B\u00e4uchlein deines Babys an und hilft, ein Auslaufen zu verhindern<\/span><\/li>\n<li class=\"a-spacing-mini\"><span class=\"a-list-item\">Der verst\u00e4rkte Saugkern nimmt Fl\u00fcssigkeiten sofort auf und bietet bis zu 12 Stunden EXTRA Auslaufschutz<\/span><\/li>\n<li class=\"a-spacing-mini\"><span class=\"a-list-item\">Doppelte Sicherheitsb\u00fcndchen helfen, ein Auslaufen rund um die Beinchen zu verhindern<\/span><\/li>\n<li class=\"a-spacing-mini\"><span class=\"a-list-item\">Der Urin-Indikator zeigt an, wann es Zeit f\u00fcr eine neue Windel sein k\u00f6nnte<\/span><\/li>\n<li class=\"a-spacing-mini\"><span class=\"a-list-item\">Einfaches Anziehen: Zum Anziehen einfach hochziehen<\/span><\/li>\n<li class=\"a-spacing-mini\"><span class=\"a-list-item\">Praktisches Ausziehen: Zum Ausziehen die Seitenb\u00fcndchen aufrei\u00dfen. Zusammenrollen, mit dem Klebestreifen verschlie\u00dfen und entsorgen<\/span><\/li>\n<\/ul>\n","protected":false},"excerpt":{"rendered":"<p>Pampers Baby-Dry Night Pants bieten extra Auslaufschutz f\u00fcr die ganze Nacht Stop &amp; Schutz T\u00e4schchen, das ein Auslaufen am R\u00fccken verhindert 360\u00b0 Fit passt sich angenehm an das B\u00e4uchlein deines Babys an und hilft, ein Auslaufen zu verhindern Der verst\u00e4rkte Saugkern nimmt Fl\u00fcssigkeiten sofort auf und bietet bis zu 12 Stunden EXTRA Auslaufschutz Doppelte Sicherheitsb\u00fcndchen [&hellip;]<\/p>\n","protected":false},"featured_media":2690,"comment_status":"open","ping_status":"closed","template":"","meta":{"inline_featured_image":false},"product_brand":[],"product_cat":[32],"product_tag":[],"class_list":{"0":"post-2689","1":"product","2":"type-product","3":"status-publish","4":"has-post-thumbnail","6":"product_cat-diapering","8":"first","9":"instock","10":"shipping-taxable","11":"product-type-external"},"_links":{"self":[{"href":"https:\/\/kinderwelt.blog\/de\/wp-json\/wp\/v2\/product\/2689","targetHints":{"allow":["GET"]}}],"collection":[{"href":"https:\/\/kinderwelt.blog\/de\/wp-json\/wp\/v2\/product"}],"about":[{"href":"https:\/\/kinderwelt.blog\/de\/wp-json\/wp\/v2\/types\/product"}],"replies":[{"embeddable":true,"href":"https:\/\/kinderwelt.blog\/de\/wp-json\/wp\/v2\/comments?post=2689"}],"wp:featuredmedia":[{"embeddable":true,"href":"https:\/\/kinderwelt.blog\/de\/wp-json\/wp\/v2\/media\/2690"}],"wp:attachment":[{"href":"https:\/\/kinderwelt.blog\/de\/wp-json\/wp\/v2\/media?parent=2689"}],"wp:term":[{"taxonomy":"product_brand","embeddable":true,"href":"https:\/\/kinderwelt.blog\/de\/wp-json\/wp\/v2\/product_brand?post=2689"},{"taxonomy":"product_cat","embeddable":true,"href":"https:\/\/kinderwelt.blog\/de\/wp-json\/wp\/v2\/product_cat?post=2689"},{"taxonomy":"product_tag","embeddable":true,"href":"https:\/\/kinderwelt.blog\/de\/wp-json\/wp\/v2\/product_tag?post=2689"}],"curies":[{"name":"wp","href":"https:\/\/api.w.org\/{rel}","templated":true}]}}