{"id":2873,"date":"2023-12-23T18:53:22","date_gmt":"2023-12-23T18:53:22","guid":{"rendered":"https:\/\/doubletrouble.blog\/de\/?post_type=product&#038;p=2873"},"modified":"2023-12-23T18:53:43","modified_gmt":"2023-12-23T18:53:43","slug":"mandeloel-fuer-babys","status":"publish","type":"product","link":"https:\/\/kinderwelt.blog\/de\/product\/mandeloel-fuer-babys\/","title":{"rendered":"Mandel\u00f6l f\u00fcr Babys"},"content":{"rendered":"<ul class=\"a-unordered-list a-vertical a-spacing-mini\">\n<li class=\"a-spacing-mini\"><span class=\"a-list-item\">100% NAT\u00dcRLICHE BIO-\u00d6LE: Unser parf\u00fcmfreies und veganes Baby Pflege\u00f6l Mandel mit 100% nat\u00fcrlichen Bio-\u00d6len ist das Allround-Talent in der Babypflege und unser Must Have. Es eignet sich ideal zur Babymassage, sanften Reinigung und intensiven Pflege zarter Babyhaut. F\u00fcr innige Momente mit deinem Baby.<\/span><\/li>\n<li class=\"a-spacing-mini\"><span class=\"a-list-item\">ZERTIFIZIERTE NATURKOSMETIK AUS DER HEBAMMENHILFE: Alle MABYEN Pflegeprodukte f\u00fcr Mama und Baby sind NATRUE-zertifiziert, vegan und klimaneutral.<\/span><\/li>\n<li class=\"a-spacing-mini\"><span class=\"a-list-item\">HAUTVERTR\u00c4GLICHKEIT DERMATOLOGISCH GETESTET: Unsere \u00d6le sind dermatologisch getestet und auf die empfindlich Babyhaut abgestimmt.<\/span><\/li>\n<li class=\"a-spacing-mini\"><span class=\"a-list-item\">FREI VON: Frei von Parf\u00fcm, Duft- und Konservierungsstoffen, Nano-Partikeln, Parabenen, Silikonen, Paraffinen, PEGs und Mineral\u00f6len<\/span><\/li>\n<li class=\"a-spacing-mini\"><span class=\"a-list-item\">DAF\u00dcR STEHEN WIR: Wir glauben an eine starke Eltern-Kind-Bindung. Aus diesem Leitgedanken heraus m\u00f6chten wir Eltern den Erfahrungsschatz erfahrener Hebammen zug\u00e4nglich machen. Ganzheitliche Mama und Baby-Produkte mit ausgew\u00e4hlten Inhaltsstoffen, die sich seit Jahrzehnten in der Hebammenhilfe bew\u00e4hrt haben, sollen Eltern Sicherheit geben. Denn das ist die Grundlage, um von Anfang an verbunden zu sein. Mit dir. Deinem Baby. Und der Natur.<\/span><\/li>\n<\/ul>\n","protected":false},"excerpt":{"rendered":"<p>100% NAT\u00dcRLICHE BIO-\u00d6LE: Unser parf\u00fcmfreies und veganes Baby Pflege\u00f6l Mandel mit 100% nat\u00fcrlichen Bio-\u00d6len ist das Allround-Talent in der Babypflege und unser Must Have. Es eignet sich ideal zur Babymassage, sanften Reinigung und intensiven Pflege zarter Babyhaut. F\u00fcr innige Momente mit deinem Baby. ZERTIFIZIERTE NATURKOSMETIK AUS DER HEBAMMENHILFE: Alle MABYEN Pflegeprodukte f\u00fcr Mama und Baby [&hellip;]<\/p>\n","protected":false},"featured_media":2874,"comment_status":"open","ping_status":"closed","template":"","meta":{"inline_featured_image":false},"product_brand":[],"product_cat":[36],"product_tag":[],"class_list":{"0":"post-2873","1":"product","2":"type-product","3":"status-publish","4":"has-post-thumbnail","6":"product_cat-care","8":"first","9":"instock","10":"shipping-taxable","11":"product-type-external"},"_links":{"self":[{"href":"https:\/\/kinderwelt.blog\/de\/wp-json\/wp\/v2\/product\/2873","targetHints":{"allow":["GET"]}}],"collection":[{"href":"https:\/\/kinderwelt.blog\/de\/wp-json\/wp\/v2\/product"}],"about":[{"href":"https:\/\/kinderwelt.blog\/de\/wp-json\/wp\/v2\/types\/product"}],"replies":[{"embeddable":true,"href":"https:\/\/kinderwelt.blog\/de\/wp-json\/wp\/v2\/comments?post=2873"}],"wp:featuredmedia":[{"embeddable":true,"href":"https:\/\/kinderwelt.blog\/de\/wp-json\/wp\/v2\/media\/2874"}],"wp:attachment":[{"href":"https:\/\/kinderwelt.blog\/de\/wp-json\/wp\/v2\/media?parent=2873"}],"wp:term":[{"taxonomy":"product_brand","embeddable":true,"href":"https:\/\/kinderwelt.blog\/de\/wp-json\/wp\/v2\/product_brand?post=2873"},{"taxonomy":"product_cat","embeddable":true,"href":"https:\/\/kinderwelt.blog\/de\/wp-json\/wp\/v2\/product_cat?post=2873"},{"taxonomy":"product_tag","embeddable":true,"href":"https:\/\/kinderwelt.blog\/de\/wp-json\/wp\/v2\/product_tag?post=2873"}],"curies":[{"name":"wp","href":"https:\/\/api.w.org\/{rel}","templated":true}]}}