{"id":2884,"date":"2023-12-23T19:01:28","date_gmt":"2023-12-23T19:01:28","guid":{"rendered":"https:\/\/doubletrouble.blog\/de\/?post_type=product&#038;p=2884"},"modified":"2024-01-10T12:07:42","modified_gmt":"2024-01-10T12:07:42","slug":"pari-boy-junior-inhalator","status":"publish","type":"product","link":"https:\/\/kinderwelt.blog\/de\/product\/pari-boy-junior-inhalator\/","title":{"rendered":"PARI Boy Junior Inhalator"},"content":{"rendered":"<ul class=\"a-unordered-list a-vertical a-spacing-mini\">\n<li class=\"a-spacing-mini\"><span class=\"a-list-item\">HOCHWERTIGES INHALATIONSGER\u00c4T &#8211; PARI BOY Junior ist ein Medizinprodukt f\u00fcr Kinder und Babys ab dem ersten Lebensmonat zur Therapie von Atemwegserkrankungen, wie Bronchialasthma, allergischem Asthma und akuter oder chronischer Bronchitis<\/span><\/li>\n<li class=\"a-spacing-mini\"><span class=\"a-list-item\">EFFIZIENTE INHALATION &#8211; Der Inhalator mit PARI LC SPRINT Junior Vernebler erm\u00f6glicht kurze Inhalationszeiten bei hoher Lungendeposition und ist mit dem Feedbacksystem PIF-Control ausgestattet, f\u00fcr eine gezielte und wirksame Medikamentenabgabe zu Hause<\/span><\/li>\n<li class=\"a-spacing-mini\"><span class=\"a-list-item\">EINFACHE ANWENDUNG &#8211; Das Inhalierger\u00e4t eignet sich f\u00fcr Babys und Kleinkinder, um schnell und unkompliziert zu inhalieren. Der Vernebler des Inhalators erzeugt wahlweise feine oder sogar extra feine Tr\u00f6pfchen und seine Ausstattung entspricht speziell den Bed\u00fcrfnissen von kleinen Patienten<\/span><\/li>\n<li class=\"a-spacing-mini\"><span class=\"a-list-item\">INNOVATIVE TECHNOLOGIE \u2013 Dieser PARI BOY Inhalator erzeugt wahlweise besonders feine oder sogar extra feine Tr\u00f6pfchen und seine Ausstattung ist speziell an die Bed\u00fcrfnisse von kleinen Patienten angepasst<\/span><\/li>\n<li class=\"a-spacing-mini\"><span class=\"a-list-item\">BEW\u00c4HRTE QUALIT\u00c4T &#8211; PARI ist seit \u00fcber 100 Jahren die Marke des Vertrauens im Bereich Inhalation und weltweit als Spezialist hochwertiger Inhalationsger\u00e4te und Zubeh\u00f6rprodukte in der medizinischen Branche etabliert<\/span><\/li>\n<\/ul>\n","protected":false},"excerpt":{"rendered":"<p>HOCHWERTIGES INHALATIONSGER\u00c4T &#8211; PARI BOY Junior ist ein Medizinprodukt f\u00fcr Kinder und Babys ab dem ersten Lebensmonat zur Therapie von Atemwegserkrankungen, wie Bronchialasthma, allergischem Asthma und akuter oder chronischer Bronchitis EFFIZIENTE INHALATION &#8211; Der Inhalator mit PARI LC SPRINT Junior Vernebler erm\u00f6glicht kurze Inhalationszeiten bei hoher Lungendeposition und ist mit dem Feedbacksystem PIF-Control ausgestattet, f\u00fcr [&hellip;]<\/p>\n","protected":false},"featured_media":2885,"comment_status":"open","ping_status":"closed","template":"","meta":{"inline_featured_image":false},"product_brand":[],"product_cat":[36],"product_tag":[],"class_list":{"0":"post-2884","1":"product","2":"type-product","3":"status-publish","4":"has-post-thumbnail","6":"product_cat-care","8":"first","9":"instock","10":"shipping-taxable","11":"product-type-external"},"_links":{"self":[{"href":"https:\/\/kinderwelt.blog\/de\/wp-json\/wp\/v2\/product\/2884","targetHints":{"allow":["GET"]}}],"collection":[{"href":"https:\/\/kinderwelt.blog\/de\/wp-json\/wp\/v2\/product"}],"about":[{"href":"https:\/\/kinderwelt.blog\/de\/wp-json\/wp\/v2\/types\/product"}],"replies":[{"embeddable":true,"href":"https:\/\/kinderwelt.blog\/de\/wp-json\/wp\/v2\/comments?post=2884"}],"wp:featuredmedia":[{"embeddable":true,"href":"https:\/\/kinderwelt.blog\/de\/wp-json\/wp\/v2\/media\/2885"}],"wp:attachment":[{"href":"https:\/\/kinderwelt.blog\/de\/wp-json\/wp\/v2\/media?parent=2884"}],"wp:term":[{"taxonomy":"product_brand","embeddable":true,"href":"https:\/\/kinderwelt.blog\/de\/wp-json\/wp\/v2\/product_brand?post=2884"},{"taxonomy":"product_cat","embeddable":true,"href":"https:\/\/kinderwelt.blog\/de\/wp-json\/wp\/v2\/product_cat?post=2884"},{"taxonomy":"product_tag","embeddable":true,"href":"https:\/\/kinderwelt.blog\/de\/wp-json\/wp\/v2\/product_tag?post=2884"}],"curies":[{"name":"wp","href":"https:\/\/api.w.org\/{rel}","templated":true}]}}