{"id":294,"date":"2023-06-05T19:30:01","date_gmt":"2023-06-05T19:30:01","guid":{"rendered":"https:\/\/doubletrouble.blog\/de\/?post_type=product&#038;p=294"},"modified":"2023-07-05T18:37:08","modified_gmt":"2023-07-05T18:37:08","slug":"tommee-tippee-perfect-prep-day-night-flaschenzubereiter","status":"publish","type":"product","link":"https:\/\/kinderwelt.blog\/de\/product\/tommee-tippee-perfect-prep-day-night-flaschenzubereiter\/","title":{"rendered":"Tommee Tippee Perfect Prep Day &#038; Night Flaschenzubereiter"},"content":{"rendered":"<ul>\n<li>Schnelle Flaschenzubereitung: Die Perfect Prep Maschine liefert in nur 2 Minuten eine frische, k\u00f6rperwarme Nahrung! 10x schneller als Wasser zu kochen und abzuwarten, bis es abgek\u00fchlt ist<\/li>\n<li>Leitungswasserverwendung: Nicht notwendig, abgef\u00fclltes oder gefiltertes Wasser zu verwenden. Unser Filter verf\u00fcgt \u00fcber eine Membranfiltration, die Bakterien, Verunreinigungen und Schadstoffe entfernt<\/li>\n<li>Gebrauch: Nach Hinzuf\u00fcgen der Nahrung durch Knopfdruck 70 \u00b0C hei\u00dfes Wasser hinzugeben, das alle Bakterien in der Nahrung abt\u00f6tet. Sch\u00fcttle die Flasche und dr\u00fccke dann den Knopf f\u00fcr k\u00fchleres Wasser<\/li>\n<li>Verschiedene Gr\u00f6\u00dfen: Die Maschine ist f\u00fcr alle Marken und Mengen geeignet \u2013 von 120 bis 330 ml (4\u201311 fl oz). Der verstellbare Sockel ist f\u00fcr verschiedene Flaschenformen und -gr\u00f6\u00dfen geeignet<\/li>\n<li>Schlaf-freundlich: Mit einem klaren digitalen Display, einer einstellbaren Lautst\u00e4rkeregelung und sanft leuchtenden Lichtern war die Zubereitung einer Flasche im Dunkeln noch nie so einfach<\/li>\n<\/ul>\n","protected":false},"excerpt":{"rendered":"<p>Schnelle Flaschenzubereitung: Die Perfect Prep Maschine liefert in nur 2 Minuten eine frische, k\u00f6rperwarme Nahrung! 10x schneller als Wasser zu kochen und abzuwarten, bis es abgek\u00fchlt ist Leitungswasserverwendung: Nicht notwendig, abgef\u00fclltes oder gefiltertes Wasser zu verwenden. Unser Filter verf\u00fcgt \u00fcber eine Membranfiltration, die Bakterien, Verunreinigungen und Schadstoffe entfernt Gebrauch: Nach Hinzuf\u00fcgen der Nahrung durch Knopfdruck [&hellip;]<\/p>\n","protected":false},"featured_media":296,"comment_status":"open","ping_status":"closed","template":"","meta":{"inline_featured_image":false},"product_brand":[],"product_cat":[24],"product_tag":[],"class_list":{"0":"post-294","1":"product","2":"type-product","3":"status-publish","4":"has-post-thumbnail","6":"product_cat-feeding","8":"first","9":"instock","10":"shipping-taxable","11":"product-type-external"},"_links":{"self":[{"href":"https:\/\/kinderwelt.blog\/de\/wp-json\/wp\/v2\/product\/294","targetHints":{"allow":["GET"]}}],"collection":[{"href":"https:\/\/kinderwelt.blog\/de\/wp-json\/wp\/v2\/product"}],"about":[{"href":"https:\/\/kinderwelt.blog\/de\/wp-json\/wp\/v2\/types\/product"}],"replies":[{"embeddable":true,"href":"https:\/\/kinderwelt.blog\/de\/wp-json\/wp\/v2\/comments?post=294"}],"wp:featuredmedia":[{"embeddable":true,"href":"https:\/\/kinderwelt.blog\/de\/wp-json\/wp\/v2\/media\/296"}],"wp:attachment":[{"href":"https:\/\/kinderwelt.blog\/de\/wp-json\/wp\/v2\/media?parent=294"}],"wp:term":[{"taxonomy":"product_brand","embeddable":true,"href":"https:\/\/kinderwelt.blog\/de\/wp-json\/wp\/v2\/product_brand?post=294"},{"taxonomy":"product_cat","embeddable":true,"href":"https:\/\/kinderwelt.blog\/de\/wp-json\/wp\/v2\/product_cat?post=294"},{"taxonomy":"product_tag","embeddable":true,"href":"https:\/\/kinderwelt.blog\/de\/wp-json\/wp\/v2\/product_tag?post=294"}],"curies":[{"name":"wp","href":"https:\/\/api.w.org\/{rel}","templated":true}]}}