{"id":2945,"date":"2024-01-02T12:26:34","date_gmt":"2024-01-02T12:26:34","guid":{"rendered":"https:\/\/doubletrouble.blog\/de\/?post_type=product&#038;p=2945"},"modified":"2024-01-02T12:27:02","modified_gmt":"2024-01-02T12:27:02","slug":"4-stueck-cup-catcher-sicherheitsgurte-haltegriemen-fuer-spielzeugschnuller-trinkbecher-verstellbarer-fuer-kinderwagen-aus-silikon-bpa-frei","status":"publish","type":"product","link":"https:\/\/kinderwelt.blog\/de\/product\/4-stueck-cup-catcher-sicherheitsgurte-haltegriemen-fuer-spielzeugschnuller-trinkbecher-verstellbarer-fuer-kinderwagen-aus-silikon-bpa-frei\/","title":{"rendered":"Cup Catcher \/ Sicherheitsgurte \/ Haltegriemen f\u00fcr Spielzeug,Schnuller, Trinkbecher verstellbarer f\u00fcr Kinderwagen aus Silikon BPA-frei, 4 St\u00fcck"},"content":{"rendered":"<ul class=\"a-unordered-list a-vertical a-spacing-mini\">\n<li class=\"a-spacing-mini\"><span class=\"a-list-item\">\u3010Lebensmittelsilikonmaterial\u3011 Der Cup Catcher besteht aus hochwertigem Silikonmaterial, das f\u00fcr das Baby sicher und zuverl\u00e4ssig ist. Nicht leicht zu verblassen oder zu rei\u00dfen, BPA-freie gef\u00e4lschte Kette in Lebensmittelqualit\u00e4t, kann als Bei\u00dfring in den Mund genommen werden, Baby kann mit Zuversicht kauen.<\/span><\/li>\n<li class=\"a-spacing-mini\"><span class=\"a-list-item\">\u3010Einstellbare Gr\u00f6\u00dfe\u3011Sicherheitsgurte F\u00fcr Spielzeug Mit mehreren \u00d6sen ist es weich und elastisch und kann frei gedehnt und angepasst werden, unabh\u00e4ngig von der Gr\u00f6\u00dfe Ihrer Finger, es kann leicht eingef\u00fchrt werden.<\/span><\/li>\n<li class=\"a-spacing-mini\"><span class=\"a-list-item\">\u3010Praktischer Anti-Lost\u3011Sie erhalten 4 Trinkbecher Halteriemen, seine Gr\u00f6\u00dfe betr\u00e4gt 55 cm, mehrere Knopfl\u00f6cher, die L\u00e4nge kann frei angepasst werden, Sie k\u00f6nnen Babyspielzeug, Bei\u00dfringe und andere Vorr\u00e4te aufh\u00e4ngen, machen sich keine Sorgen mehr \u00fcber das Verlieren oder Herunterfallen von Spielzeug.<\/span><\/li>\n<li class=\"a-spacing-mini\"><span class=\"a-list-item\">\u3010Leicht zu reinigen\u3011Cup Catcher Hochtemperaturbest\u00e4ndig, kann in der Sp\u00fclmaschine gewaschen und sterilisiert oder zur Sterilisation gekocht werden. Sch\u00fctzen Sie Ihr Kind mit einem Schnappriemen vor Keimen.<\/span><\/li>\n<li class=\"a-spacing-mini\"><span class=\"a-list-item\">\u3010Breite Verwendung\u3011Trinkbecher Halteriemen Geeignet f\u00fcr fast alle Tassen, Flaschen und Spielzeug. Sie k\u00f6nnen auch an Kinderwagen, Autositzen, Hochst\u00fchlen und mehr befestigt werden. Eine Vielzahl leuchtender Farben stimuliert die sensorische Entwicklung des Babys. Dieser Baby-Bei\u00dfring ist leicht zu tragen und vielseitig.<\/span><\/li>\n<\/ul>\n","protected":false},"excerpt":{"rendered":"<p>\u3010Lebensmittelsilikonmaterial\u3011 Der Cup Catcher besteht aus hochwertigem Silikonmaterial, das f\u00fcr das Baby sicher und zuverl\u00e4ssig ist. Nicht leicht zu verblassen oder zu rei\u00dfen, BPA-freie gef\u00e4lschte Kette in Lebensmittelqualit\u00e4t, kann als Bei\u00dfring in den Mund genommen werden, Baby kann mit Zuversicht kauen. \u3010Einstellbare Gr\u00f6\u00dfe\u3011Sicherheitsgurte F\u00fcr Spielzeug Mit mehreren \u00d6sen ist es weich und elastisch und kann [&hellip;]<\/p>\n","protected":false},"featured_media":2946,"comment_status":"open","ping_status":"closed","template":"","meta":{"inline_featured_image":false},"product_brand":[],"product_cat":[33],"product_tag":[],"class_list":{"0":"post-2945","1":"product","2":"type-product","3":"status-publish","4":"has-post-thumbnail","6":"product_cat-stroller","8":"first","9":"instock","10":"shipping-taxable","11":"product-type-external"},"_links":{"self":[{"href":"https:\/\/kinderwelt.blog\/de\/wp-json\/wp\/v2\/product\/2945","targetHints":{"allow":["GET"]}}],"collection":[{"href":"https:\/\/kinderwelt.blog\/de\/wp-json\/wp\/v2\/product"}],"about":[{"href":"https:\/\/kinderwelt.blog\/de\/wp-json\/wp\/v2\/types\/product"}],"replies":[{"embeddable":true,"href":"https:\/\/kinderwelt.blog\/de\/wp-json\/wp\/v2\/comments?post=2945"}],"wp:featuredmedia":[{"embeddable":true,"href":"https:\/\/kinderwelt.blog\/de\/wp-json\/wp\/v2\/media\/2946"}],"wp:attachment":[{"href":"https:\/\/kinderwelt.blog\/de\/wp-json\/wp\/v2\/media?parent=2945"}],"wp:term":[{"taxonomy":"product_brand","embeddable":true,"href":"https:\/\/kinderwelt.blog\/de\/wp-json\/wp\/v2\/product_brand?post=2945"},{"taxonomy":"product_cat","embeddable":true,"href":"https:\/\/kinderwelt.blog\/de\/wp-json\/wp\/v2\/product_cat?post=2945"},{"taxonomy":"product_tag","embeddable":true,"href":"https:\/\/kinderwelt.blog\/de\/wp-json\/wp\/v2\/product_tag?post=2945"}],"curies":[{"name":"wp","href":"https:\/\/api.w.org\/{rel}","templated":true}]}}