{"id":3116,"date":"2024-01-13T08:12:36","date_gmt":"2024-01-13T08:12:36","guid":{"rendered":"https:\/\/doubletrouble.blog\/de\/?post_type=product&#038;p=3116"},"modified":"2024-01-13T08:15:16","modified_gmt":"2024-01-13T08:15:16","slug":"elmex-zahnpasta-baby-0-2-jahre-mit-aminfluorid","status":"publish","type":"product","link":"https:\/\/kinderwelt.blog\/de\/product\/elmex-zahnpasta-baby-0-2-jahre-mit-aminfluorid\/","title":{"rendered":"elmex Zahnpasta Baby 0-2 Jahre mit Fluorid"},"content":{"rendered":"<ul class=\"a-unordered-list a-vertical a-spacing-mini\">\n<li class=\"a-spacing-mini\"><span class=\"a-list-item\">Starke Formel\u2013 Die elmex Baby Zahnpasta 0-2 Jahre baut eine Kalziumfluoridschicht auf dem Zahnschmelz auf und h\u00e4lt die Milchz\u00e4hne als Platzhalter f\u00fcr die bleibenden Z\u00e4hne gesund<\/span><\/li>\n<li class=\"a-spacing-mini\"><span class=\"a-list-item\">3-fach Schutz \u2013 Die Kinder Zahnpasta mit Aminfluorid macht die Z\u00e4hne widerstandsf\u00e4hig gegen Karies, kariesbedingten Mineralverlust und ersetzt bereits gel\u00f6ste Mineralien<\/span><\/li>\n<li class=\"a-spacing-mini\"><span class=\"a-list-item\">0-2 Jahre \u2013 F\u00fcr die Altersgruppe von 0-2 Jahren ist die elmex Baby Zahnpasta klinisch best\u00e4tigt und bietet besonderen Kariesschutz f\u00fcr Milchz\u00e4hne<\/span><\/li>\n<li class=\"a-spacing-mini\"><span class=\"a-list-item\">Regelm\u00e4\u00dfige Zahnpflege \u2013 Ohne Farbstoffe und mit mildem Geschmack ist die Babyzahnpasta von elmex besonders sanft und schont das Zahnfleisch beim t\u00e4glichen Z\u00e4hneputzen<\/span><\/li>\n<li class=\"a-spacing-mini\"><span class=\"a-list-item\">Details &amp; Lieferumfang \u2013 elmex Zahnpasta f\u00fcr Kleinkinder von 0-2 Jahren, sch\u00fctzt den Zahnschmelz und beugt kariesbedingtem Mineralverlust vor, ohne Farbstoffe und mit mildem Geschmack, 1&#215;50 ml<\/span><\/li>\n<\/ul>\n","protected":false},"excerpt":{"rendered":"<p>Starke Formel\u2013 Die elmex Baby Zahnpasta 0-2 Jahre baut eine Kalziumfluoridschicht auf dem Zahnschmelz auf und h\u00e4lt die Milchz\u00e4hne als Platzhalter f\u00fcr die bleibenden Z\u00e4hne gesund 3-fach Schutz \u2013 Die Kinder Zahnpasta mit Aminfluorid macht die Z\u00e4hne widerstandsf\u00e4hig gegen Karies, kariesbedingten Mineralverlust und ersetzt bereits gel\u00f6ste Mineralien 0-2 Jahre \u2013 F\u00fcr die Altersgruppe von 0-2 [&hellip;]<\/p>\n","protected":false},"featured_media":3117,"comment_status":"open","ping_status":"closed","template":"","meta":{"inline_featured_image":false},"product_brand":[],"product_cat":[36],"product_tag":[],"class_list":{"0":"post-3116","1":"product","2":"type-product","3":"status-publish","4":"has-post-thumbnail","6":"product_cat-care","8":"first","9":"instock","10":"shipping-taxable","11":"product-type-external"},"_links":{"self":[{"href":"https:\/\/kinderwelt.blog\/de\/wp-json\/wp\/v2\/product\/3116","targetHints":{"allow":["GET"]}}],"collection":[{"href":"https:\/\/kinderwelt.blog\/de\/wp-json\/wp\/v2\/product"}],"about":[{"href":"https:\/\/kinderwelt.blog\/de\/wp-json\/wp\/v2\/types\/product"}],"replies":[{"embeddable":true,"href":"https:\/\/kinderwelt.blog\/de\/wp-json\/wp\/v2\/comments?post=3116"}],"wp:featuredmedia":[{"embeddable":true,"href":"https:\/\/kinderwelt.blog\/de\/wp-json\/wp\/v2\/media\/3117"}],"wp:attachment":[{"href":"https:\/\/kinderwelt.blog\/de\/wp-json\/wp\/v2\/media?parent=3116"}],"wp:term":[{"taxonomy":"product_brand","embeddable":true,"href":"https:\/\/kinderwelt.blog\/de\/wp-json\/wp\/v2\/product_brand?post=3116"},{"taxonomy":"product_cat","embeddable":true,"href":"https:\/\/kinderwelt.blog\/de\/wp-json\/wp\/v2\/product_cat?post=3116"},{"taxonomy":"product_tag","embeddable":true,"href":"https:\/\/kinderwelt.blog\/de\/wp-json\/wp\/v2\/product_tag?post=3116"}],"curies":[{"name":"wp","href":"https:\/\/api.w.org\/{rel}","templated":true}]}}