{"id":3135,"date":"2024-01-13T21:55:28","date_gmt":"2024-01-13T21:55:28","guid":{"rendered":"https:\/\/doubletrouble.blog\/de\/?post_type=product&#038;p=3135"},"modified":"2024-01-13T21:55:28","modified_gmt":"2024-01-13T21:55:28","slug":"weleda-bio-baby-calendula-wind-wetter-balsam","status":"publish","type":"product","link":"https:\/\/kinderwelt.blog\/de\/product\/weleda-bio-baby-calendula-wind-wetter-balsam\/","title":{"rendered":"WELEDA Bio Baby Calendula Wind &#038; Wetter Balsam"},"content":{"rendered":"<ul class=\"a-unordered-list a-vertical a-spacing-mini\">\n<li class=\"a-spacing-mini\"><span class=\"a-list-item\">SCH\u00dcTZT SENSIBLE BABYHAUT: Der nat\u00fcrliche Baby Calendula Wind und Wetterbalsam sch\u00fctzt die empfindliche Haut von Babys und Kleinkindern bei rauer Witterung, Wind und K\u00e4lte. Die wasserfreie Pflegecreme wirkt hautberuhigend und eignet sich zur Pflege von trockener, empfindlicher und zu Neurodermitis neigender Haut bei Kindern und Erwachsenen<\/span><\/li>\n<li class=\"a-spacing-mini\"><span class=\"a-list-item\">K\u00c4LTECREME MIT HOCHWERTIGEN ZUTATEN: Die Pflegecreme bildet mit hautverwandtem Wollwachs und reinem Bienenwachs eine nat\u00fcrliche Schutzbarriere und sch\u00fctzt die Haut wirksam vor N\u00e4sse und K\u00e4lte. Wertvolles Bio Mandel\u00f6l und Bio Sesam\u00f6l aus kontrolliert-biologischem Anbau f\u00f6rdern die Hautregeneration und pflegen die empfindliche Haut sanft und f\u00fchlbar geschmeidig<\/span><\/li>\n<li class=\"a-spacing-mini\"><span class=\"a-list-item\">OPTIMALE BABYPFLEGE: Der reichhaltige Baby Gesichtscreme und Handcreme sch\u00fctzt die zarte Gesichtshaut und H\u00e4nde zuverl\u00e4ssig vor K\u00e4lte, Wind und rauer Witterung \u2013 W\u00e4hrend der blumige Duft von Palmarosa und r\u00f6mischer Kamille eine entspannende und beruhigende Wirkung hat, vermitteln holzig-balsamische Basisnoten mit Amyris ein Gef\u00fchl von W\u00e4rme, Geborgenheit und Halt<\/span><\/li>\n<li class=\"a-spacing-mini\"><span class=\"a-list-item\">H\u00d6CHSTE WELEDA QUALIT\u00c4T: Der wasserfreie Baby Balsam wurde In Zusammenarbeit mit Hebammen entwickelt und ist zum Schutz Ihres Kindes frei von synthetischen Duft-, Farb- und Konservierungsstoffen, Mikroplastik-Inhaltsstoffen sowie Rohstoffen auf Mineral\u00f6lbasis &#8211; Die Hautvertr\u00e4glichkeit wurde dermatologisch best\u00e4tigt &#8211; auch f\u00fcr empfindliche Haut und bei Neurodermitis<\/span><\/li>\n<li class=\"a-spacing-mini\"><span class=\"a-list-item\">LIEFERUMFANG: 1x WELEDA Bio Baby Calendula Wind &amp; Wetter Balsam \u2013 nat\u00fcrliche Baby Gesichtscreme und Handcreme zum Schutz empfindlichen Baby Haut vor K\u00e4lte, Wind und rauer Witterung &#8211; Universell einsetzbar und anwendbar ab der Geburt bei Neugeborenen, Babys, Kindern und Erwachsenen<\/span><\/li>\n<\/ul>\n","protected":false},"excerpt":{"rendered":"<p>SCH\u00dcTZT SENSIBLE BABYHAUT: Der nat\u00fcrliche Baby Calendula Wind und Wetterbalsam sch\u00fctzt die empfindliche Haut von Babys und Kleinkindern bei rauer Witterung, Wind und K\u00e4lte. Die wasserfreie Pflegecreme wirkt hautberuhigend und eignet sich zur Pflege von trockener, empfindlicher und zu Neurodermitis neigender Haut bei Kindern und Erwachsenen K\u00c4LTECREME MIT HOCHWERTIGEN ZUTATEN: Die Pflegecreme bildet mit hautverwandtem [&hellip;]<\/p>\n","protected":false},"featured_media":3136,"comment_status":"open","ping_status":"closed","template":"","meta":{"inline_featured_image":false},"product_brand":[],"product_cat":[36],"product_tag":[],"class_list":{"0":"post-3135","1":"product","2":"type-product","3":"status-publish","4":"has-post-thumbnail","6":"product_cat-care","8":"first","9":"instock","10":"shipping-taxable","11":"product-type-external"},"_links":{"self":[{"href":"https:\/\/kinderwelt.blog\/de\/wp-json\/wp\/v2\/product\/3135","targetHints":{"allow":["GET"]}}],"collection":[{"href":"https:\/\/kinderwelt.blog\/de\/wp-json\/wp\/v2\/product"}],"about":[{"href":"https:\/\/kinderwelt.blog\/de\/wp-json\/wp\/v2\/types\/product"}],"replies":[{"embeddable":true,"href":"https:\/\/kinderwelt.blog\/de\/wp-json\/wp\/v2\/comments?post=3135"}],"wp:featuredmedia":[{"embeddable":true,"href":"https:\/\/kinderwelt.blog\/de\/wp-json\/wp\/v2\/media\/3136"}],"wp:attachment":[{"href":"https:\/\/kinderwelt.blog\/de\/wp-json\/wp\/v2\/media?parent=3135"}],"wp:term":[{"taxonomy":"product_brand","embeddable":true,"href":"https:\/\/kinderwelt.blog\/de\/wp-json\/wp\/v2\/product_brand?post=3135"},{"taxonomy":"product_cat","embeddable":true,"href":"https:\/\/kinderwelt.blog\/de\/wp-json\/wp\/v2\/product_cat?post=3135"},{"taxonomy":"product_tag","embeddable":true,"href":"https:\/\/kinderwelt.blog\/de\/wp-json\/wp\/v2\/product_tag?post=3135"}],"curies":[{"name":"wp","href":"https:\/\/api.w.org\/{rel}","templated":true}]}}