{"id":3137,"date":"2024-01-13T22:01:19","date_gmt":"2024-01-13T22:01:19","guid":{"rendered":"https:\/\/doubletrouble.blog\/de\/?post_type=product&#038;p=3137"},"modified":"2024-01-13T22:07:26","modified_gmt":"2024-01-13T22:07:26","slug":"popolini-iobio-baby-overall-wollfleece","status":"publish","type":"product","link":"https:\/\/kinderwelt.blog\/de\/product\/popolini-iobio-baby-overall-wollfleece\/","title":{"rendered":"popolini iobio Baby Overall Wollfleece"},"content":{"rendered":"<p>Der Fleeceoverall f\u00fcr Babies aus zertifizierter Wolle ist ideal f\u00fcr die kalte Jahreszeit. Schafwolle wird seit jeher f\u00fcr ihre nat\u00fcrliche thermoregulierende Wirkung gesch\u00e4tzt. Unser Wollfleece wird nach den GOTS-Richtlinien hergestellt, wodurch eine faire, schadstoffarme Produktion als auch eine artgerechte Tierhaltung (kbT) garantiert wird. Mit zwei im Vorderteil seitlich verlaufenden Rei\u00dfverschl\u00fcssen, die bis zu den Beinen verlaufen sodass die Vorderseite komplett &#8222;aufklappbar&#8220; ist, was ein einfaches An- und Ausziehen auch im Liegen erm\u00f6glicht. Die Kapuze ist mit angenehmen Baumwoll-Interlock gef\u00fcttert, f\u00fcr einen optimalen Schutz vor der K\u00e4lte sorgen Umschl\u00e4ge an den Beinen und \u00c4rmeln.<\/p>\n<p>Material:<br \/>\nWollfleece: 100% kbT* Wolle, GOTS<br \/>\nFutter: Interlock, 100% kbA** Baumwolle, GOTS<\/p>\n<p>Pflege:<br \/>\nreine Handw\u00e4sche, im feuchten Zustand in Form ziehen<\/p>\n<p>Tipp:<br \/>\nWollwaschmittel schont das Material beim Waschen<\/p>\n<p>*kbT= Wolle aus kontrolliert biologischer Tierhaltung<br \/>\n**kbA= Baumwolle aus kontrolliert biologischem Anbau<\/p>\n","protected":false},"excerpt":{"rendered":"<p>Der Fleeceoverall f\u00fcr Babies aus zertifizierter Wolle ist ideal f\u00fcr die kalte Jahreszeit. Schafwolle wird seit jeher f\u00fcr ihre nat\u00fcrliche thermoregulierende Wirkung gesch\u00e4tzt. Unser Wollfleece wird nach den GOTS-Richtlinien hergestellt, wodurch eine faire, schadstoffarme Produktion als auch eine artgerechte Tierhaltung (kbT) garantiert wird. Mit zwei im Vorderteil seitlich verlaufenden Rei\u00dfverschl\u00fcssen, die bis zu den Beinen [&hellip;]<\/p>\n","protected":false},"featured_media":3139,"comment_status":"open","ping_status":"closed","template":"","meta":{"inline_featured_image":false},"product_brand":[],"product_cat":[40],"product_tag":[],"class_list":{"0":"post-3137","1":"product","2":"type-product","3":"status-publish","4":"has-post-thumbnail","6":"product_cat-clothing","8":"first","9":"instock","10":"shipping-taxable","11":"product-type-external"},"_links":{"self":[{"href":"https:\/\/kinderwelt.blog\/de\/wp-json\/wp\/v2\/product\/3137","targetHints":{"allow":["GET"]}}],"collection":[{"href":"https:\/\/kinderwelt.blog\/de\/wp-json\/wp\/v2\/product"}],"about":[{"href":"https:\/\/kinderwelt.blog\/de\/wp-json\/wp\/v2\/types\/product"}],"replies":[{"embeddable":true,"href":"https:\/\/kinderwelt.blog\/de\/wp-json\/wp\/v2\/comments?post=3137"}],"wp:featuredmedia":[{"embeddable":true,"href":"https:\/\/kinderwelt.blog\/de\/wp-json\/wp\/v2\/media\/3139"}],"wp:attachment":[{"href":"https:\/\/kinderwelt.blog\/de\/wp-json\/wp\/v2\/media?parent=3137"}],"wp:term":[{"taxonomy":"product_brand","embeddable":true,"href":"https:\/\/kinderwelt.blog\/de\/wp-json\/wp\/v2\/product_brand?post=3137"},{"taxonomy":"product_cat","embeddable":true,"href":"https:\/\/kinderwelt.blog\/de\/wp-json\/wp\/v2\/product_cat?post=3137"},{"taxonomy":"product_tag","embeddable":true,"href":"https:\/\/kinderwelt.blog\/de\/wp-json\/wp\/v2\/product_tag?post=3137"}],"curies":[{"name":"wp","href":"https:\/\/api.w.org\/{rel}","templated":true}]}}