{"id":3361,"date":"2024-02-06T16:18:55","date_gmt":"2024-02-06T16:18:55","guid":{"rendered":"https:\/\/doubletrouble.blog\/de\/?post_type=product&#038;p=3361"},"modified":"2024-02-06T16:18:55","modified_gmt":"2024-02-06T16:18:55","slug":"verstellbare-fussstuetze-fuer-ikea-antilop-hochstuhl","status":"publish","type":"product","link":"https:\/\/kinderwelt.blog\/de\/product\/verstellbare-fussstuetze-fuer-ikea-antilop-hochstuhl\/","title":{"rendered":"Verstellbare Fu\u00dfst\u00fctze f\u00fcr IKEA Antilop Hochstuhl"},"content":{"rendered":"<ul class=\"a-unordered-list a-vertical a-spacing-mini\">\n<li class=\"a-spacing-mini\"><span class=\"a-list-item\">Stabilit\u00e4t: Die anziehbare Schraube st\u00e4rkt die Stabilit\u00e4t der Fu\u00dfst\u00fctze und sch\u00fctzt durch die abgerundete Kunststoffabdeckung das Baby vor Kratzern von scharfen Kanten. Der Schl\u00fcssel zum Anziehen wird mitgeliefert<\/span><\/li>\n<li class=\"a-spacing-mini\"><span class=\"a-list-item\">Stabile Haltung: Wirbels\u00e4ule, H\u00fcfte und Kopf bleiben durch die Fu\u00dfablage in einer nat\u00fcrlichen K\u00f6rperhaltung, sodass auch Sicherheit beim Essen gew\u00e4hrleistet werden kann. Au\u00dferdem wird so das selbst\u00e4ndige Essen schneller erlernt<\/span><\/li>\n<li class=\"a-spacing-mini\"><span class=\"a-list-item\">Funktionales Design: Ein funktionelles, schlichtes Design sorgt daf\u00fcr, dass die Fu\u00dfst\u00fctze zu jeder Farbe des Kinderstuhls passt und gleichzeitig ihre Funktion erf\u00fcllt<\/span><\/li>\n<li class=\"a-spacing-mini\"><span class=\"a-list-item\">Einfache Montage: Mit der anziehbaren Schraube werden das Montieren und Verstellen der Fu\u00dfst\u00fctze selbst zum Kinderspiel. Die Ma\u00dfe hierf\u00fcr sind: 46,5 x 2,5 x 8 cm<\/span><\/li>\n<li class=\"a-spacing-mini\"><span class=\"a-list-item\">Sauber &amp; nachhaltig: Um die Fu\u00dfst\u00fctze so lang wie m\u00f6glich erhalten zu lassen kann man sie mit einem milden Reinigungsmittel und sauberen, trockenen Tuch abwischen. Dazu kann man das Produkt bei der Entsorgung recyclen<\/span><\/li>\n<\/ul>\n","protected":false},"excerpt":{"rendered":"<p>Stabilit\u00e4t: Die anziehbare Schraube st\u00e4rkt die Stabilit\u00e4t der Fu\u00dfst\u00fctze und sch\u00fctzt durch die abgerundete Kunststoffabdeckung das Baby vor Kratzern von scharfen Kanten. Der Schl\u00fcssel zum Anziehen wird mitgeliefert Stabile Haltung: Wirbels\u00e4ule, H\u00fcfte und Kopf bleiben durch die Fu\u00dfablage in einer nat\u00fcrlichen K\u00f6rperhaltung, sodass auch Sicherheit beim Essen gew\u00e4hrleistet werden kann. Au\u00dferdem wird so das selbst\u00e4ndige [&hellip;]<\/p>\n","protected":false},"featured_media":3362,"comment_status":"open","ping_status":"closed","template":"","meta":{"inline_featured_image":false},"product_brand":[],"product_cat":[24],"product_tag":[],"class_list":{"0":"post-3361","1":"product","2":"type-product","3":"status-publish","4":"has-post-thumbnail","6":"product_cat-feeding","8":"first","9":"instock","10":"shipping-taxable","11":"product-type-external"},"_links":{"self":[{"href":"https:\/\/kinderwelt.blog\/de\/wp-json\/wp\/v2\/product\/3361","targetHints":{"allow":["GET"]}}],"collection":[{"href":"https:\/\/kinderwelt.blog\/de\/wp-json\/wp\/v2\/product"}],"about":[{"href":"https:\/\/kinderwelt.blog\/de\/wp-json\/wp\/v2\/types\/product"}],"replies":[{"embeddable":true,"href":"https:\/\/kinderwelt.blog\/de\/wp-json\/wp\/v2\/comments?post=3361"}],"wp:featuredmedia":[{"embeddable":true,"href":"https:\/\/kinderwelt.blog\/de\/wp-json\/wp\/v2\/media\/3362"}],"wp:attachment":[{"href":"https:\/\/kinderwelt.blog\/de\/wp-json\/wp\/v2\/media?parent=3361"}],"wp:term":[{"taxonomy":"product_brand","embeddable":true,"href":"https:\/\/kinderwelt.blog\/de\/wp-json\/wp\/v2\/product_brand?post=3361"},{"taxonomy":"product_cat","embeddable":true,"href":"https:\/\/kinderwelt.blog\/de\/wp-json\/wp\/v2\/product_cat?post=3361"},{"taxonomy":"product_tag","embeddable":true,"href":"https:\/\/kinderwelt.blog\/de\/wp-json\/wp\/v2\/product_tag?post=3361"}],"curies":[{"name":"wp","href":"https:\/\/api.w.org\/{rel}","templated":true}]}}