{"id":3480,"date":"2024-02-11T09:52:41","date_gmt":"2024-02-11T09:52:41","guid":{"rendered":"https:\/\/doubletrouble.blog\/de\/?post_type=product&#038;p=3480"},"modified":"2024-02-11T09:52:41","modified_gmt":"2024-02-11T09:52:41","slug":"stokke-tripp-trapp-storage","status":"publish","type":"product","link":"https:\/\/kinderwelt.blog\/de\/product\/stokke-tripp-trapp-storage\/","title":{"rendered":"Stokke Tripp Trapp Storage"},"content":{"rendered":"<p>Dieses Accessoire darf an Deinem Stokke Tripp Trapp nicht fehlen: Der Storage Korb schafft direkt am Hochstuhl eine praktische Ablage.<\/p>\n<ul>\n<li>Storage Korb von Stokke<\/li>\n<li>passend f\u00fcr Stokke Tripp Trapp Hochstuhl (kompatibel mit allen Tripp Trapps, die nach 2003 hergestellt wurden)<\/li>\n<li>auch mit Newborn Set, Babyset oder Sitzkissen montierbar<\/li>\n<li>zum Einh\u00e4ngen an die R\u00fcckseite des Tripp Trapps<\/li>\n<li>belastbar bis 1 kg<\/li>\n<li>sp\u00fclmaschinengeeignet<\/li>\n<li>aus Kunststoff (BPA-frei*)<\/li>\n<\/ul>\n<p>L\u00e4tzchen, Spielsachen und Co. sind im Storage Korb wunderbar aufgehoben. Das Zubeh\u00f6r wird einfach auf der R\u00fcckseite des Hochstuhls eingeh\u00e4ngt &#8211; zur Montage ist kein Werkzeug n\u00f6tig. Dabei kann er sowohl mit Newborn Set, Babyset oder Sitzkissen kombiniert werden.<br \/>\nDurchdacht: Der Korb h\u00e4ngt so hoch, dass ihn Kleinkinder bequem erreichen k\u00f6nnen. Zum Spielen, Malen oder f\u00fcr Hausaufgaben kann der Tripp Trapp Storage einfach abgenommen werden, um ihn auf dem Boden oder dem Tisch abzustellen.<\/p>\n<p>Pflegeleicht: Der Storage Korb ist aus robustem Kunststoff gefertigt, der sich leicht mit einem feuchten Tuch reinigen l\u00e4sst. Alternativ kann er auch in der Sp\u00fclmaschine gewaschen werden.<\/p>\n<p>*Selbstverst\u00e4ndlich BPA-frei, wie gesetzlich vorgeschrieben<\/p>\n","protected":false},"excerpt":{"rendered":"<p>Dieses Accessoire darf an Deinem Stokke Tripp Trapp nicht fehlen: Der Storage Korb schafft direkt am Hochstuhl eine praktische Ablage. Storage Korb von Stokke passend f\u00fcr Stokke Tripp Trapp Hochstuhl (kompatibel mit allen Tripp Trapps, die nach 2003 hergestellt wurden) auch mit Newborn Set, Babyset oder Sitzkissen montierbar zum Einh\u00e4ngen an die R\u00fcckseite des Tripp [&hellip;]<\/p>\n","protected":false},"featured_media":3481,"comment_status":"open","ping_status":"closed","template":"","meta":{"inline_featured_image":false},"product_brand":[],"product_cat":[24],"product_tag":[],"class_list":{"0":"post-3480","1":"product","2":"type-product","3":"status-publish","4":"has-post-thumbnail","6":"product_cat-feeding","8":"first","9":"instock","10":"shipping-taxable","11":"product-type-external"},"_links":{"self":[{"href":"https:\/\/kinderwelt.blog\/de\/wp-json\/wp\/v2\/product\/3480","targetHints":{"allow":["GET"]}}],"collection":[{"href":"https:\/\/kinderwelt.blog\/de\/wp-json\/wp\/v2\/product"}],"about":[{"href":"https:\/\/kinderwelt.blog\/de\/wp-json\/wp\/v2\/types\/product"}],"replies":[{"embeddable":true,"href":"https:\/\/kinderwelt.blog\/de\/wp-json\/wp\/v2\/comments?post=3480"}],"wp:featuredmedia":[{"embeddable":true,"href":"https:\/\/kinderwelt.blog\/de\/wp-json\/wp\/v2\/media\/3481"}],"wp:attachment":[{"href":"https:\/\/kinderwelt.blog\/de\/wp-json\/wp\/v2\/media?parent=3480"}],"wp:term":[{"taxonomy":"product_brand","embeddable":true,"href":"https:\/\/kinderwelt.blog\/de\/wp-json\/wp\/v2\/product_brand?post=3480"},{"taxonomy":"product_cat","embeddable":true,"href":"https:\/\/kinderwelt.blog\/de\/wp-json\/wp\/v2\/product_cat?post=3480"},{"taxonomy":"product_tag","embeddable":true,"href":"https:\/\/kinderwelt.blog\/de\/wp-json\/wp\/v2\/product_tag?post=3480"}],"curies":[{"name":"wp","href":"https:\/\/api.w.org\/{rel}","templated":true}]}}