{"id":3541,"date":"2024-02-29T15:29:14","date_gmt":"2024-02-29T15:29:14","guid":{"rendered":"https:\/\/doubletrouble.blog\/de\/?post_type=product&#038;p=3541"},"modified":"2024-02-29T15:32:08","modified_gmt":"2024-02-29T15:32:08","slug":"thule-chariot-cross-2-fahrradanhaenger","status":"publish","type":"product","link":"https:\/\/kinderwelt.blog\/de\/product\/thule-chariot-cross-2-fahrradanhaenger\/","title":{"rendered":"Thule Chariot Cross 2 Fahrradanh\u00e4nger"},"content":{"rendered":"<ul class=\"a-unordered-list a-vertical a-spacing-mini\">\n<li class=\"a-spacing-mini\"><span class=\"a-list-item\">4 Aktivit\u00e4ten \u2013 bestens geeignet f\u00fcr alle vier Aktivit\u00e4ten: Radfahren, Joggen, Spazierengehen und Skilanglauf (Jogging- und Skisets separat erh\u00e4ltlich)<\/span><\/li>\n<li class=\"a-spacing-mini\"><span class=\"a-list-item\">Das Thule VersaWing System \u2013 Erm\u00f6glicht schnelles und einfaches Umr\u00fcsten zwischen verschiedenen Aktivit\u00e4ten unabh\u00e4ngig vom verwendeten Set.<\/span><\/li>\n<li class=\"a-spacing-mini\"><span class=\"a-list-item\">Einstellbare Federung \u2013 Blattfedern sorgen f\u00fcr eine sanfte Fahrt.<\/span><\/li>\n<li class=\"a-spacing-mini\"><span class=\"a-list-item\">Komfortable gepolsterte Sitze \u2013 abnehmbar und leicht zu reinigen<\/span><\/li>\n<li class=\"a-spacing-mini\"><span class=\"a-list-item\">Komfortfunktionen (inbegriffen) \u2013 Liegesitz, einstellbare Federung und gesonderter Gep\u00e4ckstauraum<\/span><\/li>\n<\/ul>\n","protected":false},"excerpt":{"rendered":"<p>4 Aktivit\u00e4ten \u2013 bestens geeignet f\u00fcr alle vier Aktivit\u00e4ten: Radfahren, Joggen, Spazierengehen und Skilanglauf (Jogging- und Skisets separat erh\u00e4ltlich) Das Thule VersaWing System \u2013 Erm\u00f6glicht schnelles und einfaches Umr\u00fcsten zwischen verschiedenen Aktivit\u00e4ten unabh\u00e4ngig vom verwendeten Set. Einstellbare Federung \u2013 Blattfedern sorgen f\u00fcr eine sanfte Fahrt. Komfortable gepolsterte Sitze \u2013 abnehmbar und leicht zu reinigen Komfortfunktionen [&hellip;]<\/p>\n","protected":false},"featured_media":3542,"comment_status":"open","ping_status":"closed","template":"","meta":{"inline_featured_image":false},"product_brand":[],"product_cat":[33],"product_tag":[],"class_list":{"0":"post-3541","1":"product","2":"type-product","3":"status-publish","4":"has-post-thumbnail","6":"product_cat-stroller","8":"first","9":"instock","10":"shipping-taxable","11":"product-type-external"},"_links":{"self":[{"href":"https:\/\/kinderwelt.blog\/de\/wp-json\/wp\/v2\/product\/3541","targetHints":{"allow":["GET"]}}],"collection":[{"href":"https:\/\/kinderwelt.blog\/de\/wp-json\/wp\/v2\/product"}],"about":[{"href":"https:\/\/kinderwelt.blog\/de\/wp-json\/wp\/v2\/types\/product"}],"replies":[{"embeddable":true,"href":"https:\/\/kinderwelt.blog\/de\/wp-json\/wp\/v2\/comments?post=3541"}],"wp:featuredmedia":[{"embeddable":true,"href":"https:\/\/kinderwelt.blog\/de\/wp-json\/wp\/v2\/media\/3542"}],"wp:attachment":[{"href":"https:\/\/kinderwelt.blog\/de\/wp-json\/wp\/v2\/media?parent=3541"}],"wp:term":[{"taxonomy":"product_brand","embeddable":true,"href":"https:\/\/kinderwelt.blog\/de\/wp-json\/wp\/v2\/product_brand?post=3541"},{"taxonomy":"product_cat","embeddable":true,"href":"https:\/\/kinderwelt.blog\/de\/wp-json\/wp\/v2\/product_cat?post=3541"},{"taxonomy":"product_tag","embeddable":true,"href":"https:\/\/kinderwelt.blog\/de\/wp-json\/wp\/v2\/product_tag?post=3541"}],"curies":[{"name":"wp","href":"https:\/\/api.w.org\/{rel}","templated":true}]}}