{"id":3543,"date":"2024-02-29T15:30:59","date_gmt":"2024-02-29T15:30:59","guid":{"rendered":"https:\/\/doubletrouble.blog\/de\/?post_type=product&#038;p=3543"},"modified":"2024-02-29T15:30:59","modified_gmt":"2024-02-29T15:30:59","slug":"thule-fahrrad-achsadapter-achsverlaengerung","status":"publish","type":"product","link":"https:\/\/kinderwelt.blog\/de\/product\/thule-fahrrad-achsadapter-achsverlaengerung\/","title":{"rendered":"Thule Fahrrad Achsadapter Achsverl\u00e4ngerung"},"content":{"rendered":"<ul class=\"a-unordered-list a-vertical a-spacing-mini\">\n<li class=\"a-spacing-mini\"><span class=\"a-list-item\">\u3010Warme Tipps\u3011 Bitte beachten Sie, dass dieser Adapter nur f\u00fcr 3\/8&#8243; x26 Vollachse geeignet ist, das \u00e4u\u00dfere 9.5mm Feingewinde wird f\u00fcr die Kupplung verwendet.<\/span><\/li>\n<li class=\"a-spacing-mini\"><span class=\"a-list-item\">\u3010Bestes Zubeh\u00f6r\u3011 Wenn der Platz zu klein ist, um den Koppler zu installieren, kann dieser Adapter helfen, den Abstand zu verl\u00e4ngern, um mehr Platz zu schaffen.<\/span><\/li>\n<li class=\"a-spacing-mini\"><span class=\"a-list-item\">\u3010Praktikalit\u00e4t\u3011 Mit diesem Adapter wird der Fahrradst\u00e4nder hinten nicht blockiert.<\/span><\/li>\n<li class=\"a-spacing-mini\"><span class=\"a-list-item\">\u3010Verbesserte Sicherheit\u3011 Dieser Adapter hilft, den Abstand zwischen Anh\u00e4ngerkupplung und Fahrradreifen zu verl\u00e4ngern. Dann schl\u00e4gt die Anh\u00e4ngerkupplung nicht auf den Reifen, wenn das Fahrrad bis zum Anschlag dreht.<\/span><\/li>\n<li class=\"a-spacing-mini\"><span class=\"a-list-item\">\u3010Service und Support\u3011 Wir sind bestrebt, jedem Kunden ein zufriedenes Produkt zu liefern. Bitte z\u00f6gern Sie nicht, uns zu kontaktieren, wenn Sie Fragen zu dieser Kupplung haben. Sie k\u00f6nnen Ihr Geld zur\u00fcckbekommen, wenn es nicht das<\/span><\/li>\n<\/ul>\n","protected":false},"excerpt":{"rendered":"<p>\u3010Warme Tipps\u3011 Bitte beachten Sie, dass dieser Adapter nur f\u00fcr 3\/8&#8243; x26 Vollachse geeignet ist, das \u00e4u\u00dfere 9.5mm Feingewinde wird f\u00fcr die Kupplung verwendet. \u3010Bestes Zubeh\u00f6r\u3011 Wenn der Platz zu klein ist, um den Koppler zu installieren, kann dieser Adapter helfen, den Abstand zu verl\u00e4ngern, um mehr Platz zu schaffen. \u3010Praktikalit\u00e4t\u3011 Mit diesem Adapter wird [&hellip;]<\/p>\n","protected":false},"featured_media":3544,"comment_status":"open","ping_status":"closed","template":"","meta":{"inline_featured_image":false},"product_brand":[],"product_cat":[33],"product_tag":[],"class_list":{"0":"post-3543","1":"product","2":"type-product","3":"status-publish","4":"has-post-thumbnail","6":"product_cat-stroller","8":"first","9":"instock","10":"shipping-taxable","11":"product-type-external"},"_links":{"self":[{"href":"https:\/\/kinderwelt.blog\/de\/wp-json\/wp\/v2\/product\/3543","targetHints":{"allow":["GET"]}}],"collection":[{"href":"https:\/\/kinderwelt.blog\/de\/wp-json\/wp\/v2\/product"}],"about":[{"href":"https:\/\/kinderwelt.blog\/de\/wp-json\/wp\/v2\/types\/product"}],"replies":[{"embeddable":true,"href":"https:\/\/kinderwelt.blog\/de\/wp-json\/wp\/v2\/comments?post=3543"}],"wp:featuredmedia":[{"embeddable":true,"href":"https:\/\/kinderwelt.blog\/de\/wp-json\/wp\/v2\/media\/3544"}],"wp:attachment":[{"href":"https:\/\/kinderwelt.blog\/de\/wp-json\/wp\/v2\/media?parent=3543"}],"wp:term":[{"taxonomy":"product_brand","embeddable":true,"href":"https:\/\/kinderwelt.blog\/de\/wp-json\/wp\/v2\/product_brand?post=3543"},{"taxonomy":"product_cat","embeddable":true,"href":"https:\/\/kinderwelt.blog\/de\/wp-json\/wp\/v2\/product_cat?post=3543"},{"taxonomy":"product_tag","embeddable":true,"href":"https:\/\/kinderwelt.blog\/de\/wp-json\/wp\/v2\/product_tag?post=3543"}],"curies":[{"name":"wp","href":"https:\/\/api.w.org\/{rel}","templated":true}]}}