{"id":3546,"date":"2024-02-29T15:32:04","date_gmt":"2024-02-29T15:32:04","guid":{"rendered":"https:\/\/doubletrouble.blog\/de\/?post_type=product&#038;p=3546"},"modified":"2024-02-29T15:32:04","modified_gmt":"2024-02-29T15:32:04","slug":"fahrradanhaenger-kupplung-fuer-thule-anhaenger","status":"publish","type":"product","link":"https:\/\/kinderwelt.blog\/de\/product\/fahrradanhaenger-kupplung-fuer-thule-anhaenger\/","title":{"rendered":"Fahrradanh\u00e4nger Kupplung f\u00fcr Thule Anh\u00e4nger"},"content":{"rendered":"<ul class=\"a-unordered-list a-vertical a-spacing-mini\">\n<li class=\"a-spacing-mini\"><span class=\"a-list-item\">UNIVERSELL EINSETZBAR &#8211; Diese Fahrrad Anha\u0308ngerkupplung von VELMIA eignet sich f\u00fcr alle Thule Chariot &amp; Thule Coaster Fahrradanh\u00e4nger. So kannst du deinen Anha\u0308nger mit mehreren Fahrra\u0308dern nutzen ohne jedesmal die Kupplung wechseln zu mu\u0308ssen!<\/span><\/li>\n<li class=\"a-spacing-mini\"><span class=\"a-list-item\">SICHERER &amp; FESTER HALT &#8211; Im Gegensatz zu herk\u00f6mmlichen Fahrrad Anh\u00e4ngerkupplungen besitzen unsere Anha\u0308ngerkupplungen jeweils an der Vorder- &amp; Ru\u0308ckseite zus\u00e4tzliche Riffelungen. Diese sorgen fu\u0308r einen besseren &amp; sicheren Halt am Schnellspanner!<\/span><\/li>\n<li class=\"a-spacing-mini\"><span class=\"a-list-item\">EXTRA ROBUST &amp; FLEXIBEL &#8211; Maximale Sicherheit im Verkehr: Dank einer hohen Beweglichkeit des Anha\u0308ngers kannst du mit diesem System auch kurvenreiche Strecken problemlos fahren. Auf plo\u0308tzliche Gefahren kannst du somit rechtzeitig reagieren!<\/span><\/li>\n<li class=\"a-spacing-mini\"><span class=\"a-list-item\">DIE VOLLE SICHERHEIT &#8211; Durch den tiefliegenden Schwerpunkt neigt der Anh\u00e4nger weniger zum Schaukeln &amp; Kippen. Selbst wenn dein Rad umf\u00e4llt, bleibt der Fahrradanh\u00e4nger aufrecht stehen. Dadurch bietet die Kupplung maximale Sicherheit f\u00fcr deine Liebsten!<\/span><\/li>\n<li class=\"a-spacing-mini\"><span class=\"a-list-item\">KUNDENORIENTIERTES START-UP &#8211; VELMIA ist immer eine Fahrradl\u00e4nge voraus und bietet dir neben hochwertigen Fahrradprodukten auch einen zuverl\u00e4ssigen, deutschsprachigen Kundenservice!<\/span><\/li>\n<\/ul>\n","protected":false},"excerpt":{"rendered":"<p>UNIVERSELL EINSETZBAR &#8211; Diese Fahrrad Anha\u0308ngerkupplung von VELMIA eignet sich f\u00fcr alle Thule Chariot &amp; Thule Coaster Fahrradanh\u00e4nger. So kannst du deinen Anha\u0308nger mit mehreren Fahrra\u0308dern nutzen ohne jedesmal die Kupplung wechseln zu mu\u0308ssen! SICHERER &amp; FESTER HALT &#8211; Im Gegensatz zu herk\u00f6mmlichen Fahrrad Anh\u00e4ngerkupplungen besitzen unsere Anha\u0308ngerkupplungen jeweils an der Vorder- &amp; Ru\u0308ckseite zus\u00e4tzliche [&hellip;]<\/p>\n","protected":false},"featured_media":3547,"comment_status":"open","ping_status":"closed","template":"","meta":{"inline_featured_image":false},"product_brand":[],"product_cat":[33],"product_tag":[],"class_list":{"0":"post-3546","1":"product","2":"type-product","3":"status-publish","4":"has-post-thumbnail","6":"product_cat-stroller","8":"first","9":"instock","10":"shipping-taxable","11":"product-type-external"},"_links":{"self":[{"href":"https:\/\/kinderwelt.blog\/de\/wp-json\/wp\/v2\/product\/3546","targetHints":{"allow":["GET"]}}],"collection":[{"href":"https:\/\/kinderwelt.blog\/de\/wp-json\/wp\/v2\/product"}],"about":[{"href":"https:\/\/kinderwelt.blog\/de\/wp-json\/wp\/v2\/types\/product"}],"replies":[{"embeddable":true,"href":"https:\/\/kinderwelt.blog\/de\/wp-json\/wp\/v2\/comments?post=3546"}],"wp:featuredmedia":[{"embeddable":true,"href":"https:\/\/kinderwelt.blog\/de\/wp-json\/wp\/v2\/media\/3547"}],"wp:attachment":[{"href":"https:\/\/kinderwelt.blog\/de\/wp-json\/wp\/v2\/media?parent=3546"}],"wp:term":[{"taxonomy":"product_brand","embeddable":true,"href":"https:\/\/kinderwelt.blog\/de\/wp-json\/wp\/v2\/product_brand?post=3546"},{"taxonomy":"product_cat","embeddable":true,"href":"https:\/\/kinderwelt.blog\/de\/wp-json\/wp\/v2\/product_cat?post=3546"},{"taxonomy":"product_tag","embeddable":true,"href":"https:\/\/kinderwelt.blog\/de\/wp-json\/wp\/v2\/product_tag?post=3546"}],"curies":[{"name":"wp","href":"https:\/\/api.w.org\/{rel}","templated":true}]}}