{"id":3548,"date":"2024-02-29T16:06:02","date_gmt":"2024-02-29T16:06:02","guid":{"rendered":"https:\/\/doubletrouble.blog\/de\/?post_type=product&#038;p=3548"},"modified":"2024-02-29T16:06:03","modified_gmt":"2024-02-29T16:06:03","slug":"thule-distanzstueck-10mm","status":"publish","type":"product","link":"https:\/\/kinderwelt.blog\/de\/product\/thule-distanzstueck-10mm\/","title":{"rendered":"Thule Distanzst\u00fcck 10mm"},"content":{"rendered":"<p>Adapter f\u00fcr verschiedene Rahmenformen oder Fahrr\u00e4der mit integrierten St\u00e4ndern.<\/p>\n","protected":false},"excerpt":{"rendered":"<p>Adapter f\u00fcr verschiedene Rahmenformen oder Fahrr\u00e4der mit integrierten St\u00e4ndern.<\/p>\n","protected":false},"featured_media":3549,"comment_status":"open","ping_status":"closed","template":"","meta":{"inline_featured_image":false},"product_brand":[],"product_cat":[33],"product_tag":[],"class_list":{"0":"post-3548","1":"product","2":"type-product","3":"status-publish","4":"has-post-thumbnail","6":"product_cat-stroller","8":"first","9":"instock","10":"shipping-taxable","11":"product-type-external"},"_links":{"self":[{"href":"https:\/\/kinderwelt.blog\/de\/wp-json\/wp\/v2\/product\/3548","targetHints":{"allow":["GET"]}}],"collection":[{"href":"https:\/\/kinderwelt.blog\/de\/wp-json\/wp\/v2\/product"}],"about":[{"href":"https:\/\/kinderwelt.blog\/de\/wp-json\/wp\/v2\/types\/product"}],"replies":[{"embeddable":true,"href":"https:\/\/kinderwelt.blog\/de\/wp-json\/wp\/v2\/comments?post=3548"}],"wp:featuredmedia":[{"embeddable":true,"href":"https:\/\/kinderwelt.blog\/de\/wp-json\/wp\/v2\/media\/3549"}],"wp:attachment":[{"href":"https:\/\/kinderwelt.blog\/de\/wp-json\/wp\/v2\/media?parent=3548"}],"wp:term":[{"taxonomy":"product_brand","embeddable":true,"href":"https:\/\/kinderwelt.blog\/de\/wp-json\/wp\/v2\/product_brand?post=3548"},{"taxonomy":"product_cat","embeddable":true,"href":"https:\/\/kinderwelt.blog\/de\/wp-json\/wp\/v2\/product_cat?post=3548"},{"taxonomy":"product_tag","embeddable":true,"href":"https:\/\/kinderwelt.blog\/de\/wp-json\/wp\/v2\/product_tag?post=3548"}],"curies":[{"name":"wp","href":"https:\/\/api.w.org\/{rel}","templated":true}]}}