{"id":3622,"date":"2024-03-02T19:16:16","date_gmt":"2024-03-02T19:16:16","guid":{"rendered":"https:\/\/doubletrouble.blog\/de\/?post_type=product&#038;p=3622"},"modified":"2024-03-02T19:16:17","modified_gmt":"2024-03-02T19:16:17","slug":"hiplok-z-lok-4-pack","status":"publish","type":"product","link":"https:\/\/kinderwelt.blog\/de\/product\/hiplok-z-lok-4-pack\/","title":{"rendered":"Hiplok Z LOK 4 Pack"},"content":{"rendered":"<ul class=\"a-unordered-list a-vertical a-spacing-small\">\n<li><span class=\"a-list-item a-size-base a-color-base\">Ultraleichtes, abschlie\u00dfbares &amp; multifunktionales Sicherheitsband mit verst\u00e4rktem Stahlkern<\/span><\/li>\n<\/ul>\n<ul class=\"a-unordered-list a-vertical a-spacing-small\">\n<li><span class=\"a-list-item a-size-base a-color-base\">Flexibler, einstellbarer &amp; schneller Schutz, wann und wo immer man ihn braucht<\/span><\/li>\n<\/ul>\n<ul class=\"a-unordered-list a-vertical a-spacing-small\">\n<li><span class=\"a-list-item a-size-base a-color-base\">Anpassbarer Schlie\u00dfumfang von 40 cm dank dem doppelten Sperrmechanismus mit Ratsche<\/span><\/li>\n<\/ul>\n<ul class=\"a-unordered-list a-vertical a-spacing-small\">\n<li><span class=\"a-list-item a-size-base a-color-base\">Inklusive vier Univeral-Metallschl\u00fcssel<\/span><\/li>\n<\/ul>\n<ul class=\"a-unordered-list a-vertical a-spacing-small\">\n<li><span class=\"a-list-item a-size-base a-color-base\">Dank dem geringen Gewicht von 20 g eignet sich das Hiplok Z LOK ideal f\u00fcr unterwegs<\/span><\/li>\n<\/ul>\n","protected":false},"excerpt":{"rendered":"<p>Ultraleichtes, abschlie\u00dfbares &amp; multifunktionales Sicherheitsband mit verst\u00e4rktem Stahlkern Flexibler, einstellbarer &amp; schneller Schutz, wann und wo immer man ihn braucht Anpassbarer Schlie\u00dfumfang von 40 cm dank dem doppelten Sperrmechanismus mit Ratsche Inklusive vier Univeral-Metallschl\u00fcssel Dank dem geringen Gewicht von 20 g eignet sich das Hiplok Z LOK ideal f\u00fcr unterwegs<\/p>\n","protected":false},"featured_media":3623,"comment_status":"open","ping_status":"closed","template":"","meta":{"inline_featured_image":false},"product_brand":[],"product_cat":[33],"product_tag":[],"class_list":{"0":"post-3622","1":"product","2":"type-product","3":"status-publish","4":"has-post-thumbnail","6":"product_cat-stroller","8":"first","9":"instock","10":"shipping-taxable","11":"product-type-external"},"_links":{"self":[{"href":"https:\/\/kinderwelt.blog\/de\/wp-json\/wp\/v2\/product\/3622","targetHints":{"allow":["GET"]}}],"collection":[{"href":"https:\/\/kinderwelt.blog\/de\/wp-json\/wp\/v2\/product"}],"about":[{"href":"https:\/\/kinderwelt.blog\/de\/wp-json\/wp\/v2\/types\/product"}],"replies":[{"embeddable":true,"href":"https:\/\/kinderwelt.blog\/de\/wp-json\/wp\/v2\/comments?post=3622"}],"wp:featuredmedia":[{"embeddable":true,"href":"https:\/\/kinderwelt.blog\/de\/wp-json\/wp\/v2\/media\/3623"}],"wp:attachment":[{"href":"https:\/\/kinderwelt.blog\/de\/wp-json\/wp\/v2\/media?parent=3622"}],"wp:term":[{"taxonomy":"product_brand","embeddable":true,"href":"https:\/\/kinderwelt.blog\/de\/wp-json\/wp\/v2\/product_brand?post=3622"},{"taxonomy":"product_cat","embeddable":true,"href":"https:\/\/kinderwelt.blog\/de\/wp-json\/wp\/v2\/product_cat?post=3622"},{"taxonomy":"product_tag","embeddable":true,"href":"https:\/\/kinderwelt.blog\/de\/wp-json\/wp\/v2\/product_tag?post=3622"}],"curies":[{"name":"wp","href":"https:\/\/api.w.org\/{rel}","templated":true}]}}