{"id":3634,"date":"2024-03-02T19:46:59","date_gmt":"2024-03-02T19:46:59","guid":{"rendered":"https:\/\/doubletrouble.blog\/de\/?post_type=product&#038;p=3634"},"modified":"2024-03-02T19:50:13","modified_gmt":"2024-03-02T19:50:13","slug":"thule-chariot-sport-2","status":"publish","type":"product","link":"https:\/\/kinderwelt.blog\/de\/product\/thule-chariot-sport-2\/","title":{"rendered":"Thule Chariot Sport 2"},"content":{"rendered":"<p>Der Fahrradanh\u00e4nger Chariot Sport 2 von Thule f\u00fcr Geschwister oder Zwillinge ist ein wahres Multitalent. Er ist Anh\u00e4nger und Buggy zugleich. Mit den separat erh\u00e4ltlichen Erweiterungen kann er sogar als Jogger oder beim Skilanglauf verwendet werden.<\/p>\n<ul>\n<li><b>Altersempfehlung:<\/b>\u00a0ab 6 Monaten bis ins Kleinkindalter; ab Geburt mit Zubeh\u00f6r<\/li>\n<li><b>Belastbarkeit:<\/b>\u00a045 kg<\/li>\n<li><b>Verwendung:\u00a0<\/b>Fahrradanh\u00e4nger, alternativ Buggy f\u00fcr City und Umgebung<\/li>\n<li><b>Klappma\u00df:\u00a0<\/b>87(L) x 80(B) x 37,5(H) cm<\/li>\n<li><b>Gewicht:<\/b>\u00a015,9 kg<\/li>\n<li><b>R\u00e4der:\u00a0<\/b>Vorderr\u00e4der schwenk- und feststellbar, luftgef\u00fcllte Hinterreifen, R\u00e4der abnehmbar, einstellbare Blattfedern, handbet\u00e4tigte Scheibenbremse<\/li>\n<li><b>Lieferumfang:\u00a0<\/b>Gestell, 2 Sitze, R\u00e4der,\u00a0<span class=\"show-image-on-click\" data-target=\"#product-carousel\" data-slide-to=\"0\">Fahrradanh\u00e4nger-, Buggy-Set, Fach f\u00fcr Utensilien<\/span><\/li>\n<li><b>Gestell:\u00a0<\/b>VersaWing-System f\u00fcr schnellen Umbau, kompakt zusammenklappbar,\u00a0<span class=\"show-image-on-click\" data-target=\"#product-carousel\" data-slide-to=\"0\">verstellbarer XL-Laderaum, Click n\u2019 Store zum Mitf\u00fchren des Buggy- und Radfahr-Sets, Anh\u00e4ngerkupplung<\/span><\/li>\n<li><b>Sportsitz:\u00a0<\/b>Sitze mit Polsterung, Sitze einh\u00e4ndig einzeln bis in Liegeposition verstellbar, komfortable Sitzh\u00f6he von 68 cm, 5-Punkt-Sicherheitsgurtsystem, abnehmbare Fenster, mehrfach verstellbare Sonnenblende, Sitze abnehmbar und leicht zu reinigen<\/li>\n<\/ul>\n","protected":false},"excerpt":{"rendered":"<p>Der Fahrradanh\u00e4nger Chariot Sport 2 von Thule f\u00fcr Geschwister oder Zwillinge ist ein wahres Multitalent. Er ist Anh\u00e4nger und Buggy zugleich. Mit den separat erh\u00e4ltlichen Erweiterungen kann er sogar als Jogger oder beim Skilanglauf verwendet werden. Altersempfehlung:\u00a0ab 6 Monaten bis ins Kleinkindalter; ab Geburt mit Zubeh\u00f6r Belastbarkeit:\u00a045 kg Verwendung:\u00a0Fahrradanh\u00e4nger, alternativ Buggy f\u00fcr City und Umgebung [&hellip;]<\/p>\n","protected":false},"featured_media":3637,"comment_status":"open","ping_status":"closed","template":"","meta":{"inline_featured_image":false},"product_brand":[],"product_cat":[33],"product_tag":[],"class_list":{"0":"post-3634","1":"product","2":"type-product","3":"status-publish","4":"has-post-thumbnail","6":"product_cat-stroller","8":"first","9":"instock","10":"shipping-taxable","11":"product-type-external"},"_links":{"self":[{"href":"https:\/\/kinderwelt.blog\/de\/wp-json\/wp\/v2\/product\/3634","targetHints":{"allow":["GET"]}}],"collection":[{"href":"https:\/\/kinderwelt.blog\/de\/wp-json\/wp\/v2\/product"}],"about":[{"href":"https:\/\/kinderwelt.blog\/de\/wp-json\/wp\/v2\/types\/product"}],"replies":[{"embeddable":true,"href":"https:\/\/kinderwelt.blog\/de\/wp-json\/wp\/v2\/comments?post=3634"}],"wp:featuredmedia":[{"embeddable":true,"href":"https:\/\/kinderwelt.blog\/de\/wp-json\/wp\/v2\/media\/3637"}],"wp:attachment":[{"href":"https:\/\/kinderwelt.blog\/de\/wp-json\/wp\/v2\/media?parent=3634"}],"wp:term":[{"taxonomy":"product_brand","embeddable":true,"href":"https:\/\/kinderwelt.blog\/de\/wp-json\/wp\/v2\/product_brand?post=3634"},{"taxonomy":"product_cat","embeddable":true,"href":"https:\/\/kinderwelt.blog\/de\/wp-json\/wp\/v2\/product_cat?post=3634"},{"taxonomy":"product_tag","embeddable":true,"href":"https:\/\/kinderwelt.blog\/de\/wp-json\/wp\/v2\/product_tag?post=3634"}],"curies":[{"name":"wp","href":"https:\/\/api.w.org\/{rel}","templated":true}]}}