{"id":365,"date":"2023-06-26T09:34:59","date_gmt":"2023-06-26T09:34:59","guid":{"rendered":"https:\/\/doubletrouble.blog\/de\/?post_type=product&#038;p=365"},"modified":"2023-07-05T18:38:03","modified_gmt":"2023-07-05T18:38:03","slug":"wickelunterlage-fuer-unterwegs","status":"publish","type":"product","link":"https:\/\/kinderwelt.blog\/de\/product\/wickelunterlage-fuer-unterwegs\/","title":{"rendered":"Wickelunterlage f\u00fcr unterwegs"},"content":{"rendered":"<ul>\n<li>BEQUEMES WICKELN UNTERWEGS &#8211; Unsere faltbare Wickelunterlage ist eine schnelle und einfache L\u00f6sung f\u00fcr das Wickeln, sowohl f\u00fcr zu Hause als auch unterwegs. Die waschbare Wickelauflage h\u00e4lt Ihr Kind von schmutzigen Oberfl\u00e4chen und Keimen fern.<\/li>\n<li>WASSERFEST &#8211; wasserfeste Babywickelauflage ist besonders bei verschmutzungen Praktisch, es reicht sie mit einem feuchtem Lappen abzuwischen und schon ist die Wickelmatte einsatzbereit.<\/li>\n<li>EINFACH VERSTAUBAR &#8211; Einfach falten und mit dem Klettverschluss verschlie\u00dfen, damit sie leicht und kompakt ist und so unterwegs einfach in Ihre Tasche passt.<\/li>\n<li>PERFEKTE MA\u00dfE &#8211; Dank der handlichen Gr\u00f6\u00dfe sind Babyunterlagen das ideale Zubeh\u00f6r f\u00fcr Reisen und Autofahrten. L\u00e4nge 80 cm, Breite: 45 cm, Dicke: ca. 1 cm. Changing mat nach dem zusammenfalten: ca. 17&#215;25 cm &#8211; so passt sie sogar in eine kleine Wickeltasche.<\/li>\n<li>KINDERFREUNDLICHE MOTIVE: Wickelmatte in verschiedenen Motiven erh\u00e4ltlich, Design f\u00fcr M\u00e4dchen und f\u00fcr Jungen. Perfekt ale Baby-Shower Geschenk.<\/li>\n<\/ul>\n","protected":false},"excerpt":{"rendered":"<p>BEQUEMES WICKELN UNTERWEGS &#8211; Unsere faltbare Wickelunterlage ist eine schnelle und einfache L\u00f6sung f\u00fcr das Wickeln, sowohl f\u00fcr zu Hause als auch unterwegs. Die waschbare Wickelauflage h\u00e4lt Ihr Kind von schmutzigen Oberfl\u00e4chen und Keimen fern. WASSERFEST &#8211; wasserfeste Babywickelauflage ist besonders bei verschmutzungen Praktisch, es reicht sie mit einem feuchtem Lappen abzuwischen und schon ist [&hellip;]<\/p>\n","protected":false},"featured_media":366,"comment_status":"open","ping_status":"closed","template":"","meta":{"inline_featured_image":false},"product_brand":[],"product_cat":[32],"product_tag":[],"class_list":{"0":"post-365","1":"product","2":"type-product","3":"status-publish","4":"has-post-thumbnail","6":"product_cat-diapering","8":"first","9":"instock","10":"shipping-taxable","11":"product-type-external"},"_links":{"self":[{"href":"https:\/\/kinderwelt.blog\/de\/wp-json\/wp\/v2\/product\/365","targetHints":{"allow":["GET"]}}],"collection":[{"href":"https:\/\/kinderwelt.blog\/de\/wp-json\/wp\/v2\/product"}],"about":[{"href":"https:\/\/kinderwelt.blog\/de\/wp-json\/wp\/v2\/types\/product"}],"replies":[{"embeddable":true,"href":"https:\/\/kinderwelt.blog\/de\/wp-json\/wp\/v2\/comments?post=365"}],"wp:featuredmedia":[{"embeddable":true,"href":"https:\/\/kinderwelt.blog\/de\/wp-json\/wp\/v2\/media\/366"}],"wp:attachment":[{"href":"https:\/\/kinderwelt.blog\/de\/wp-json\/wp\/v2\/media?parent=365"}],"wp:term":[{"taxonomy":"product_brand","embeddable":true,"href":"https:\/\/kinderwelt.blog\/de\/wp-json\/wp\/v2\/product_brand?post=365"},{"taxonomy":"product_cat","embeddable":true,"href":"https:\/\/kinderwelt.blog\/de\/wp-json\/wp\/v2\/product_cat?post=365"},{"taxonomy":"product_tag","embeddable":true,"href":"https:\/\/kinderwelt.blog\/de\/wp-json\/wp\/v2\/product_tag?post=365"}],"curies":[{"name":"wp","href":"https:\/\/api.w.org\/{rel}","templated":true}]}}