{"id":371,"date":"2023-06-26T10:08:19","date_gmt":"2023-06-26T10:08:19","guid":{"rendered":"https:\/\/doubletrouble.blog\/de\/?post_type=product&#038;p=371"},"modified":"2023-07-05T18:35:38","modified_gmt":"2023-07-05T18:35:38","slug":"nuk-portionierer","status":"publish","type":"product","link":"https:\/\/kinderwelt.blog\/de\/product\/nuk-portionierer\/","title":{"rendered":"Nuk Portionierer"},"content":{"rendered":"<ul>\n<li>Drei einzeln verschlie\u00dfbare D\u00f6schen &#8211; Praktisch f\u00fcr zu Hause und unterwegs<\/li>\n<li>Aufeinander stapelbar und miteinander verschraubbar &#8211; Mit praktischem Einf\u00fclltrichter im Deckel<\/li>\n<li>Frei von Bisphenol A und Phthalaten<\/li>\n<li>Aus hochwertigem Kunststoff (PP). F\u00fcr den einzelnen Spender: L\u00e4nge &#8211; 8 cm; Breite &#8211; 8 cm; H\u00f6he &#8211; 5.8 cm<\/li>\n<li>Gepr\u00fcft lebensmittelecht. Entspricht der europ\u00e4ischen Richtlinie 2002\/72\/EG<\/li>\n<\/ul>\n","protected":false},"excerpt":{"rendered":"<p>Drei einzeln verschlie\u00dfbare D\u00f6schen &#8211; Praktisch f\u00fcr zu Hause und unterwegs Aufeinander stapelbar und miteinander verschraubbar &#8211; Mit praktischem Einf\u00fclltrichter im Deckel Frei von Bisphenol A und Phthalaten Aus hochwertigem Kunststoff (PP). F\u00fcr den einzelnen Spender: L\u00e4nge &#8211; 8 cm; Breite &#8211; 8 cm; H\u00f6he &#8211; 5.8 cm Gepr\u00fcft lebensmittelecht. Entspricht der europ\u00e4ischen Richtlinie 2002\/72\/EG<\/p>\n","protected":false},"featured_media":372,"comment_status":"open","ping_status":"closed","template":"","meta":{"inline_featured_image":false},"product_brand":[],"product_cat":[24],"product_tag":[],"class_list":{"0":"post-371","1":"product","2":"type-product","3":"status-publish","4":"has-post-thumbnail","6":"product_cat-feeding","8":"first","9":"instock","10":"shipping-taxable","11":"product-type-external"},"_links":{"self":[{"href":"https:\/\/kinderwelt.blog\/de\/wp-json\/wp\/v2\/product\/371","targetHints":{"allow":["GET"]}}],"collection":[{"href":"https:\/\/kinderwelt.blog\/de\/wp-json\/wp\/v2\/product"}],"about":[{"href":"https:\/\/kinderwelt.blog\/de\/wp-json\/wp\/v2\/types\/product"}],"replies":[{"embeddable":true,"href":"https:\/\/kinderwelt.blog\/de\/wp-json\/wp\/v2\/comments?post=371"}],"wp:featuredmedia":[{"embeddable":true,"href":"https:\/\/kinderwelt.blog\/de\/wp-json\/wp\/v2\/media\/372"}],"wp:attachment":[{"href":"https:\/\/kinderwelt.blog\/de\/wp-json\/wp\/v2\/media?parent=371"}],"wp:term":[{"taxonomy":"product_brand","embeddable":true,"href":"https:\/\/kinderwelt.blog\/de\/wp-json\/wp\/v2\/product_brand?post=371"},{"taxonomy":"product_cat","embeddable":true,"href":"https:\/\/kinderwelt.blog\/de\/wp-json\/wp\/v2\/product_cat?post=371"},{"taxonomy":"product_tag","embeddable":true,"href":"https:\/\/kinderwelt.blog\/de\/wp-json\/wp\/v2\/product_tag?post=371"}],"curies":[{"name":"wp","href":"https:\/\/api.w.org\/{rel}","templated":true}]}}