{"id":3728,"date":"2024-03-15T09:33:47","date_gmt":"2024-03-15T09:33:47","guid":{"rendered":"https:\/\/doubletrouble.blog\/de\/?post_type=product&#038;p=3728"},"modified":"2025-02-17T07:55:48","modified_gmt":"2025-02-17T07:55:48","slug":"kindersicherung-fuer-schrank-und-schubladen-mit-magnet","status":"publish","type":"product","link":"https:\/\/kinderwelt.blog\/de\/product\/kindersicherung-fuer-schrank-und-schubladen-mit-magnet\/","title":{"rendered":"Kindersicherung f\u00fcr Schrank und Schubladen mit Magnet"},"content":{"rendered":"<ul>\n<li>Sch\u00fctzen Sie ihr Baby &#8211; Halten Sie Ihre neugierigen kleinen Kinder weg von den Schubladen und Schr\u00e4nken, die mit gef\u00e4hrlichen Werkzeuge oder Chemikalien gef\u00fcllt werden.<\/li>\n<li>Einfach zu installieren &#8211; keine Schrauben oder Werkzeug ben\u00f6tigt. Halten Sie einfach die Magnetisches Schrankschloss mit Klebeband an der richtigen Stelle.<\/li>\n<li>Unsichtbar von dem Au\u00dfen &#8211; das Schloss wird innerhalb den Schr\u00e4nken oder Schubladen installiert, aus den Augen der Kinder und G\u00e4ste. Damit kann es Ihr Zuhause ansprechend machen und idealen Kinderschutz bieten.<\/li>\n<li>Leistungsstarke Magnetisches schl\u00fcssel und schl\u00f6sser &#8211; es ist leistungsstark auf irgendeiner Oberfl\u00e4che, deren Dicke weniger als 1.2 inch(30mm) ist.<\/li>\n<li>Packung f\u00fcr den Heimgebrauch &#8211; Ein Set mit 10 Schl\u00f6ssern und 2 Schl\u00fcsseln f\u00fcr den Heimgebrauch in Schr\u00e4nken, K\u00fcchenschr\u00e4nken, Schubladen und Wandschr\u00e4nken usw. Dokon 12 Monate Garantie und 45 Tage Geld-Zur\u00fcckzahlen-Garantie hat.<\/li>\n<\/ul>\n","protected":false},"excerpt":{"rendered":"<p>Sch\u00fctzen Sie ihr Baby &#8211; Halten Sie Ihre neugierigen kleinen Kinder weg von den Schubladen und Schr\u00e4nken, die mit gef\u00e4hrlichen Werkzeuge oder Chemikalien gef\u00fcllt werden. Einfach zu installieren &#8211; keine Schrauben oder Werkzeug ben\u00f6tigt. Halten Sie einfach die Magnetisches Schrankschloss mit Klebeband an der richtigen Stelle. Unsichtbar von dem Au\u00dfen &#8211; das Schloss wird innerhalb [&hellip;]<\/p>\n","protected":false},"featured_media":3729,"comment_status":"open","ping_status":"closed","template":"","meta":{"inline_featured_image":false},"product_brand":[],"product_cat":[25],"product_tag":[],"class_list":{"0":"post-3728","1":"product","2":"type-product","3":"status-publish","4":"has-post-thumbnail","6":"product_cat-furniture","8":"first","9":"instock","10":"shipping-taxable","11":"product-type-external"},"_links":{"self":[{"href":"https:\/\/kinderwelt.blog\/de\/wp-json\/wp\/v2\/product\/3728","targetHints":{"allow":["GET"]}}],"collection":[{"href":"https:\/\/kinderwelt.blog\/de\/wp-json\/wp\/v2\/product"}],"about":[{"href":"https:\/\/kinderwelt.blog\/de\/wp-json\/wp\/v2\/types\/product"}],"replies":[{"embeddable":true,"href":"https:\/\/kinderwelt.blog\/de\/wp-json\/wp\/v2\/comments?post=3728"}],"wp:featuredmedia":[{"embeddable":true,"href":"https:\/\/kinderwelt.blog\/de\/wp-json\/wp\/v2\/media\/3729"}],"wp:attachment":[{"href":"https:\/\/kinderwelt.blog\/de\/wp-json\/wp\/v2\/media?parent=3728"}],"wp:term":[{"taxonomy":"product_brand","embeddable":true,"href":"https:\/\/kinderwelt.blog\/de\/wp-json\/wp\/v2\/product_brand?post=3728"},{"taxonomy":"product_cat","embeddable":true,"href":"https:\/\/kinderwelt.blog\/de\/wp-json\/wp\/v2\/product_cat?post=3728"},{"taxonomy":"product_tag","embeddable":true,"href":"https:\/\/kinderwelt.blog\/de\/wp-json\/wp\/v2\/product_tag?post=3728"}],"curies":[{"name":"wp","href":"https:\/\/api.w.org\/{rel}","templated":true}]}}