{"id":3730,"date":"2024-03-15T09:37:07","date_gmt":"2024-03-15T09:37:07","guid":{"rendered":"https:\/\/doubletrouble.blog\/de\/?post_type=product&#038;p=3730"},"modified":"2024-03-15T09:37:07","modified_gmt":"2024-03-15T09:37:07","slug":"kindersicherung-fuer-schrank-und-schubladen-zum-kleben","status":"publish","type":"product","link":"https:\/\/kinderwelt.blog\/de\/product\/kindersicherung-fuer-schrank-und-schubladen-zum-kleben\/","title":{"rendered":"Kindersicherung f\u00fcr Schrank und Schubladen zum Kleben"},"content":{"rendered":"<p>\ud83c\udf7c\ud835\udd4a\ud835\udd5a\ud835\udd54\ud835\udd59\ud835\udd56\ud835\udd63 \ud835\udd4c\ud835\udd5f\ud835\udd55 \ud835\udd3e\ud835\udd56\ud835\udd64\ud835\udd66\ud835\udd5f\ud835\udd55 \u2013 Mit der kindersicherung schrank und schubladensicherung baby findet Ihr Kind ein sicheres Zuhause. Sie m\u00fcssen sich keine Sorgen machen, dass Ihr Kind scharfe oder gef\u00e4hrliche Gegenst\u00e4nde ergreift.<\/p>\n<p>\ud83d\udc76\ud835\udd43\ud835\udd52\ud835\udd5f\ud835\udd58\ud835\udd5d\ud835\udd56\ud835\udd53\ud835\udd5a\ud835\udd58\ud835\udd56\ud835\udd64 \ud835\udd44\ud835\udd52\ud835\udd65\ud835\udd56\ud835\udd63\ud835\udd5a\ud835\udd52\ud835\udd5d \u2013 Das Material der Kindersicherung ist ABS+PVC. Die Haftung des Babyschutzgitters am M\u00f6belst\u00fcck wird durch starkes 3M-Klebeband gew\u00e4hrleistet.Ideal kindersicherung schubladen or klemmschutz f\u00fcr t\u00fcren.<\/p>\n<p>\ud83c\udf89\ud835\udd44\ud835\udd56\ud835\udd59\ud835\udd63\ud835\udd56\ud835\udd63\ud835\udd56 \ud835\udd3d\ud835\udd66\ud835\udd5f\ud835\udd5c\ud835\udd65\ud835\udd5a\ud835\udd60\ud835\udd5f\ud835\udd56\ud835\udd5f \u2013 Verstellbares Griffdesign, schranksicherung baby kann frei eingestellt und auf eine geeignete L\u00e4nge zugeschnitten werden. Die flexiblen Kabelbinder sind in der L\u00e4nge verstellbar und k\u00f6nnen auf ebenen Fl\u00e4chen oder um Ecken herum verwendet werden, ohne zu brechen.<\/p>\n<p>\ud83d\udc9d\ud835\udd44\ud835\udd56\ud835\udd59\ud835\udd63\ud835\udd57\ud835\udd52\ud835\udd54\ud835\udd59 \ud835\udd4d\ud835\udd56\ud835\udd63\ud835\udd68\ud835\udd56\ud835\udd5f\ud835\udd55\ud835\udd53\ud835\udd52\ud835\udd63 &#8211; Baby safety lock auf allen Arten von Oberfl\u00e4chen, M\u00f6beln und Ger\u00e4ten, Haushaltsger\u00e4ten oder T\u00fcren, Schr\u00e4nken, Sideboards, Kommoden, Mikrowellenherden, Barschr\u00e4nken und mehr verwendet werden.<\/p>\n<p>\u2728\ud835\udd3c\ud835\udd5a\ud835\udd5f\ud835\udd57\ud835\udd52\ud835\udd54\ud835\udd59 \u2124\ud835\udd66 \ud835\udd40\ud835\udd5f\ud835\udd64\ud835\udd65\ud835\udd52\ud835\udd5d\ud835\udd5d\ud835\udd5a\ud835\udd56\ud835\udd63\ud835\udd56\ud835\udd5f \u2013 Vor der Installation babysicherung schrank, reinigen Sie es bitte, stellen Sie sicher, dass es nicht verschmutzt ist, dr\u00fccken Sie 30 Sekunden lang auf das Sicherheitsschloss und lassen Sie es dann 24 Stunden lang stehen, um die Klebrigkeit zu verbessern. Der Kleber leicht l\u00f6sen indem man diesen kurz mit dem f\u00f6hn anw\u00e4rmt, spurlos entfernbar.<\/p>\n","protected":false},"excerpt":{"rendered":"<p>\ud83c\udf7c\ud835\udd4a\ud835\udd5a\ud835\udd54\ud835\udd59\ud835\udd56\ud835\udd63 \ud835\udd4c\ud835\udd5f\ud835\udd55 \ud835\udd3e\ud835\udd56\ud835\udd64\ud835\udd66\ud835\udd5f\ud835\udd55 \u2013 Mit der kindersicherung schrank und schubladensicherung baby findet Ihr Kind ein sicheres Zuhause. Sie m\u00fcssen sich keine Sorgen machen, dass Ihr Kind scharfe oder gef\u00e4hrliche Gegenst\u00e4nde ergreift. \ud83d\udc76\ud835\udd43\ud835\udd52\ud835\udd5f\ud835\udd58\ud835\udd5d\ud835\udd56\ud835\udd53\ud835\udd5a\ud835\udd58\ud835\udd56\ud835\udd64 \ud835\udd44\ud835\udd52\ud835\udd65\ud835\udd56\ud835\udd63\ud835\udd5a\ud835\udd52\ud835\udd5d \u2013 Das Material der Kindersicherung ist ABS+PVC. Die Haftung des Babyschutzgitters am M\u00f6belst\u00fcck wird durch starkes 3M-Klebeband gew\u00e4hrleistet.Ideal kindersicherung schubladen or klemmschutz [&hellip;]<\/p>\n","protected":false},"featured_media":3731,"comment_status":"open","ping_status":"closed","template":"","meta":{"inline_featured_image":false},"product_brand":[],"product_cat":[25],"product_tag":[],"class_list":{"0":"post-3730","1":"product","2":"type-product","3":"status-publish","4":"has-post-thumbnail","6":"product_cat-furniture","8":"first","9":"instock","10":"shipping-taxable","11":"product-type-external"},"_links":{"self":[{"href":"https:\/\/kinderwelt.blog\/de\/wp-json\/wp\/v2\/product\/3730","targetHints":{"allow":["GET"]}}],"collection":[{"href":"https:\/\/kinderwelt.blog\/de\/wp-json\/wp\/v2\/product"}],"about":[{"href":"https:\/\/kinderwelt.blog\/de\/wp-json\/wp\/v2\/types\/product"}],"replies":[{"embeddable":true,"href":"https:\/\/kinderwelt.blog\/de\/wp-json\/wp\/v2\/comments?post=3730"}],"wp:featuredmedia":[{"embeddable":true,"href":"https:\/\/kinderwelt.blog\/de\/wp-json\/wp\/v2\/media\/3731"}],"wp:attachment":[{"href":"https:\/\/kinderwelt.blog\/de\/wp-json\/wp\/v2\/media?parent=3730"}],"wp:term":[{"taxonomy":"product_brand","embeddable":true,"href":"https:\/\/kinderwelt.blog\/de\/wp-json\/wp\/v2\/product_brand?post=3730"},{"taxonomy":"product_cat","embeddable":true,"href":"https:\/\/kinderwelt.blog\/de\/wp-json\/wp\/v2\/product_cat?post=3730"},{"taxonomy":"product_tag","embeddable":true,"href":"https:\/\/kinderwelt.blog\/de\/wp-json\/wp\/v2\/product_tag?post=3730"}],"curies":[{"name":"wp","href":"https:\/\/api.w.org\/{rel}","templated":true}]}}