{"id":3938,"date":"2024-06-12T05:03:06","date_gmt":"2024-06-12T05:03:06","guid":{"rendered":"https:\/\/doubletrouble.blog\/de\/?post_type=product&#038;p=3938"},"modified":"2024-06-12T05:03:07","modified_gmt":"2024-06-12T05:03:07","slug":"deuter-kid-comfort-kindertrage","status":"publish","type":"product","link":"https:\/\/kinderwelt.blog\/de\/product\/deuter-kid-comfort-kindertrage\/","title":{"rendered":"deuter Kid Comfort Kindertrage"},"content":{"rendered":"<ul class=\"a-unordered-list a-vertical a-spacing-small\">\n<li><span class=\"a-list-item a-size-base a-color-base\">Bewegliche VariFlex ECL H\u00fcftflossen verteilen das Gewicht bequem<\/span><\/li>\n<\/ul>\n<ul class=\"a-unordered-list a-vertical a-spacing-small\">\n<li><span class=\"a-list-item a-size-base a-color-base\">Stufenlose VariSlide R\u00fcckenl\u00e4ngen-Anpassung mit gro\u00dfer Bandbreite, damit beide Elternteile die Kraxe angenehm tragen k\u00f6nnen<\/span><\/li>\n<\/ul>\n<ul class=\"a-unordered-list a-vertical a-spacing-small\">\n<li><span class=\"a-list-item a-size-base a-color-base\">Langes Rei\u00dfverschluss-Fach am R\u00fccken f\u00fcr das Sonnendach (enthalten) oder 3.0-Liter-Streamer (nicht enthalten)<\/span><\/li>\n<\/ul>\n<ul class=\"a-unordered-list a-vertical a-spacing-small\">\n<li><span class=\"a-list-item a-size-base a-color-base\">F\u00fcr den Transport zusammenklappbar<\/span><\/li>\n<\/ul>\n<ul class=\"a-unordered-list a-vertical a-spacing-small\">\n<li><span class=\"a-list-item a-size-base a-color-base\">H\u00f6henverstellbarer Kindersitz und Fu\u00dfst\u00fctzen<\/span><\/li>\n<\/ul>\n","protected":false},"excerpt":{"rendered":"<p>Bewegliche VariFlex ECL H\u00fcftflossen verteilen das Gewicht bequem Stufenlose VariSlide R\u00fcckenl\u00e4ngen-Anpassung mit gro\u00dfer Bandbreite, damit beide Elternteile die Kraxe angenehm tragen k\u00f6nnen Langes Rei\u00dfverschluss-Fach am R\u00fccken f\u00fcr das Sonnendach (enthalten) oder 3.0-Liter-Streamer (nicht enthalten) F\u00fcr den Transport zusammenklappbar H\u00f6henverstellbarer Kindersitz und Fu\u00dfst\u00fctzen<\/p>\n","protected":false},"featured_media":3944,"comment_status":"open","ping_status":"closed","template":"","meta":{"inline_featured_image":false},"product_brand":[],"product_cat":[34],"product_tag":[],"class_list":{"0":"post-3938","1":"product","2":"type-product","3":"status-publish","4":"has-post-thumbnail","6":"product_cat-carrier","8":"first","9":"instock","10":"shipping-taxable","11":"product-type-external"},"_links":{"self":[{"href":"https:\/\/kinderwelt.blog\/de\/wp-json\/wp\/v2\/product\/3938","targetHints":{"allow":["GET"]}}],"collection":[{"href":"https:\/\/kinderwelt.blog\/de\/wp-json\/wp\/v2\/product"}],"about":[{"href":"https:\/\/kinderwelt.blog\/de\/wp-json\/wp\/v2\/types\/product"}],"replies":[{"embeddable":true,"href":"https:\/\/kinderwelt.blog\/de\/wp-json\/wp\/v2\/comments?post=3938"}],"wp:featuredmedia":[{"embeddable":true,"href":"https:\/\/kinderwelt.blog\/de\/wp-json\/wp\/v2\/media\/3944"}],"wp:attachment":[{"href":"https:\/\/kinderwelt.blog\/de\/wp-json\/wp\/v2\/media?parent=3938"}],"wp:term":[{"taxonomy":"product_brand","embeddable":true,"href":"https:\/\/kinderwelt.blog\/de\/wp-json\/wp\/v2\/product_brand?post=3938"},{"taxonomy":"product_cat","embeddable":true,"href":"https:\/\/kinderwelt.blog\/de\/wp-json\/wp\/v2\/product_cat?post=3938"},{"taxonomy":"product_tag","embeddable":true,"href":"https:\/\/kinderwelt.blog\/de\/wp-json\/wp\/v2\/product_tag?post=3938"}],"curies":[{"name":"wp","href":"https:\/\/api.w.org\/{rel}","templated":true}]}}