{"id":4049,"date":"2025-02-03T12:16:08","date_gmt":"2025-02-03T12:16:08","guid":{"rendered":"https:\/\/kinderwelt.blog\/de\/?post_type=product&#038;p=4049"},"modified":"2025-02-14T20:24:40","modified_gmt":"2025-02-14T20:24:40","slug":"muenzkapsel-40mm-inkl-schatulle","status":"publish","type":"product","link":"https:\/\/kinderwelt.blog\/de\/product\/muenzkapsel-40mm-inkl-schatulle\/","title":{"rendered":"M\u00fcnzkapsel 41 mm mit Schaumstoffdichtung"},"content":{"rendered":"<ul>\n<li class=\"a-spacing-mini\"><span class=\"a-list-item\">Professionelles Design: Spezielle kundenspezifische Steckpl\u00e4tze, jedes M\u00fcnzfach wird in einem festen Steckplatz in der M\u00fcnzaufbewahrungsbox aufbewahrt, leicht herauszunehmen und unabh\u00e4ngig aufzubewahren.<\/span><\/li>\n<li class=\"a-spacing-mini\"><span class=\"a-list-item\">Gr\u00f6\u00dfe des M\u00fcnzfachs: Innengr\u00f6\u00dfe 41 x 3 mm, Au\u00dfengr\u00f6\u00dfe 46 x 3 mm; Passen Sie Silberdollar, M\u00fctzen, Token, Medaillons, Abzeichen usw.<\/span><\/li>\n<li class=\"a-spacing-mini\"><span class=\"a-list-item\">Material: M\u00fcnzsammelzubeh\u00f6r aus hochtransparentem Premium-Kunststoff, staubdicht und antioxidativ, KEIN PVC.<\/span><\/li>\n<li class=\"a-spacing-mini\"><span class=\"a-list-item\">Eight Size Gasket: Each gasket has 8 sizes for coin diameter 18\/20\/22\/25\/27\/30\/38\/41 mm. Used to fix coins.<\/span><\/li>\n<li class=\"a-spacing-mini\"><span class=\"a-list-item\">Lieferumfang: M\u00fcnzetui x 60, Dichtung x 60, 1 x Aufbewahrungsbox aus Kunststoff. M\u00fcnz-Organizer ist das ideale Geschenk f\u00fcr M\u00fcnzliebhaber.<\/span><\/li>\n<\/ul>\n","protected":false},"excerpt":{"rendered":"<p>Professionelles Design: Spezielle kundenspezifische Steckpl\u00e4tze, jedes M\u00fcnzfach wird in einem festen Steckplatz in der M\u00fcnzaufbewahrungsbox aufbewahrt, leicht herauszunehmen und unabh\u00e4ngig aufzubewahren. Gr\u00f6\u00dfe des M\u00fcnzfachs: Innengr\u00f6\u00dfe 41 x 3 mm, Au\u00dfengr\u00f6\u00dfe 46 x 3 mm; Passen Sie Silberdollar, M\u00fctzen, Token, Medaillons, Abzeichen usw. Material: M\u00fcnzsammelzubeh\u00f6r aus hochtransparentem Premium-Kunststoff, staubdicht und antioxidativ, KEIN PVC. Eight Size Gasket: [&hellip;]<\/p>\n","protected":false},"featured_media":4533,"comment_status":"open","ping_status":"closed","template":"","meta":{"inline_featured_image":false},"product_brand":[],"product_cat":[22],"product_tag":[],"class_list":{"0":"post-4049","1":"product","2":"type-product","3":"status-publish","4":"has-post-thumbnail","6":"product_cat-electronics","8":"first","9":"instock","10":"shipping-taxable","11":"product-type-external"},"_links":{"self":[{"href":"https:\/\/kinderwelt.blog\/de\/wp-json\/wp\/v2\/product\/4049","targetHints":{"allow":["GET"]}}],"collection":[{"href":"https:\/\/kinderwelt.blog\/de\/wp-json\/wp\/v2\/product"}],"about":[{"href":"https:\/\/kinderwelt.blog\/de\/wp-json\/wp\/v2\/types\/product"}],"replies":[{"embeddable":true,"href":"https:\/\/kinderwelt.blog\/de\/wp-json\/wp\/v2\/comments?post=4049"}],"wp:featuredmedia":[{"embeddable":true,"href":"https:\/\/kinderwelt.blog\/de\/wp-json\/wp\/v2\/media\/4533"}],"wp:attachment":[{"href":"https:\/\/kinderwelt.blog\/de\/wp-json\/wp\/v2\/media?parent=4049"}],"wp:term":[{"taxonomy":"product_brand","embeddable":true,"href":"https:\/\/kinderwelt.blog\/de\/wp-json\/wp\/v2\/product_brand?post=4049"},{"taxonomy":"product_cat","embeddable":true,"href":"https:\/\/kinderwelt.blog\/de\/wp-json\/wp\/v2\/product_cat?post=4049"},{"taxonomy":"product_tag","embeddable":true,"href":"https:\/\/kinderwelt.blog\/de\/wp-json\/wp\/v2\/product_tag?post=4049"}],"curies":[{"name":"wp","href":"https:\/\/api.w.org\/{rel}","templated":true}]}}