{"id":4051,"date":"2025-02-03T12:17:44","date_gmt":"2025-02-03T12:17:44","guid":{"rendered":"https:\/\/kinderwelt.blog\/de\/?post_type=product&#038;p=4051"},"modified":"2025-02-04T09:44:50","modified_gmt":"2025-02-04T09:44:50","slug":"microsd-verlaengerungskabel","status":"publish","type":"product","link":"https:\/\/kinderwelt.blog\/de\/product\/microsd-verlaengerungskabel\/","title":{"rendered":"Micro-SD Verl\u00e4ngerungskabel"},"content":{"rendered":"<ul class=\"a-unordered-list a-vertical a-spacing-mini\">\n<li class=\"a-spacing-mini\"><span class=\"a-list-item\">Sie k\u00f6nnen den TF-Kartensteckplatz von innen nach au\u00dfen erweitern<\/span><\/li>\n<li class=\"a-spacing-mini\"><span class=\"a-list-item\">Verbinden Sie dann die TF-Karte f\u00fcr das Handy und Tablet<\/span><\/li>\n<li class=\"a-spacing-mini\"><span class=\"a-list-item\">Die Speicherkarte ist nicht im Lieferumfang enthalten.<\/span><\/li>\n<li class=\"a-spacing-mini\"><span class=\"a-list-item\">Weiches, flaches FPC-Kabel<\/span><\/li>\n<li class=\"a-spacing-mini\"><span class=\"a-list-item\">L\u00e4nge: ca. 25 cm.<\/span><\/li>\n<\/ul>\n","protected":false},"excerpt":{"rendered":"<p>Sie k\u00f6nnen den TF-Kartensteckplatz von innen nach au\u00dfen erweitern Verbinden Sie dann die TF-Karte f\u00fcr das Handy und Tablet Die Speicherkarte ist nicht im Lieferumfang enthalten. Weiches, flaches FPC-Kabel L\u00e4nge: ca. 25 cm.<\/p>\n","protected":false},"featured_media":4052,"comment_status":"open","ping_status":"closed","template":"","meta":{"inline_featured_image":false},"product_brand":[],"product_cat":[22],"product_tag":[],"class_list":{"0":"post-4051","1":"product","2":"type-product","3":"status-publish","4":"has-post-thumbnail","6":"product_cat-electronics","8":"first","9":"instock","10":"shipping-taxable","11":"product-type-external"},"_links":{"self":[{"href":"https:\/\/kinderwelt.blog\/de\/wp-json\/wp\/v2\/product\/4051","targetHints":{"allow":["GET"]}}],"collection":[{"href":"https:\/\/kinderwelt.blog\/de\/wp-json\/wp\/v2\/product"}],"about":[{"href":"https:\/\/kinderwelt.blog\/de\/wp-json\/wp\/v2\/types\/product"}],"replies":[{"embeddable":true,"href":"https:\/\/kinderwelt.blog\/de\/wp-json\/wp\/v2\/comments?post=4051"}],"wp:featuredmedia":[{"embeddable":true,"href":"https:\/\/kinderwelt.blog\/de\/wp-json\/wp\/v2\/media\/4052"}],"wp:attachment":[{"href":"https:\/\/kinderwelt.blog\/de\/wp-json\/wp\/v2\/media?parent=4051"}],"wp:term":[{"taxonomy":"product_brand","embeddable":true,"href":"https:\/\/kinderwelt.blog\/de\/wp-json\/wp\/v2\/product_brand?post=4051"},{"taxonomy":"product_cat","embeddable":true,"href":"https:\/\/kinderwelt.blog\/de\/wp-json\/wp\/v2\/product_cat?post=4051"},{"taxonomy":"product_tag","embeddable":true,"href":"https:\/\/kinderwelt.blog\/de\/wp-json\/wp\/v2\/product_tag?post=4051"}],"curies":[{"name":"wp","href":"https:\/\/api.w.org\/{rel}","templated":true}]}}