{"id":4056,"date":"2025-02-03T12:18:36","date_gmt":"2025-02-03T12:18:36","guid":{"rendered":"https:\/\/kinderwelt.blog\/de\/?post_type=product&#038;p=4056"},"modified":"2025-02-03T12:18:37","modified_gmt":"2025-02-03T12:18:37","slug":"motivstanzer-rund-38mm","status":"publish","type":"product","link":"https:\/\/kinderwelt.blog\/de\/product\/motivstanzer-rund-38mm\/","title":{"rendered":"Motivstanzer rund 38mm"},"content":{"rendered":"<ul class=\"a-unordered-list a-vertical a-spacing-mini\">\n<li class=\"a-spacing-mini\"><span class=\"a-list-item\">Mit praktischem Auffangbeh\u00e4lter inkl. Sicherheitsabdeckung aus Kunststoff<\/span><\/li>\n<li class=\"a-spacing-mini\"><span class=\"a-list-item\">Einfache &amp; exakte Positionierm\u00f6glichkeiten durch transparente Sicherheitsabdeckung an der Unterseite<\/span><\/li>\n<li class=\"a-spacing-mini\"><span class=\"a-list-item\">Genaues, sauberes stanzen durch gesch\u00e4rften Lochstempel von z.B. Bastelpapier, Wachspapier, Transparentpapier, Tonzeichenpapier, Decoupagepapier, Butterbrotpapier, Geschenkpapier, d\u00fcnnem Tonkarton, Zeichenpapier, Papier-T\u00fcten, Scrapbooking-Papier uvm<\/span><\/li>\n<li class=\"a-spacing-mini\"><span class=\"a-list-item\">Simple Handhabung des Motivlochers durch einfaches nach unten dr\u00fccken des Druckhebels<\/span><\/li>\n<li class=\"a-spacing-mini\"><span class=\"a-list-item\">Unverzichtbare Hilfskraft \u2013 bei der Kartenherstellung, f\u00fcr Scrapbooking, verschiedenste Papierbastelarbeiten und f\u00fcr jegliche Anh\u00e4nger, Streuteile und vieles mehr<\/span><\/li>\n<\/ul>\n","protected":false},"excerpt":{"rendered":"<p>Mit praktischem Auffangbeh\u00e4lter inkl. Sicherheitsabdeckung aus Kunststoff Einfache &amp; exakte Positionierm\u00f6glichkeiten durch transparente Sicherheitsabdeckung an der Unterseite Genaues, sauberes stanzen durch gesch\u00e4rften Lochstempel von z.B. Bastelpapier, Wachspapier, Transparentpapier, Tonzeichenpapier, Decoupagepapier, Butterbrotpapier, Geschenkpapier, d\u00fcnnem Tonkarton, Zeichenpapier, Papier-T\u00fcten, Scrapbooking-Papier uvm Simple Handhabung des Motivlochers durch einfaches nach unten dr\u00fccken des Druckhebels Unverzichtbare Hilfskraft \u2013 bei der Kartenherstellung, [&hellip;]<\/p>\n","protected":false},"featured_media":4055,"comment_status":"open","ping_status":"closed","template":"","meta":{"inline_featured_image":false},"product_brand":[],"product_cat":[22],"product_tag":[],"class_list":{"0":"post-4056","1":"product","2":"type-product","3":"status-publish","4":"has-post-thumbnail","6":"product_cat-electronics","8":"first","9":"instock","10":"shipping-taxable","11":"product-type-external"},"_links":{"self":[{"href":"https:\/\/kinderwelt.blog\/de\/wp-json\/wp\/v2\/product\/4056","targetHints":{"allow":["GET"]}}],"collection":[{"href":"https:\/\/kinderwelt.blog\/de\/wp-json\/wp\/v2\/product"}],"about":[{"href":"https:\/\/kinderwelt.blog\/de\/wp-json\/wp\/v2\/types\/product"}],"replies":[{"embeddable":true,"href":"https:\/\/kinderwelt.blog\/de\/wp-json\/wp\/v2\/comments?post=4056"}],"wp:featuredmedia":[{"embeddable":true,"href":"https:\/\/kinderwelt.blog\/de\/wp-json\/wp\/v2\/media\/4055"}],"wp:attachment":[{"href":"https:\/\/kinderwelt.blog\/de\/wp-json\/wp\/v2\/media?parent=4056"}],"wp:term":[{"taxonomy":"product_brand","embeddable":true,"href":"https:\/\/kinderwelt.blog\/de\/wp-json\/wp\/v2\/product_brand?post=4056"},{"taxonomy":"product_cat","embeddable":true,"href":"https:\/\/kinderwelt.blog\/de\/wp-json\/wp\/v2\/product_cat?post=4056"},{"taxonomy":"product_tag","embeddable":true,"href":"https:\/\/kinderwelt.blog\/de\/wp-json\/wp\/v2\/product_tag?post=4056"}],"curies":[{"name":"wp","href":"https:\/\/api.w.org\/{rel}","templated":true}]}}