{"id":4057,"date":"2025-02-03T12:19:34","date_gmt":"2025-02-03T12:19:34","guid":{"rendered":"https:\/\/kinderwelt.blog\/de\/?post_type=product&#038;p=4057"},"modified":"2025-02-03T12:19:34","modified_gmt":"2025-02-03T12:19:34","slug":"magnet-12x3mm","status":"publish","type":"product","link":"https:\/\/kinderwelt.blog\/de\/product\/magnet-12x3mm\/","title":{"rendered":"Magnet 12x3mm"},"content":{"rendered":"<ul class=\"a-unordered-list a-vertical a-spacing-mini\">\n<li class=\"a-spacing-mini\"><span class=\"a-list-item\">\u3010Neodym Magnete Extra Stark\u3011 Dieser runde Magnet stark besteht aus hochwertigem Neodym-Material, das eine starke Magnetkraft und Haltbarkeit aufweist. Magnete sind klein, nehmen keinen Platz ein und sind sehr stark. Die Packung enth\u00e4lt 60 Neodym-Magnete mit den Ma\u00dfen 12 mm x 3 mm.<\/span><\/li>\n<li class=\"a-spacing-mini\"><span class=\"a-list-item\">\u3010Hochleistungsmagnet\u3011Die Oberfl\u00e4che des Magneten f\u00fcr magnettafel ist dreifach beschichtet (Nickel+Kupfer+Nickel), um den kleinen Magneten vor Korrosion zu sch\u00fctzen und zudem seine Lebensdauer zu verbessern. Kleine Seltenerdmagnete haben eine glatte Oberfl\u00e4che und lassen sich leicht bewegen, ohne Kratzer auf K\u00fchlschr\u00e4nken oder anderen Metalloberfl\u00e4chen zu hinterlassen. Diese starken neodym magnete k\u00f6nnen den verschiedenen Anforderungen Ihrer Projekte gerecht werden. Sie eignen sich wirklich hervorragend als K\u00fchlschrankmagnete, trocken abwischbare Tafelmagnete, Pinnnadelmagnete, Whiteboard-Magnete, Kartenmagnete, Notiz- oder Fotow\u00e4nde oder zum Basteln.<\/span><\/li>\n<li class=\"a-spacing-mini\"><span class=\"a-list-item\">\u3010Langlebiger Magnet\u3011 Der robuste Scheibenmagnet mini magnet besteht aus geb\u00fcrstetem Neusilber-Material, das korrosionsbest\u00e4ndiger und antioxidativer ist. Neodym-Scheibenmagnete haben eine glatte und rostfreie Oberfl\u00e4che und k\u00f6nnen mit Klebstoff auf jeder Oberfl\u00e4che oder direkt auf Metalloberfl\u00e4chen befestigt werden. Au\u00dferdem hinterlassen die kleinen Magnete keine Spuren oder Flecken, wenn sie \u00fcber Metall oder andere Oberfl\u00e4chen bewegt werden.<\/span><\/li>\n<li class=\"a-spacing-mini\"><span class=\"a-list-item\">\u3010Vielseitig einsetzbar\u3011Diese runden Magnete eignen sich perfekt als Whiteboard-Magnete, Rei\u00dfzwecken-Magnete, K\u00fchlschrankmagnete, B\u00fcromagnete, Whiteboard-Magnete, trocken abwischbare Tafelmagnete, Kartenmagnete, Notiz- oder Fotow\u00e4nde, zum Basteln und mehr. Magnete k\u00f6nnen auch an magnetischen T\u00fcren, Pinnw\u00e4nden, K\u00fchlschr\u00e4nken, B\u00fcroschr\u00e4nken, K\u00fcchen, B\u00fcros und anderen Metalloberfl\u00e4chen verwendet werden. Sie k\u00f6nnen Ihrer Kreativit\u00e4t freien Lauf lassen, um diese Mini-Magnete an anderen Orten zu verwenden.<\/span><\/li>\n<li class=\"a-spacing-mini\"><span class=\"a-list-item\">\u3010Professionelle Marke\u3011Wir sind ein professioneller Magnetlieferant und bieten Magnete in verschiedenen Gr\u00f6\u00dfen an. Sollten diese K\u00fchlschrankmagnete nicht Ihren Erwartungen entsprechen, kontaktieren Sie uns bitte und wir werden unser Bestes tun, um Ihnen eine zufriedenstellende L\u00f6sung zu bieten. Hinweis: Kleine Magnete sind kein Spielzeug, bitte von Kindern fernhalten.<\/span><\/li>\n<\/ul>\n","protected":false},"excerpt":{"rendered":"<p>\u3010Neodym Magnete Extra Stark\u3011 Dieser runde Magnet stark besteht aus hochwertigem Neodym-Material, das eine starke Magnetkraft und Haltbarkeit aufweist. Magnete sind klein, nehmen keinen Platz ein und sind sehr stark. Die Packung enth\u00e4lt 60 Neodym-Magnete mit den Ma\u00dfen 12 mm x 3 mm. \u3010Hochleistungsmagnet\u3011Die Oberfl\u00e4che des Magneten f\u00fcr magnettafel ist dreifach beschichtet (Nickel+Kupfer+Nickel), um den [&hellip;]<\/p>\n","protected":false},"featured_media":4053,"comment_status":"open","ping_status":"closed","template":"","meta":{"inline_featured_image":false},"product_brand":[],"product_cat":[22],"product_tag":[],"class_list":{"0":"post-4057","1":"product","2":"type-product","3":"status-publish","4":"has-post-thumbnail","6":"product_cat-electronics","8":"first","9":"instock","10":"shipping-taxable","11":"product-type-external"},"_links":{"self":[{"href":"https:\/\/kinderwelt.blog\/de\/wp-json\/wp\/v2\/product\/4057","targetHints":{"allow":["GET"]}}],"collection":[{"href":"https:\/\/kinderwelt.blog\/de\/wp-json\/wp\/v2\/product"}],"about":[{"href":"https:\/\/kinderwelt.blog\/de\/wp-json\/wp\/v2\/types\/product"}],"replies":[{"embeddable":true,"href":"https:\/\/kinderwelt.blog\/de\/wp-json\/wp\/v2\/comments?post=4057"}],"wp:featuredmedia":[{"embeddable":true,"href":"https:\/\/kinderwelt.blog\/de\/wp-json\/wp\/v2\/media\/4053"}],"wp:attachment":[{"href":"https:\/\/kinderwelt.blog\/de\/wp-json\/wp\/v2\/media?parent=4057"}],"wp:term":[{"taxonomy":"product_brand","embeddable":true,"href":"https:\/\/kinderwelt.blog\/de\/wp-json\/wp\/v2\/product_brand?post=4057"},{"taxonomy":"product_cat","embeddable":true,"href":"https:\/\/kinderwelt.blog\/de\/wp-json\/wp\/v2\/product_cat?post=4057"},{"taxonomy":"product_tag","embeddable":true,"href":"https:\/\/kinderwelt.blog\/de\/wp-json\/wp\/v2\/product_tag?post=4057"}],"curies":[{"name":"wp","href":"https:\/\/api.w.org\/{rel}","templated":true}]}}