{"id":4136,"date":"2025-02-04T12:03:58","date_gmt":"2025-02-04T12:03:58","guid":{"rendered":"https:\/\/kinderwelt.blog\/de\/?post_type=product&#038;p=4136"},"modified":"2025-02-04T12:03:58","modified_gmt":"2025-02-04T12:03:58","slug":"micro-sd-karte-1-tb","status":"publish","type":"product","link":"https:\/\/kinderwelt.blog\/de\/product\/micro-sd-karte-1-tb\/","title":{"rendered":"Micro SD Karte 1 TB"},"content":{"rendered":"<ul class=\"a-unordered-list a-vertical a-spacing-mini\">\n<li class=\"a-spacing-mini\"><span class=\"a-list-item\">BREITE KOMPATIBILIT\u00c4T: Kompatibel mit Smartphones, Tablets, Kameras, GoPro-\/Action-Kameras, Laptops, Desktop-Computern, Spiegelreflexkameras, Drohnen, Nintendo Switch\/anderen tragbaren Konsolen und vielem mehr ; mit SD-Adapter<\/span><\/li>\n<li class=\"a-spacing-mini\"><span class=\"a-list-item\">HOCHWERTIGES SPEICHERN: Perfekt f\u00fcr hochaufl\u00f6sende Fotos, zur Aufnahme und zum Speichern von Full HD-\/4K-Videos und allen anderen Dateiformaten<\/span><\/li>\n<li class=\"a-spacing-mini\"><span class=\"a-list-item\">ULTRA-SCHNELL: Lesegeschwindigkeit von bis zu 100MB\/s; Schreibgeschwindigkeit von bis zu 80MB\/s (variiert je nach Speichergr\u00f6\u00dfe); Geschwindigkeitsklassen UHS, U3, Klasse 10 und A2 f\u00fcr ein optimales Smartphone-Erlebnis<\/span><\/li>\n<li class=\"a-spacing-mini\"><span class=\"a-list-item\">DAUERHAFTE ZUVERL\u00c4SSIGKEIT: Sto\u00dffest, IPX6-wasserfest, temperaturbest\u00e4ndig (-10\u00b0 bis 80\u00b0 C), R\u00f6ntgenstrahlen- und magnetsicher<\/span><\/li>\n<li class=\"a-spacing-mini\"><span class=\"a-list-item\">Die tats\u00e4chliche Speicherkapazit\u00e4t, die vom Betriebssystem Ihres Ger\u00e4ts angezeigt wird, kann aufgrund unterschiedlicher Messstandards geringer Ihr als die Kapazit\u00e4t, die auf dem Produktetikett angegeben ist; Die verf\u00fcgbare Speicherkapazit\u00e4t betr\u00e4gt mehr als 908 GB<\/span><\/li>\n<li class=\"a-spacing-mini\"><span class=\"a-list-item\">Die Lese- und Schreibgeschwindigkeiten basieren auf internen Tests, die unter kontrollierten Bedingungen durchgef\u00fchrt wurden; Die tats\u00e4chlichen Geschwindigkeiten k\u00f6nnen je nach genutztem Ger\u00e4t, Schnittstelle, Nutzungsbedingungen und anderen Faktoren variieren<\/span><\/li>\n<li class=\"a-spacing-mini\"><span class=\"a-list-item\">\u00dcberpr\u00fcfen Sie, ob Ihr Ger\u00e4t mit der Kapazit\u00e4t der MicroSD-Karte kompatibel ist; Sollte das Ger\u00e4t beispielsweise nur eine maximale Kapazit\u00e4t von 64 GB unterst\u00fctzen, erkennt es MicroSD-Karten mit 128 GB oder mehr eventuell nicht<\/span><\/li>\n<\/ul>\n","protected":false},"excerpt":{"rendered":"<p>BREITE KOMPATIBILIT\u00c4T: Kompatibel mit Smartphones, Tablets, Kameras, GoPro-\/Action-Kameras, Laptops, Desktop-Computern, Spiegelreflexkameras, Drohnen, Nintendo Switch\/anderen tragbaren Konsolen und vielem mehr ; mit SD-Adapter HOCHWERTIGES SPEICHERN: Perfekt f\u00fcr hochaufl\u00f6sende Fotos, zur Aufnahme und zum Speichern von Full HD-\/4K-Videos und allen anderen Dateiformaten ULTRA-SCHNELL: Lesegeschwindigkeit von bis zu 100MB\/s; Schreibgeschwindigkeit von bis zu 80MB\/s (variiert je nach Speichergr\u00f6\u00dfe); [&hellip;]<\/p>\n","protected":false},"featured_media":4137,"comment_status":"open","ping_status":"closed","template":"","meta":{"inline_featured_image":false},"product_brand":[],"product_cat":[22],"product_tag":[],"class_list":{"0":"post-4136","1":"product","2":"type-product","3":"status-publish","4":"has-post-thumbnail","6":"product_cat-electronics","8":"first","9":"instock","10":"shipping-taxable","11":"product-type-external"},"_links":{"self":[{"href":"https:\/\/kinderwelt.blog\/de\/wp-json\/wp\/v2\/product\/4136","targetHints":{"allow":["GET"]}}],"collection":[{"href":"https:\/\/kinderwelt.blog\/de\/wp-json\/wp\/v2\/product"}],"about":[{"href":"https:\/\/kinderwelt.blog\/de\/wp-json\/wp\/v2\/types\/product"}],"replies":[{"embeddable":true,"href":"https:\/\/kinderwelt.blog\/de\/wp-json\/wp\/v2\/comments?post=4136"}],"wp:featuredmedia":[{"embeddable":true,"href":"https:\/\/kinderwelt.blog\/de\/wp-json\/wp\/v2\/media\/4137"}],"wp:attachment":[{"href":"https:\/\/kinderwelt.blog\/de\/wp-json\/wp\/v2\/media?parent=4136"}],"wp:term":[{"taxonomy":"product_brand","embeddable":true,"href":"https:\/\/kinderwelt.blog\/de\/wp-json\/wp\/v2\/product_brand?post=4136"},{"taxonomy":"product_cat","embeddable":true,"href":"https:\/\/kinderwelt.blog\/de\/wp-json\/wp\/v2\/product_cat?post=4136"},{"taxonomy":"product_tag","embeddable":true,"href":"https:\/\/kinderwelt.blog\/de\/wp-json\/wp\/v2\/product_tag?post=4136"}],"curies":[{"name":"wp","href":"https:\/\/api.w.org\/{rel}","templated":true}]}}