{"id":4308,"date":"2025-02-12T07:31:26","date_gmt":"2025-02-12T07:31:26","guid":{"rendered":"https:\/\/kinderwelt.blog\/de\/?post_type=product&#038;p=4308"},"modified":"2025-02-13T05:56:06","modified_gmt":"2025-02-13T05:56:06","slug":"highwaykick-1-push-and-go","status":"publish","type":"product","link":"https:\/\/kinderwelt.blog\/de\/product\/highwaykick-1-push-and-go\/","title":{"rendered":"Scoot &#038; Ride Highwaykick 1 Push and Go"},"content":{"rendered":"<ul>\n<li style=\"text-align: left;\">2 in 1 Kinderkickboard-Laufrad schnelle Verwandlung ganz ohne Werkzeug<\/li>\n<li style=\"text-align: left;\">Komfortabler und gro\u00dfer Sitz f\u00fcr sicheren Halt<\/li>\n<li style=\"text-align: left;\">Der Highwaykick 1 iPush &amp; Go ist der ideale Begleiter f\u00fcr Kinder von 1 bis 5 Jahren<\/li>\n<li style=\"text-align: left;\">Hergestellt aus hochwertigen Materialien<\/li>\n<\/ul>\n","protected":false},"excerpt":{"rendered":"<p>2 in 1 Kinderkickboard-Laufrad schnelle Verwandlung ganz ohne Werkzeug Komfortabler und gro\u00dfer Sitz f\u00fcr sicheren Halt Der Highwaykick 1 iPush &amp; Go ist der ideale Begleiter f\u00fcr Kinder von 1 bis 5 Jahren Hergestellt aus hochwertigen Materialien<\/p>\n","protected":false},"featured_media":4309,"comment_status":"open","ping_status":"closed","template":"","meta":{"inline_featured_image":false},"product_brand":[],"product_cat":[38],"product_tag":[],"class_list":{"0":"post-4308","1":"product","2":"type-product","3":"status-publish","4":"has-post-thumbnail","6":"product_cat-play","8":"first","9":"instock","10":"shipping-taxable","11":"product-type-external"},"_links":{"self":[{"href":"https:\/\/kinderwelt.blog\/de\/wp-json\/wp\/v2\/product\/4308","targetHints":{"allow":["GET"]}}],"collection":[{"href":"https:\/\/kinderwelt.blog\/de\/wp-json\/wp\/v2\/product"}],"about":[{"href":"https:\/\/kinderwelt.blog\/de\/wp-json\/wp\/v2\/types\/product"}],"replies":[{"embeddable":true,"href":"https:\/\/kinderwelt.blog\/de\/wp-json\/wp\/v2\/comments?post=4308"}],"wp:featuredmedia":[{"embeddable":true,"href":"https:\/\/kinderwelt.blog\/de\/wp-json\/wp\/v2\/media\/4309"}],"wp:attachment":[{"href":"https:\/\/kinderwelt.blog\/de\/wp-json\/wp\/v2\/media?parent=4308"}],"wp:term":[{"taxonomy":"product_brand","embeddable":true,"href":"https:\/\/kinderwelt.blog\/de\/wp-json\/wp\/v2\/product_brand?post=4308"},{"taxonomy":"product_cat","embeddable":true,"href":"https:\/\/kinderwelt.blog\/de\/wp-json\/wp\/v2\/product_cat?post=4308"},{"taxonomy":"product_tag","embeddable":true,"href":"https:\/\/kinderwelt.blog\/de\/wp-json\/wp\/v2\/product_tag?post=4308"}],"curies":[{"name":"wp","href":"https:\/\/api.w.org\/{rel}","templated":true}]}}