{"id":4364,"date":"2025-02-12T11:32:34","date_gmt":"2025-02-12T11:32:34","guid":{"rendered":"https:\/\/kinderwelt.blog\/de\/?post_type=product&#038;p=4364"},"modified":"2025-02-13T06:13:26","modified_gmt":"2025-02-13T06:13:26","slug":"leuchtende-scooter-raeder-2-paar-led-scooter-rollen-raeder-80mm120mm","status":"publish","type":"product","link":"https:\/\/kinderwelt.blog\/de\/product\/leuchtende-scooter-raeder-2-paar-led-scooter-rollen-raeder-80mm120mm\/","title":{"rendered":"Leuchtende Scooter R\u00e4der, 2 Paar LED Scooter Rollen R\u00e4der, 80mm,120mm"},"content":{"rendered":"<ul class=\"a-unordered-list a-vertical a-spacing-mini\">\n<li class=\"a-spacing-mini\"><span class=\"a-list-item\">Paketinhalt : Sie erhalten 2 St\u00fcck 80-mm-LLeuchtende Scooter R\u00e4der und 2 St\u00fcck 120-mm-LLeuchtende Scooter R\u00e4der . Geben Sie Ihrem Scooter Style und Leistung mit unseren leuchtenden R\u00e4dern! Perfekt f\u00fcr Vorder- und Hinterr\u00e4der, 80 mm +120 mm Durchmesser und 24 mm Breite. Erleben Sie Rollerfahrerlebnis mit Stil!<\/span><\/li>\n<li class=\"a-spacing-mini\"><span class=\"a-list-item\">Hochwertige Materialien : Unsere Leuchtende Scooter R\u00e4der bestehen aus starkem, langlebigem PU au\u00dfen, innerer Polyurethan-Schnalle PP f\u00fcr exzellente Elastizit\u00e4t. Nicht nur robust, sondern auch cool im Aussehen!<\/span><\/li>\n<li class=\"a-spacing-mini\"><span class=\"a-list-item\">M\u00fchelose Montage : Leuchtende Scooter R\u00e4der, perfekte Kompatibilit\u00e4t! Unsere R\u00e4der passen ideal zu professionellen Rollern. Ersetzen Sie alte, abgenutzte R\u00e4der und Lager f\u00fcr eine geschmeidige Fahrt &#8211; eine clevere Entscheidung f\u00fcr Fahrkomfort und Stil!<\/span><\/li>\n<li class=\"a-spacing-mini\"><span class=\"a-list-item\">Keine Batterien erforderlich : Unsere Scooter-Rollen nutzen Magnetismus, generieren beim Rollen Strom und erzeugen dabei lebendige, superhelle LED-Lichter. Attraktiv und umweltfreundlich &#8211; erlebe eine Fahrt voller Rollerfahrerlebnis!<\/span><\/li>\n<li class=\"a-spacing-mini\"><span class=\"a-list-item\">Ideale Ersatzr\u00e4der : Unsere Leuchtende Scooter R\u00e4der sind der ideale Ersatz f\u00fcr verschiedene Roller, darunter Kick-Scooter, Pro-Scooter und viele andere Freestyle-Scooter. Jetzt upgraden f\u00fcr das beste Rollerfahrerlebnis!<\/span><\/li>\n<\/ul>\n","protected":false},"excerpt":{"rendered":"<p>Paketinhalt : Sie erhalten 2 St\u00fcck 80-mm-LLeuchtende Scooter R\u00e4der und 2 St\u00fcck 120-mm-LLeuchtende Scooter R\u00e4der . Geben Sie Ihrem Scooter Style und Leistung mit unseren leuchtenden R\u00e4dern! Perfekt f\u00fcr Vorder- und Hinterr\u00e4der, 80 mm +120 mm Durchmesser und 24 mm Breite. Erleben Sie Rollerfahrerlebnis mit Stil! Hochwertige Materialien : Unsere Leuchtende Scooter R\u00e4der bestehen aus [&hellip;]<\/p>\n","protected":false},"featured_media":4407,"comment_status":"open","ping_status":"closed","template":"","meta":{"inline_featured_image":false},"product_brand":[],"product_cat":[38],"product_tag":[],"class_list":{"0":"post-4364","1":"product","2":"type-product","3":"status-publish","4":"has-post-thumbnail","6":"product_cat-play","8":"first","9":"instock","10":"shipping-taxable","11":"product-type-external"},"_links":{"self":[{"href":"https:\/\/kinderwelt.blog\/de\/wp-json\/wp\/v2\/product\/4364","targetHints":{"allow":["GET"]}}],"collection":[{"href":"https:\/\/kinderwelt.blog\/de\/wp-json\/wp\/v2\/product"}],"about":[{"href":"https:\/\/kinderwelt.blog\/de\/wp-json\/wp\/v2\/types\/product"}],"replies":[{"embeddable":true,"href":"https:\/\/kinderwelt.blog\/de\/wp-json\/wp\/v2\/comments?post=4364"}],"wp:featuredmedia":[{"embeddable":true,"href":"https:\/\/kinderwelt.blog\/de\/wp-json\/wp\/v2\/media\/4407"}],"wp:attachment":[{"href":"https:\/\/kinderwelt.blog\/de\/wp-json\/wp\/v2\/media?parent=4364"}],"wp:term":[{"taxonomy":"product_brand","embeddable":true,"href":"https:\/\/kinderwelt.blog\/de\/wp-json\/wp\/v2\/product_brand?post=4364"},{"taxonomy":"product_cat","embeddable":true,"href":"https:\/\/kinderwelt.blog\/de\/wp-json\/wp\/v2\/product_cat?post=4364"},{"taxonomy":"product_tag","embeddable":true,"href":"https:\/\/kinderwelt.blog\/de\/wp-json\/wp\/v2\/product_tag?post=4364"}],"curies":[{"name":"wp","href":"https:\/\/api.w.org\/{rel}","templated":true}]}}