{"id":4395,"date":"2025-02-13T05:52:06","date_gmt":"2025-02-13T05:52:06","guid":{"rendered":"https:\/\/kinderwelt.blog\/de\/?post_type=product&#038;p=4395"},"modified":"2025-02-13T05:54:47","modified_gmt":"2025-02-13T05:54:47","slug":"scoot-and-ride-helm-groesse-s-und-m","status":"publish","type":"product","link":"https:\/\/kinderwelt.blog\/de\/product\/scoot-and-ride-helm-groesse-s-und-m\/","title":{"rendered":"Scoot and Ride Helm Gr\u00f6\u00dfe S und M"},"content":{"rendered":"<ul class=\"a-unordered-list a-vertical a-spacing-mini\">\n<li class=\"a-spacing-mini\"><span class=\"a-list-item\">Der S Helm von Scoot &amp; Ride wurde speziell f\u00fcr Kinder entwickelt und bietet mit seiner Polycarbonatschale mit schockabsorbierendem Kern h\u00f6chsten Schutz und Sicherheit<\/span><\/li>\n<li class=\"a-spacing-mini\"><span class=\"a-list-item\">Mit dem Gr\u00f6\u00dfeneinstellrad auf der R\u00fcckseite und dem verstellbaren Magnet-Sicherheitsverschluss sorgt er f\u00fcr eine perfekte Passform<\/span><\/li>\n<li class=\"a-spacing-mini\"><span class=\"a-list-item\">Das LED-Licht auf der R\u00fcckseite bietet zus\u00e4tzliche Sicherheit bei D\u00e4mmerung und in der dunklen Jahreszeit.<\/span><\/li>\n<li class=\"a-spacing-mini\"><span class=\"a-list-item\">Damit Dein Schatz bei seinem actionreichen Fahrspa\u00df nicht ins Schwitzen kommt, verf\u00fcgt der Kinder-Fahrradhelm \u00fcber insgesamt 11 L\u00fcftungsl\u00f6cher.<\/span><\/li>\n<li class=\"a-spacing-mini\"><span class=\"a-list-item\">Auch die atmungsaktiven Polsterungen und der weiche Kinnschutz sorgen f\u00fcr einzigartigen Tragekomfort.<\/span><\/li>\n<\/ul>\n","protected":false},"excerpt":{"rendered":"<p>Der S Helm von Scoot &amp; Ride wurde speziell f\u00fcr Kinder entwickelt und bietet mit seiner Polycarbonatschale mit schockabsorbierendem Kern h\u00f6chsten Schutz und Sicherheit Mit dem Gr\u00f6\u00dfeneinstellrad auf der R\u00fcckseite und dem verstellbaren Magnet-Sicherheitsverschluss sorgt er f\u00fcr eine perfekte Passform Das LED-Licht auf der R\u00fcckseite bietet zus\u00e4tzliche Sicherheit bei D\u00e4mmerung und in der dunklen Jahreszeit. [&hellip;]<\/p>\n","protected":false},"featured_media":4399,"comment_status":"open","ping_status":"closed","template":"","meta":{"inline_featured_image":false},"product_brand":[],"product_cat":[38],"product_tag":[],"class_list":{"0":"post-4395","1":"product","2":"type-product","3":"status-publish","4":"has-post-thumbnail","6":"product_cat-play","8":"first","9":"instock","10":"shipping-taxable","11":"product-type-external"},"_links":{"self":[{"href":"https:\/\/kinderwelt.blog\/de\/wp-json\/wp\/v2\/product\/4395","targetHints":{"allow":["GET"]}}],"collection":[{"href":"https:\/\/kinderwelt.blog\/de\/wp-json\/wp\/v2\/product"}],"about":[{"href":"https:\/\/kinderwelt.blog\/de\/wp-json\/wp\/v2\/types\/product"}],"replies":[{"embeddable":true,"href":"https:\/\/kinderwelt.blog\/de\/wp-json\/wp\/v2\/comments?post=4395"}],"wp:featuredmedia":[{"embeddable":true,"href":"https:\/\/kinderwelt.blog\/de\/wp-json\/wp\/v2\/media\/4399"}],"wp:attachment":[{"href":"https:\/\/kinderwelt.blog\/de\/wp-json\/wp\/v2\/media?parent=4395"}],"wp:term":[{"taxonomy":"product_brand","embeddable":true,"href":"https:\/\/kinderwelt.blog\/de\/wp-json\/wp\/v2\/product_brand?post=4395"},{"taxonomy":"product_cat","embeddable":true,"href":"https:\/\/kinderwelt.blog\/de\/wp-json\/wp\/v2\/product_cat?post=4395"},{"taxonomy":"product_tag","embeddable":true,"href":"https:\/\/kinderwelt.blog\/de\/wp-json\/wp\/v2\/product_tag?post=4395"}],"curies":[{"name":"wp","href":"https:\/\/api.w.org\/{rel}","templated":true}]}}