{"id":451,"date":"2023-06-28T21:27:34","date_gmt":"2023-06-28T21:27:34","guid":{"rendered":"https:\/\/doubletrouble.blog\/de\/?post_type=product&#038;p=451"},"modified":"2023-07-05T18:35:23","modified_gmt":"2023-07-05T18:35:23","slug":"moskitonetz-fuer-kinderwagen","status":"publish","type":"product","link":"https:\/\/kinderwelt.blog\/de\/product\/moskitonetz-fuer-kinderwagen\/","title":{"rendered":"Moskitonetz f\u00fcr Kinderwagen"},"content":{"rendered":"<ul>\n<li>Sicher durch den Sommer &#8211; Das Insektennetz sch\u00fctzt Ihr Baby zuverl\u00e4ssig vor M\u00fccken, Bienen, Wespen, Fliegen, Zecken und Co. und macht jeden Ausflug zu einem stechfreien Erlebnis<\/li>\n<li>Universal- Das Hauck Moskitonetz ist nicht nur F\u00fcrBabyliegeschalen geeignet, sondern auch F\u00fcrden Kinderwagen, den Buggy oder sogar F\u00fcr das Reisebett<\/li>\n<li>Elastischer Bund &#8211; Dank Gummizug passt sich dieses Praktische Insketennetz optimal an die Form der Babyschale, des Kinderwagens oder des Bettes an<\/li>\n<li>Netzstoff &#8211; Der feinmaschige Netzstoff ist rei\u00dffest, bietet optimale Luftzirkulation und verhindert, dass selbst kleine Insekten durchschl\u00fcpfen<\/li>\n<li>Praktisch &#8211; Das Insektennetz l\u00e4sst sich klein zusammenfalten und bei 30\u00b0 C waschen. So bleibt es lang erhalten und kann \u00fcberall mit hingenommen werden<\/li>\n<\/ul>\n","protected":false},"excerpt":{"rendered":"<p>Sicher durch den Sommer &#8211; Das Insektennetz sch\u00fctzt Ihr Baby zuverl\u00e4ssig vor M\u00fccken, Bienen, Wespen, Fliegen, Zecken und Co. und macht jeden Ausflug zu einem stechfreien Erlebnis Universal- Das Hauck Moskitonetz ist nicht nur F\u00fcrBabyliegeschalen geeignet, sondern auch F\u00fcrden Kinderwagen, den Buggy oder sogar F\u00fcr das Reisebett Elastischer Bund &#8211; Dank Gummizug passt sich dieses [&hellip;]<\/p>\n","protected":false},"featured_media":455,"comment_status":"open","ping_status":"closed","template":"","meta":{"inline_featured_image":false},"product_brand":[],"product_cat":[33],"product_tag":[],"class_list":{"0":"post-451","1":"product","2":"type-product","3":"status-publish","4":"has-post-thumbnail","6":"product_cat-stroller","8":"first","9":"instock","10":"shipping-taxable","11":"product-type-external"},"_links":{"self":[{"href":"https:\/\/kinderwelt.blog\/de\/wp-json\/wp\/v2\/product\/451","targetHints":{"allow":["GET"]}}],"collection":[{"href":"https:\/\/kinderwelt.blog\/de\/wp-json\/wp\/v2\/product"}],"about":[{"href":"https:\/\/kinderwelt.blog\/de\/wp-json\/wp\/v2\/types\/product"}],"replies":[{"embeddable":true,"href":"https:\/\/kinderwelt.blog\/de\/wp-json\/wp\/v2\/comments?post=451"}],"wp:featuredmedia":[{"embeddable":true,"href":"https:\/\/kinderwelt.blog\/de\/wp-json\/wp\/v2\/media\/455"}],"wp:attachment":[{"href":"https:\/\/kinderwelt.blog\/de\/wp-json\/wp\/v2\/media?parent=451"}],"wp:term":[{"taxonomy":"product_brand","embeddable":true,"href":"https:\/\/kinderwelt.blog\/de\/wp-json\/wp\/v2\/product_brand?post=451"},{"taxonomy":"product_cat","embeddable":true,"href":"https:\/\/kinderwelt.blog\/de\/wp-json\/wp\/v2\/product_cat?post=451"},{"taxonomy":"product_tag","embeddable":true,"href":"https:\/\/kinderwelt.blog\/de\/wp-json\/wp\/v2\/product_tag?post=451"}],"curies":[{"name":"wp","href":"https:\/\/api.w.org\/{rel}","templated":true}]}}